{"id":13067,"date":"2015-12-15T07:37:33","date_gmt":"2015-12-15T07:37:33","guid":{"rendered":"https:\/\/portableboringmachine.com\/hakkimizda\/"},"modified":"2023-07-21T12:29:55","modified_gmt":"2023-07-21T12:29:55","slug":"hakkimizda","status":"publish","type":"page","link":"https:\/\/portableboringmachine.com\/tr\/hakkimizda\/","title":{"rendered":"Hakk\u0131m\u0131zda"},"content":{"rendered":"<section class=\"wpb-content-wrapper\"><p>[vc_row css=&#8221;.vc_custom_1451991003825{margin-bottom: 100px !important;}&#8221;][vc_column offset=&#8221;vc_col-lg-9 vc_col-md-9&#8243;][vc_single_image image=&#8221;3645&#8243; img_size=&#8221;full&#8221;][vc_column_text css=&#8221;.vc_custom_1689675873635{margin-top: 40px !important;}&#8221;]<\/p>\n<h1><strong>Hat Delme ve Kaynak Makinalar\u0131<\/strong><\/h1>\n<p><em><strong>\u015eirket Genel Bak\u0131\u015f\u0131<\/strong><\/em><\/p>\n<p>LINEBORTECH Makina portatif <a href=\"https:\/\/allame.net\/\"><em><strong><u>hat delme ve kaynak makinalar\u0131<\/u><\/strong><\/em><\/a> alan\u0131nda d\u00fcnyan\u0131n en \u00f6nemli liderlerinden biridir.<br \/>\n20 y\u0131l\u0131 a\u015fk\u0131n tecr\u00fcbesi ile firmam\u0131z; t\u00fcm \u00fcr\u00fcnlerde memnuniyet ve ba\u015far\u0131y\u0131 garanti eder.<br \/>\nAllame Uzmanlar\u0131 sadece hat delme makinelerinde de\u011fil, MIG\/MAG kaynak, elektronik otomasyon ve motor kontrol sistemlerinde de yer almaktad\u0131r.<br \/>\nDi\u011fer makine \u00fcreticilerinin \u00e7o\u011funun tek fonksiyonlu makineler \u00fcretti\u011fini g\u00f6z \u00f6n\u00fcnde bulunduran firmam\u0131z, sekt\u00f6r kullan\u0131c\u0131lar\u0131na ak\u0131ll\u0131 otomasyona sahip \u00e7ok fonksiyonlu makineler sunmaktad\u0131r.<br \/>\n20 y\u0131l\u0131 a\u015fk\u0131n bir s\u00fcredir ilgili sekt\u00f6rlerdeki \u00e7al\u0131\u015fmalar\u0131m\u0131z, bize sanayi \u00e7evrelerinin kar\u015f\u0131la\u015ft\u0131\u011f\u0131 sorular\u0131 yan\u0131tlama \u015fans\u0131 veriyor.<br \/>\nMakinelerimizi deneyimledi\u011fimizde farkl\u0131 sekt\u00f6rlerden bir\u00e7ok profesyonelin tercihlerini de\u011fi\u015ftirdi\u011fini g\u00f6rmekten gurur duyuyoruz.<\/p>\n<p><strong><em>Hat delme ve kaynak makinelerini<\/em><\/strong> kullanman\u0131n avantajlar\u0131 \u015funlard\u0131r:<br \/>\n\u2022 <strong>B\u00fcy\u00fck yat\u0131r\u0131m:<\/strong><br \/>\n\u0130n\u015faat i\u015flerinde o kadar \u00e7ok makine ve ekipman kullan\u0131lmaktad\u0131r ki. Bu makine ve ekipmanlar\u0131n maliyeti olduk\u00e7a y\u00fcksektir. Bu delme makinelerinin maliyetleri \u00e7ok y\u00fcksek de\u011fildir, bu nedenle paran\u0131z\u0131 kolayca ona yat\u0131rabilirsiniz. Uzun \u00f6m\u00fcrl\u00fcd\u00fcr, b\u00f6ylece paran\u0131z\u0131 oraya yat\u0131rabilirsiniz. Paran\u0131z\u0131 bu makineye yat\u0131r\u0131rsan\u0131z, b\u00fcy\u00fck miktarda kar elde edebilirsiniz.<br \/>\n\u2022 <strong>Dayan\u0131kl\u0131:<\/strong><br \/>\nBu makine dayan\u0131kl\u0131d\u0131r, bu nedenle kolayca kullanabilirsiniz. Y\u00fcksek kaliteli malzemeden \u00fcretilmi\u015ftir. T\u00fcm malzemeler \u00fcretilmeden \u00f6nce pek \u00e7ok testten ge\u00e7mek zorundad\u0131r. Bu makinenin kullan\u0131m\u0131 \u00e7ok kolayd\u0131r, bu nedenle onu kullanmak i\u00e7in herhangi bir \u00f6zel bilgiye ihtiyac\u0131n\u0131z yoktur.<br \/>\n\u2022 <strong>Daha h\u0131zl\u0131:<\/strong><br \/>\nDi\u011fer makinelere g\u00f6re \u00e7ok daha h\u0131zl\u0131d\u0131r. Herhangi bir teknik deneyime sahip olmadan kullanabilirsiniz.<\/p>\n<p>Daha fazla bilgi i\u00e7in bizimle <a href=\"https:\/\/portableboringmachine.com\/tr\/temas-etmek\/\">ileti\u015fime ge\u00e7in<\/a> ![\/vc_column_text][vc_column_text css=&#8221;.vc_custom_1637746562676{margin-bottom: 34px !important;}&#8221;]<\/p>\n<blockquote><p>M\u00fc\u015fterilerimizin bize duyduklar\u0131 g\u00fcven sayesinde LINEBORTECH Portatif Hat Delme Makinas\u0131 \u015firketimiz her ge\u00e7en g\u00fcn b\u00fcy\u00fcmeye devam etmektedir.<\/p><\/blockquote>\n<p>[\/vc_column_text][vc_row_inner][vc_column_inner width=&#8221;1\/2&#8243;][vc_custom_heading text=&#8221;G\u00f6revimiz&#8221; font_container=&#8221;tag:h4|text_align:left|color:%23222222&#8243; use_theme_fonts=&#8221;yes&#8221; css=&#8221;.vc_custom_1453471528699{margin-bottom: 15px !important;}&#8221; el_class=&#8221;no_stripe&#8221;][vc_column_text]Ta\u015f\u0131nabilir Hat Delme ve Kaynak Makinesi size \u015funlar\u0131 sunar:<\/p>\n<ul>\n<li>Daha az saat \u00e7al\u0131\u015f\u0131n ve daha fazla para kazan\u0131n.<\/li>\n<li>\u0130yi kalitede ve daha az maa\u015fla iyi ekipman yap\u0131n.<\/li>\n<li>Zaman\u0131n\u0131z\u0131 y\u00f6netin, b\u00f6ylece daha az zamanda daha fazla i\u015f yapabilirsiniz.<\/li>\n<li>Hat Delme ve Kaynak ihtiya\u00e7lar\u0131n\u0131z\u0131 kar\u015f\u0131lar.<\/li>\n<li>Kaliteden \u00f6d\u00fcn vermeden maliyetleri d\u00fc\u015f\u00fcrerek kazanc\u0131n\u0131z\u0131 art\u0131r\u0131n.<\/li>\n<\/ul>\n<p>[\/vc_column_text][\/vc_column_inner][vc_column_inner width=&#8221;1\/2&#8243;][vc_video link=&#8221;https:\/\/www.youtube.com\/embed\/OUcs_4yI6Vw&#8221; el_aspect=&#8221;43&#8243;][\/vc_column_inner][\/vc_row_inner][vc_separator][vc_column_text]<img decoding=\"async\" class=\"wp-image-3682 size-full alignright lazyload\" data-src=\"https:\/\/portableboringmachine.com\/wp-content\/uploads\/2021\/11\/Linebortech-About-Us.jpg\" alt=\"Linebortech Hakk\u0131m\u0131zda\" width=\"300\" height=\"225\" src=\"data:image\/svg+xml;base64,PHN2ZyB3aWR0aD0iMSIgaGVpZ2h0PSIxIiB4bWxucz0iaHR0cDovL3d3dy53My5vcmcvMjAwMC9zdmciPjwvc3ZnPg==\" style=\"--smush-placeholder-width: 300px; --smush-placeholder-aspect-ratio: 300\/225;\"><em>Hat Delme ve Kaynak Makinalar\u0131n\u0131n<\/em> kullan\u0131ld\u0131\u011f\u0131 sekt\u00f6r\u00fc tan\u0131mak<br \/>\n\u2022 Tar\u0131m i\u015fletmesi bu ara\u00e7larda bir te\u015fvik ke\u015ffeder. Bu end\u00fcstride trakt\u00f6rler, y\u00fckleyiciler ve toplay\u0131c\u0131lar gibi farkl\u0131 makinelerde kullan\u0131lmaktad\u0131rlar. Ayr\u0131ca trakt\u00f6r ba\u011flant\u0131lar\u0131nda, suyla \u00e7al\u0131\u015fan a\u011fa\u00e7 ay\u0131r\u0131c\u0131larda ve daha sonra baz\u0131lar\u0131nda kullan\u0131l\u0131rlar.<br \/>\n\u2022 Bu segmenti aparatlar\u0131 i\u00e7in kullanan bir ba\u015fka sekt\u00f6r de nazik in\u015faatt\u0131r. Ekskavat\u00f6rler, buldozerler, kanal kaz\u0131c\u0131lar ve bunlar\u0131n ba\u011flant\u0131lar\u0131n\u0131n t\u00fcm\u00fc su ile \u00e7al\u0131\u015fan varillere sahiptir. Canl\u0131l\u0131k i\u015fi, bu par\u00e7alar\u0131n kullan\u0131m\u0131n\u0131 da ke\u015ffetti.<br \/>\n\u2022 Giri\u015f yolu kontroll\u00fc olarak gelen hat delme makinelerinde su tahrikli kovanlar kullan\u0131l\u0131r. Bu variller, kontrol su ak\u0131\u015f\u0131n\u0131n \u00f6n\u00fcn\u00fc a\u00e7may\u0131 m\u00fcmk\u00fcn k\u0131lar.<\/p>\n<p><a href=\"https:\/\/portableboringmachine.com\/line-boring-machines\/\"><strong><em>Hat Delme ve Kaynak Makinalar\u0131<\/em><\/strong><\/a>[\/vc_column_text][vc_video link=&#8221;https:\/\/www.youtube.com\/embed\/kERdKtExTUQ&#8221;][\/vc_column][vc_column width=&#8221;1\/4&#8243;][stm_sidebar sidebar=&#8221;619&#8243;][\/vc_column][\/vc_row][vc_row full_width=&#8221;stretch_row&#8221; el_class=&#8221;third_bg_color&#8221; css=&#8221;.vc_custom_1451889219674{margin-bottom: -60px !important;}&#8221;][vc_column][vc_cta h2=&#8221;Fiyat ve performans a\u00e7\u0131s\u0131ndan en iyi hat delme makinesini mi ar\u0131yorsunuz?&#8221; h2_font_container=&#8221;tag:h2|font_size:20px|text_align:left|color:%23000000|line_height:24px&#8221; h2_use_theme_fonts=&#8221;yes&#8221; shape=&#8221;square&#8221; style=&#8221;flat&#8221; add_button=&#8221;right&#8221; btn_title=&#8221;fiyat teklifi al&#8221; btn_style=&#8221;flat&#8221; btn_color=&#8221;theme_style_2&#8243; btn_align=&#8221;right&#8221; btn_i_align=&#8221;right&#8221; btn_i_icon_fontawesome=&#8221;fa fa-chevron-right&#8221; particles=&#8221;yes&#8221; use_custom_fonts_h2=&#8221;true&#8221; btn_button_block=&#8221;true&#8221; btn_add_icon=&#8221;true&#8221; el_class=&#8221;third_bg_color&#8221; css=&#8221;.vc_custom_1637223059157{margin-bottom: 0px !important;}&#8221; btn_link=&#8221;url:http%3A%2F%2Fportableboringmachine.com%2Fcontact%2F|&#8221;][\/vc_cta][\/vc_column][\/vc_row]<\/p>\n<\/section>","protected":false},"excerpt":{"rendered":"<p>[vc_row css=&#8221;.vc_custom_1451991003825{margin-bottom: 100px !important;}&#8221;][vc_column offset=&#8221;vc_col-lg-9 vc_col-md-9&#8243;][vc_single_image image=&#8221;3645&#8243; img_size=&#8221;full&#8221;][vc_column_text css=&#8221;.vc_custom_1689675873635{margin-top: 40px !important;}&#8221;] Hat Delme ve Kaynak Makinalar\u0131 \u015eirket Genel Bak\u0131\u015f\u0131 LINEBORTECH Makina portatif hat delme ve kaynak makinalar\u0131 alan\u0131nda d\u00fcnyan\u0131n en \u00f6nemli liderlerinden biridir. 20 y\u0131l\u0131 a\u015fk\u0131n tecr\u00fcbesi ile firmam\u0131z; t\u00fcm \u00fcr\u00fcnlerde memnuniyet ve ba\u015far\u0131y\u0131 garanti eder. Allame Uzmanlar\u0131 sadece hat delme makinelerinde de\u011fil, MIG\/MAG kaynak,<\/p>\n","protected":false},"author":1,"featured_media":12040,"parent":0,"menu_order":0,"comment_status":"closed","ping_status":"closed","template":"","meta":{"_joinchat":[],"footnotes":""},"class_list":["post-13067","page","type-page","status-publish","has-post-thumbnail","hentry"],"yoast_head":"<!-- This site is optimized with the Yoast SEO Premium plugin v26.6 (Yoast SEO v27.0) - https:\/\/yoast.com\/product\/yoast-seo-premium-wordpress\/ -->\n<title>Hakk\u0131m\u0131zda - Portable Line Boring Machine Manufacturer<\/title>\n<meta name=\"description\" content=\"LINEBORTECH Makina, portatif hat delme ve kaynak makinalar\u0131 alan\u0131nda en \u00f6nemli liderlerden biridir.\" \/>\n<meta name=\"robots\" content=\"index, follow, max-snippet:-1, max-image-preview:large, max-video-preview:-1\" \/>\n<link rel=\"canonical\" href=\"https:\/\/portableboringmachine.com\/tr\/hakkimizda\/\" \/>\n<meta property=\"og:locale\" content=\"tr_TR\" \/>\n<meta property=\"og:type\" content=\"article\" \/>\n<meta property=\"og:title\" content=\"Hakk\u0131m\u0131zda\" \/>\n<meta property=\"og:description\" content=\"LINEBORTECH Makina, portatif hat delme ve kaynak makinalar\u0131 alan\u0131nda en \u00f6nemli liderlerden biridir.\" \/>\n<meta property=\"og:url\" content=\"https:\/\/portableboringmachine.com\/tr\/hakkimizda\/\" \/>\n<meta property=\"og:site_name\" content=\"Portable Line Boring Machine Manufacturer\" \/>\n<meta property=\"article:publisher\" content=\"https:\/\/www.facebook.com\/portablelineboringmachines\" \/>\n<meta property=\"article:modified_time\" content=\"2023-07-21T12:29:55+00:00\" \/>\n<meta property=\"og:image\" content=\"https:\/\/portableboringmachine.com\/wp-content\/uploads\/2016\/01\/Portable-Line-Boring-Machine-BD-40-.jpg\" \/>\n\t<meta property=\"og:image:width\" content=\"800\" \/>\n\t<meta property=\"og:image:height\" content=\"708\" \/>\n\t<meta property=\"og:image:type\" content=\"image\/jpeg\" \/>\n<meta name=\"twitter:label1\" content=\"Tahmini okuma s\u00fcresi\" \/>\n\t<meta name=\"twitter:data1\" content=\"4 dakika\" \/>\n<script type=\"application\/ld+json\" class=\"yoast-schema-graph\">{\"@context\":\"https:\/\/schema.org\",\"@graph\":[{\"@type\":\"WebPage\",\"@id\":\"https:\/\/portableboringmachine.com\/tr\/hakkimizda\/\",\"url\":\"https:\/\/portableboringmachine.com\/tr\/hakkimizda\/\",\"name\":\"Hakk\u0131m\u0131zda - Portable Line Boring Machine Manufacturer\",\"isPartOf\":{\"@id\":\"https:\/\/portableboringmachine.com\/tr\/#website\"},\"primaryImageOfPage\":{\"@id\":\"https:\/\/portableboringmachine.com\/tr\/hakkimizda\/#primaryimage\"},\"image\":{\"@id\":\"https:\/\/portableboringmachine.com\/tr\/hakkimizda\/#primaryimage\"},\"thumbnailUrl\":\"https:\/\/portableboringmachine.com\/wp-content\/uploads\/2016\/01\/Portable-Line-Boring-Machine-BD-40-.jpg\",\"datePublished\":\"2015-12-15T07:37:33+00:00\",\"dateModified\":\"2023-07-21T12:29:55+00:00\",\"description\":\"LINEBORTECH Makina, portatif hat delme ve kaynak makinalar\u0131 alan\u0131nda en \u00f6nemli liderlerden biridir.\",\"breadcrumb\":{\"@id\":\"https:\/\/portableboringmachine.com\/tr\/hakkimizda\/#breadcrumb\"},\"inLanguage\":\"tr\",\"potentialAction\":[{\"@type\":\"ReadAction\",\"target\":[\"https:\/\/portableboringmachine.com\/tr\/hakkimizda\/\"]}]},{\"@type\":\"ImageObject\",\"inLanguage\":\"tr\",\"@id\":\"https:\/\/portableboringmachine.com\/tr\/hakkimizda\/#primaryimage\",\"url\":\"https:\/\/portableboringmachine.com\/wp-content\/uploads\/2016\/01\/Portable-Line-Boring-Machine-BD-40-.jpg\",\"contentUrl\":\"https:\/\/portableboringmachine.com\/wp-content\/uploads\/2016\/01\/Portable-Line-Boring-Machine-BD-40-.jpg\",\"width\":800,\"height\":708},{\"@type\":\"BreadcrumbList\",\"@id\":\"https:\/\/portableboringmachine.com\/tr\/hakkimizda\/#breadcrumb\",\"itemListElement\":[{\"@type\":\"ListItem\",\"position\":1,\"name\":\"Home\",\"item\":\"https:\/\/portableboringmachine.com\/tr\/ev\/\"},{\"@type\":\"ListItem\",\"position\":2,\"name\":\"Hakk\u0131m\u0131zda\"}]},{\"@type\":\"WebSite\",\"@id\":\"https:\/\/portableboringmachine.com\/tr\/#website\",\"url\":\"https:\/\/portableboringmachine.com\/tr\/\",\"name\":\"Portable Line Boring Machine Manufacturer\",\"description\":\"Portable Line Boring Machine Manufacturer\",\"publisher\":{\"@id\":\"https:\/\/portableboringmachine.com\/tr\/#organization\"},\"alternateName\":\"Mobile Boring Machines\",\"potentialAction\":[{\"@type\":\"SearchAction\",\"target\":{\"@type\":\"EntryPoint\",\"urlTemplate\":\"https:\/\/portableboringmachine.com\/tr\/?s={search_term_string}\"},\"query-input\":{\"@type\":\"PropertyValueSpecification\",\"valueRequired\":true,\"valueName\":\"search_term_string\"}}],\"inLanguage\":\"tr\"},{\"@type\":\"Organization\",\"@id\":\"https:\/\/portableboringmachine.com\/tr\/#organization\",\"name\":\"Portable Line Boring Machines\",\"alternateName\":\"Linebortech\",\"url\":\"https:\/\/portableboringmachine.com\/tr\/\",\"logo\":{\"@type\":\"ImageObject\",\"inLanguage\":\"tr\",\"@id\":\"https:\/\/portableboringmachine.com\/tr\/#\/schema\/logo\/image\/\",\"url\":\"https:\/\/portableboringmachine.com\/wp-content\/uploads\/2021\/11\/footer-logo-.png\",\"contentUrl\":\"https:\/\/portableboringmachine.com\/wp-content\/uploads\/2021\/11\/footer-logo-.png\",\"width\":500,\"height\":115,\"caption\":\"Portable Line Boring Machines\"},\"image\":{\"@id\":\"https:\/\/portableboringmachine.com\/tr\/#\/schema\/logo\/image\/\"},\"sameAs\":[\"https:\/\/www.facebook.com\/portablelineboringmachines\",\"https:\/\/www.youtube.com\/@portablelineboringmachines\/videos\"]}]}<\/script>\n<!-- \/ Yoast SEO Premium plugin. -->","yoast_head_json":{"title":"Hakk\u0131m\u0131zda - Portable Line Boring Machine Manufacturer","description":"LINEBORTECH Makina, portatif hat delme ve kaynak makinalar\u0131 alan\u0131nda en \u00f6nemli liderlerden biridir.","robots":{"index":"index","follow":"follow","max-snippet":"max-snippet:-1","max-image-preview":"max-image-preview:large","max-video-preview":"max-video-preview:-1"},"canonical":"https:\/\/portableboringmachine.com\/tr\/hakkimizda\/","og_locale":"tr_TR","og_type":"article","og_title":"Hakk\u0131m\u0131zda","og_description":"LINEBORTECH Makina, portatif hat delme ve kaynak makinalar\u0131 alan\u0131nda en \u00f6nemli liderlerden biridir.","og_url":"https:\/\/portableboringmachine.com\/tr\/hakkimizda\/","og_site_name":"Portable Line Boring Machine Manufacturer","article_publisher":"https:\/\/www.facebook.com\/portablelineboringmachines","article_modified_time":"2023-07-21T12:29:55+00:00","og_image":[{"width":800,"height":708,"url":"https:\/\/portableboringmachine.com\/wp-content\/uploads\/2016\/01\/Portable-Line-Boring-Machine-BD-40-.jpg","type":"image\/jpeg"}],"twitter_misc":{"Tahmini okuma s\u00fcresi":"4 dakika"},"schema":{"@context":"https:\/\/schema.org","@graph":[{"@type":"WebPage","@id":"https:\/\/portableboringmachine.com\/tr\/hakkimizda\/","url":"https:\/\/portableboringmachine.com\/tr\/hakkimizda\/","name":"Hakk\u0131m\u0131zda - Portable Line Boring Machine Manufacturer","isPartOf":{"@id":"https:\/\/portableboringmachine.com\/tr\/#website"},"primaryImageOfPage":{"@id":"https:\/\/portableboringmachine.com\/tr\/hakkimizda\/#primaryimage"},"image":{"@id":"https:\/\/portableboringmachine.com\/tr\/hakkimizda\/#primaryimage"},"thumbnailUrl":"https:\/\/portableboringmachine.com\/wp-content\/uploads\/2016\/01\/Portable-Line-Boring-Machine-BD-40-.jpg","datePublished":"2015-12-15T07:37:33+00:00","dateModified":"2023-07-21T12:29:55+00:00","description":"LINEBORTECH Makina, portatif hat delme ve kaynak makinalar\u0131 alan\u0131nda en \u00f6nemli liderlerden biridir.","breadcrumb":{"@id":"https:\/\/portableboringmachine.com\/tr\/hakkimizda\/#breadcrumb"},"inLanguage":"tr","potentialAction":[{"@type":"ReadAction","target":["https:\/\/portableboringmachine.com\/tr\/hakkimizda\/"]}]},{"@type":"ImageObject","inLanguage":"tr","@id":"https:\/\/portableboringmachine.com\/tr\/hakkimizda\/#primaryimage","url":"https:\/\/portableboringmachine.com\/wp-content\/uploads\/2016\/01\/Portable-Line-Boring-Machine-BD-40-.jpg","contentUrl":"https:\/\/portableboringmachine.com\/wp-content\/uploads\/2016\/01\/Portable-Line-Boring-Machine-BD-40-.jpg","width":800,"height":708},{"@type":"BreadcrumbList","@id":"https:\/\/portableboringmachine.com\/tr\/hakkimizda\/#breadcrumb","itemListElement":[{"@type":"ListItem","position":1,"name":"Home","item":"https:\/\/portableboringmachine.com\/tr\/ev\/"},{"@type":"ListItem","position":2,"name":"Hakk\u0131m\u0131zda"}]},{"@type":"WebSite","@id":"https:\/\/portableboringmachine.com\/tr\/#website","url":"https:\/\/portableboringmachine.com\/tr\/","name":"Portable Line Boring Machine Manufacturer","description":"Portable Line Boring Machine Manufacturer","publisher":{"@id":"https:\/\/portableboringmachine.com\/tr\/#organization"},"alternateName":"Mobile Boring Machines","potentialAction":[{"@type":"SearchAction","target":{"@type":"EntryPoint","urlTemplate":"https:\/\/portableboringmachine.com\/tr\/?s={search_term_string}"},"query-input":{"@type":"PropertyValueSpecification","valueRequired":true,"valueName":"search_term_string"}}],"inLanguage":"tr"},{"@type":"Organization","@id":"https:\/\/portableboringmachine.com\/tr\/#organization","name":"Portable Line Boring Machines","alternateName":"Linebortech","url":"https:\/\/portableboringmachine.com\/tr\/","logo":{"@type":"ImageObject","inLanguage":"tr","@id":"https:\/\/portableboringmachine.com\/tr\/#\/schema\/logo\/image\/","url":"https:\/\/portableboringmachine.com\/wp-content\/uploads\/2021\/11\/footer-logo-.png","contentUrl":"https:\/\/portableboringmachine.com\/wp-content\/uploads\/2021\/11\/footer-logo-.png","width":500,"height":115,"caption":"Portable Line Boring Machines"},"image":{"@id":"https:\/\/portableboringmachine.com\/tr\/#\/schema\/logo\/image\/"},"sameAs":["https:\/\/www.facebook.com\/portablelineboringmachines","https:\/\/www.youtube.com\/@portablelineboringmachines\/videos"]}]}},"_links":{"self":[{"href":"https:\/\/portableboringmachine.com\/tr\/wp-json\/wp\/v2\/pages\/13067","targetHints":{"allow":["GET"]}}],"collection":[{"href":"https:\/\/portableboringmachine.com\/tr\/wp-json\/wp\/v2\/pages"}],"about":[{"href":"https:\/\/portableboringmachine.com\/tr\/wp-json\/wp\/v2\/types\/page"}],"author":[{"embeddable":true,"href":"https:\/\/portableboringmachine.com\/tr\/wp-json\/wp\/v2\/users\/1"}],"replies":[{"embeddable":true,"href":"https:\/\/portableboringmachine.com\/tr\/wp-json\/wp\/v2\/comments?post=13067"}],"version-history":[{"count":0,"href":"https:\/\/portableboringmachine.com\/tr\/wp-json\/wp\/v2\/pages\/13067\/revisions"}],"wp:featuredmedia":[{"embeddable":true,"href":"https:\/\/portableboringmachine.com\/tr\/wp-json\/wp\/v2\/media\/12040"}],"wp:attachment":[{"href":"https:\/\/portableboringmachine.com\/tr\/wp-json\/wp\/v2\/media?parent=13067"}],"curies":[{"name":"wp","href":"https:\/\/api.w.org\/{rel}","templated":true}]}}