{"id":13048,"date":"2016-01-13T17:48:37","date_gmt":"2016-01-13T17:48:37","guid":{"rendered":"https:\/\/portableboringmachine.com\/urunler\/"},"modified":"2024-02-11T14:40:03","modified_gmt":"2024-02-11T14:40:03","slug":"urunler","status":"publish","type":"page","link":"https:\/\/portableboringmachine.com\/tr\/urunler\/","title":{"rendered":"\u00dcr\u00fcnler"},"content":{"rendered":"<section class=\"wpb-content-wrapper\"><p>[vc_row css=&#8221;.vc_custom_1459506769570{margin-bottom: 100px !important;}&#8221;][vc_column offset=&#8221;vc_col-lg-9 vc_col-md-9&#8243;][vc_column_text]<\/p>\n<h2><strong>HAT A\u00c7MA MAK\u0130NASI SER\u0130S\u0130<\/strong><\/h2>\n<p>[\/vc_column_text][stm_services posts_per_page=&#8221;12&#8243; posts_per_row=&#8221;4&#8243;][vc_column_text]<\/p>\n<h2><strong>Ta\u015f\u0131nabilir Hat Delme Makinesi<\/strong><\/h2>\n<p>Ekskavat\u00f6rlerin ve di\u011fer a\u011f\u0131r ekipmanlar\u0131n onar\u0131m\u0131 s\u00f6z konusu oldu\u011funda, do\u011fru portatif hat delme makinesini se\u00e7mek \u00e7ok \u00f6nemlidir. Pop\u00fcler se\u00e7eneklerden biri, hassas kontrol ve elektrikle \u00e7al\u0131\u015fan verimlilik sunan servo motorlu hat delme makinesidir. Bu yaz\u0131da, servo motorlu ta\u015f\u0131nabilir bir hat delme makinesinin ideal modelinin nas\u0131l se\u00e7ilece\u011fini tart\u0131\u015faca\u011f\u0131z. Temel \u00f6zellikleri ve dikkate al\u0131nmas\u0131 gereken noktalar\u0131 anlayarak, ekskavat\u00f6r onar\u0131m ihtiya\u00e7lar\u0131n\u0131z i\u00e7in bilin\u00e7li bir karar verebilirsiniz.<\/p>\n<p><strong>\u0130\u015fin Kapsam\u0131n\u0131 Belirleyin:<\/strong><br \/>\nPortatif bir hat delme makinesi se\u00e7meden \u00f6nce yapaca\u011f\u0131n\u0131z i\u015fin kapsam\u0131n\u0131 de\u011ferlendirin. Ekipman t\u00fcrlerini, tamir edilecek deliklerin boyutlar\u0131n\u0131 ve ilgili malzemeleri g\u00f6z \u00f6n\u00fcnde bulundurun. Bu de\u011ferlendirme, makinenin gerektirdi\u011fi \u00f6zellikleri ve yetenekleri anlaman\u0131za yard\u0131mc\u0131 olacakt\u0131r.<\/p>\n<p><strong>G\u00fc\u00e7 Kayna\u011f\u0131: Servo Motor ve Elektrik:<\/strong><br \/>\n<a href=\"http:\/\/ia.delta-turkey.com\/\">Servo motorlu <em>hat delme makineleri<\/em><\/a> , elektrik kullanarak \u00e7al\u0131\u015farak delme i\u015flemi \u00fczerinde hassas kontrol sa\u011flar. G\u00fc\u00e7 kayna\u011f\u0131, makinenin performans\u0131n\u0131, verimlili\u011fini ve ta\u015f\u0131nabilirli\u011fini etkiledi\u011fi i\u00e7in \u00f6nemli bir husustur. Bir elektrikli hat delme makinesini se\u00e7mek, daha sessiz \u00e7al\u0131\u015fma ve daha fazla kontrol sa\u011flayarak onu hassas ortamlar i\u00e7in uygun hale getirir.<\/p>\n<p><strong>Delik \u00c7ap\u0131 ve Boyu:<\/strong><br \/>\nPortatif hat delme makinesinin bar\u0131nd\u0131rabilece\u011fi maksimum delik \u00e7ap\u0131n\u0131 ve uzunlu\u011funu de\u011ferlendirin. Farkl\u0131 modellerin de\u011fi\u015fen kapasiteleri vard\u0131r ve \u00fczerinde \u00e7al\u0131\u015faca\u011f\u0131n\u0131z deliklerin belirli boyutlar\u0131n\u0131 i\u015fleyebilecek bir makine se\u00e7mek \u00e7ok \u00f6nemlidir. \u00c7ok y\u00f6nl\u00fcl\u00fck i\u00e7in hem minimum hem de maksimum delik boyutu gereksinimlerini g\u00f6z \u00f6n\u00fcnde bulundurun.<\/p>\n<p><strong>\u0130\u015f Mili D\u00f6n\u00fc\u015f H\u0131z\u0131 ve Torku:<\/strong><br \/>\n\u0130\u015f mili d\u00f6n\u00fc\u015f h\u0131z\u0131 ve torku, makinenin kesme g\u00fcc\u00fcn\u00fc ve verimlili\u011fini belirler. Daha y\u00fcksek d\u00f6n\u00fc\u015f h\u0131zlar\u0131, daha h\u0131zl\u0131 kesme i\u00e7in faydal\u0131d\u0131r, yeterli tork ise etkili malzeme \u00e7\u0131kar\u0131lmas\u0131n\u0131 sa\u011flar. Onar\u0131m uygulamalar\u0131n\u0131z i\u00e7in uygun bir h\u0131z ve tork dengesi sunan bir servo motorlu hat delme makinesi se\u00e7in.<\/p>\n<p><strong>\u0130n\u015faat Kalitesi ve Dayan\u0131kl\u0131l\u0131\u011f\u0131:<\/strong><br \/>\nUzun \u00f6m\u00fcr ve g\u00fcvenilir performans sa\u011flamak i\u00e7in dayan\u0131kl\u0131 ve iyi yap\u0131lm\u0131\u015f bir portatif hat delme makinesine yat\u0131r\u0131m yapmak \u00e7ok \u00f6nemlidir. Sa\u011flam \u00e7elik bile\u015fenler ve kaliteli yataklar gibi makinenin yap\u0131m\u0131nda kullan\u0131lan malzemeleri g\u00f6z \u00f6n\u00fcnde bulundurun. Sa\u011flam bir makine, zorlu onar\u0131m g\u00f6revlerine dayanabilir ve tutarl\u0131 bir \u015fekilde do\u011fru sonu\u00e7lar verebilir.<\/p>\n<p><strong>Hassasiyet ve Kontrol:<\/strong><br \/>\nServo motorlu <u>hat delme makineleri,<\/u> do\u011fru onar\u0131mlar i\u00e7in \u00e7ok \u00f6nemli olan hassas kontrolleriyle bilinir. Geli\u015fmi\u015f hassasiyet i\u00e7in dijital okumalar, ayarlanabilir ilerleme h\u0131zlar\u0131 ve ince ayar se\u00e7enekleri gibi \u00f6zellikleri aray\u0131n. Bu, istenen toleranslar\u0131 elde etmenizi sa\u011flar ve ekskavat\u00f6r onar\u0131m \u00e7al\u0131\u015fmalar\u0131n\u0131zda en iyi sonu\u00e7lar\u0131 alman\u0131z\u0131 sa\u011flar.<\/p>\n<p><strong>Kullan\u0131m Kolayl\u0131\u011f\u0131 ve Ta\u015f\u0131nabilirlik:<\/strong><br \/>\nPortatif hat delme makinesinin kullan\u0131m kolayl\u0131\u011f\u0131n\u0131 ve ta\u015f\u0131nabilirlik \u00f6zelliklerini g\u00f6z \u00f6n\u00fcnde bulundurun. Ergonomik tasar\u0131mlar, sezgisel kontroller ve kullan\u0131c\u0131 dostu aray\u00fczler aray\u0131n. Ek olarak, gerekti\u011finde farkl\u0131 \u015fantiyelere kolayca ta\u015f\u0131nabilmesini sa\u011flamak i\u00e7in makinenin a\u011f\u0131rl\u0131\u011f\u0131n\u0131 ve boyutunu g\u00f6z \u00f6n\u00fcnde bulundurun.<\/p>\n<p><strong>\u00dcretici \u0130tibar\u0131 ve Deste\u011fi:<\/strong><br \/>\nG\u00fcvenilir ekipman \u00fcretme ge\u00e7mi\u015fine sahip sayg\u0131n bir \u00fcreticiden ta\u015f\u0131nabilir bir hat delme makinesi se\u00e7in. \u00dcretici taraf\u0131ndan sunulan m\u00fc\u015fteri incelemelerini, garantileri ve sat\u0131\u015f sonras\u0131 destek hizmetlerini ara\u015ft\u0131r\u0131n. G\u00fcvenilir bir marka, daha iyi \u00fcr\u00fcn kalitesi ve gerekti\u011finde g\u00fcvenilir m\u00fc\u015fteri deste\u011fi sa\u011flar.<\/p>\n<figure id=\"attachment_3850\" aria-describedby=\"caption-attachment-3850\" style=\"width: 1024px\" class=\"wp-caption alignleft\"><img decoding=\"async\" class=\"size-large wp-image-3850 lazyload\" data-src=\"https:\/\/portableboringmachine.com\/wp-content\/uploads\/2023\/05\/portable-line-boring-machine-1024x683.jpg\" alt=\"ta\u015f\u0131nabilir hat delme makinesi\" width=\"1024\" height=\"683\" data-srcset=\"https:\/\/portableboringmachine.com\/wp-content\/uploads\/2023\/05\/portable-line-boring-machine-1024x683.jpg 1024w, https:\/\/portableboringmachine.com\/wp-content\/uploads\/2023\/05\/portable-line-boring-machine-300x200.jpg 300w, https:\/\/portableboringmachine.com\/wp-content\/uploads\/2023\/05\/portable-line-boring-machine-768x512.jpg 768w, https:\/\/portableboringmachine.com\/wp-content\/uploads\/2023\/05\/portable-line-boring-machine-900x600.jpg 900w, https:\/\/portableboringmachine.com\/wp-content\/uploads\/2023\/05\/portable-line-boring-machine.jpg 1200w\" data-sizes=\"(max-width: 1024px) 100vw, 1024px\" src=\"data:image\/svg+xml;base64,PHN2ZyB3aWR0aD0iMSIgaGVpZ2h0PSIxIiB4bWxucz0iaHR0cDovL3d3dy53My5vcmcvMjAwMC9zdmciPjwvc3ZnPg==\" style=\"--smush-placeholder-width: 1024px; --smush-placeholder-aspect-ratio: 1024\/683;\" \/><figcaption id=\"caption-attachment-3850\" class=\"wp-caption-text\">ta\u015f\u0131nabilir hat delme makinesi<\/figcaption><\/figure>\n<p>&nbsp;<\/p>\n<p>&nbsp;<\/p>\n<p>Ekskavat\u00f6r onar\u0131mlar\u0131 i\u00e7in servo motorlu <a href=\"https:\/\/portableboringmachine.com\/tr\/temas-etmek\/\">portatif hat delme makinesinin do\u011fru modelini se\u00e7mek<\/a> verimli ve do\u011fru sonu\u00e7lar i\u00e7in \u00e7ok \u00f6nemlidir. G\u00fc\u00e7 kayna\u011f\u0131, delme \u00e7ap\u0131, i\u015f mili d\u00f6nme h\u0131z\u0131, yap\u0131 kalitesi, hassasiyet, kullan\u0131m kolayl\u0131\u011f\u0131 ve \u00fcretici itibar\u0131 gibi fakt\u00f6rleri g\u00f6z \u00f6n\u00fcnde bulundurarak bilin\u00e7li bir karar verebilirsiniz. Ba\u015far\u0131l\u0131 ve verimli bir ekskavat\u00f6r onar\u0131m s\u00fcreci i\u00e7in onar\u0131m i\u015finizin \u00f6zel gereksinimlerini de\u011ferlendirmeyi ve ihtiya\u00e7lar\u0131n\u0131z\u0131 kar\u015f\u0131layan bir makine se\u00e7meyi unutmay\u0131n. Do\u011fru <em><strong>portatif hat delme makinesi<\/strong><\/em> ile sorunsuz operasyonlar sa\u011flayabilir ve a\u011f\u0131r ekipman\u0131n\u0131z\u0131n \u00f6mr\u00fcn\u00fc uzatabilirsiniz.[\/vc_column_text][vc_column_text]<\/p>\n<h5><strong><u>Portatif hat delme makinesi ne i\u00e7in kullan\u0131l\u0131r?<\/u><\/strong><\/h5>\n<p>Bir hat delme makinesi, son derece pratik bir donan\u0131m oldu\u011fu i\u00e7in, \u00f6rne\u011fin son y\u00fckleyiciler ve vin\u00e7ler gibi \u00f6nemli geli\u015ftirme t\u00fcrlerinde ger\u00e7ekten egzoz g\u00f6revi g\u00f6r\u00fcr. Bir s\u00fcr\u00fckleme makinesi, \u00e7\u0131\u011f\u0131r a\u00e7an, uyarlanabilir ve kullan\u0131m\u0131 basit bir makinedir ve bas\u0131n\u00e7 tahrikli ve pn\u00f6matik tahrik yoluyla eri\u015filebilir. Bir hat delme makinesi, d\u0131\u015f mikrometreleri ve hizalanm\u0131\u015f i\u00e7e do\u011fru mikrometreleri kullanarak delikleri \u00f6l\u00e7mek i\u00e7in yeterlidir.[\/vc_column_text][vc_gallery images=&#8221;3355,3356,3357,3358,3359&#8243;][vc_column_text]<\/p>\n<h5><strong>Portatif hat delme makineleri, a\u015fa\u011f\u0131dakileri i\u00e7eren baz\u0131 temel ana hatlarla birlikte \u00e7ok \u00e7e\u015fitli giri\u015fimlerde kullan\u0131lmaktad\u0131r:<\/strong><\/h5>\n<p>\u2022 Ekskavat\u00f6r kutular\u0131<br \/>\n\u2022 \u015eanz\u0131man yataklar\u0131n\u0131 de\u011fi\u015ftirin<br \/>\n\u2022 Gemi in\u015fa i\u015finde k\u0131\u00e7 borular\u0131 ve d\u00fcmen zay\u0131flar<br \/>\n\u2022 Tahrik mili yerle\u015fimi zay\u0131flat\u0131c\u0131<br \/>\n\u2022 Bir arsa deste\u011fi<br \/>\n\u2022 Pivot pimleri<br \/>\n\u2022 Di\u015fli kutular\u0131<br \/>\n&#8211; Enerji \u00e7a\u011f\u0131 end\u00fcstrisinde t\u00fcrbin lojmanlar\u0131.[\/vc_column_text][vc_separator][\/vc_column][vc_column width=&#8221;1\/4&#8243; offset=&#8221;vc_hidden-sm vc_hidden-xs&#8221;][stm_sidebar sidebar=&#8221;619&#8243;][\/vc_column][\/vc_row][vc_row][vc_column width=&#8221;1\/2&#8243;][vc_video link=&#8221;https:\/\/www.youtube.com\/embed\/vDnbkt6MrSA?si&#8221; el_aspect=&#8221;43&#8243;][stm_spacing][stm_spacing][\/vc_column][vc_column width=&#8221;1\/2&#8243;][vc_video link=&#8221;https:\/\/www.youtube.com\/embed\/QzQr6N6SWTM?si&#8221; el_aspect=&#8221;43&#8243;][stm_spacing][stm_spacing][\/vc_column][\/vc_row][vc_row full_width=&#8221;stretch_row&#8221; css=&#8221;.vc_custom_1459505959648{margin-bottom: -60px !important;}&#8221; el_class=&#8221;third_bg_color&#8221;][vc_column][vc_cta h2=&#8221;M\u00fc\u015fteri portf\u00f6y\u00fcn\u00fcze veya i\u015f hacminize g\u00f6re size en uygun modeli se\u00e7ece\u011fiz.&#8221; h2_font_container=&#8221;tag:h2|font_size:20px|text_align:left|color:%23ffffff|line_height:24px&#8221; h2_use_theme_fonts=&#8221;yes&#8221; style=&#8221;outline&#8221; add_button=&#8221;right&#8221; btn_title=&#8221;fiyat teklifi al&#8221; btn_style=&#8221;flat&#8221; btn_color=&#8221;theme_style_2&#8243; btn_align=&#8221;right&#8221; btn_i_align=&#8221;right&#8221; btn_i_icon_fontawesome=&#8221;stm-nokia_outline&#8221; particles=&#8221;yes&#8221; use_custom_fonts_h2=&#8221;true&#8221; btn_add_icon=&#8221;true&#8221; btn_link=&#8221;url:https%3A%2F%2Fportableboringmachine.com%2Fcontact%2F|&#8221; el_class=&#8221;third_bg_color&#8221; css=&#8221;.vc_custom_1707657151871{margin-bottom: 0px !important;}&#8221;][\/vc_cta][\/vc_column][\/vc_row]<\/p>\n<\/section>","protected":false},"excerpt":{"rendered":"<p>[vc_row css=&#8221;.vc_custom_1459506769570{margin-bottom: 100px !important;}&#8221;][vc_column offset=&#8221;vc_col-lg-9 vc_col-md-9&#8243;][vc_column_text] HAT A\u00c7MA MAK\u0130NASI SER\u0130S\u0130 [\/vc_column_text][stm_services posts_per_page=&#8221;12&#8243; posts_per_row=&#8221;4&#8243;][vc_column_text] Ta\u015f\u0131nabilir Hat Delme Makinesi Ekskavat\u00f6rlerin ve di\u011fer a\u011f\u0131r ekipmanlar\u0131n onar\u0131m\u0131 s\u00f6z konusu oldu\u011funda, do\u011fru portatif hat delme makinesini se\u00e7mek \u00e7ok \u00f6nemlidir. Pop\u00fcler se\u00e7eneklerden biri, hassas kontrol ve elektrikle \u00e7al\u0131\u015fan verimlilik sunan servo motorlu hat delme makinesidir. Bu yaz\u0131da, servo motorlu ta\u015f\u0131nabilir bir<\/p>\n","protected":false},"author":1,"featured_media":15386,"parent":0,"menu_order":0,"comment_status":"closed","ping_status":"closed","template":"","meta":{"_joinchat":[],"footnotes":""},"class_list":["post-13048","page","type-page","status-publish","has-post-thumbnail","hentry"],"yoast_head":"<!-- This site is optimized with the Yoast SEO Premium plugin v26.6 (Yoast SEO v27.0) - https:\/\/yoast.com\/product\/yoast-seo-premium-wordpress\/ -->\n<title>\u00dcr\u00fcnler - Portable Line Boring Machine Manufacturer<\/title>\n<meta name=\"description\" content=\"Ta\u015f\u0131nabilir Hat Delme Makinesi, ekskavat\u00f6rlerin ve di\u011fer a\u011f\u0131r ekipmanlar\u0131n onar\u0131m\u0131na geldi\u011finden, do\u011fru ta\u015f\u0131nabilir hat delme makinesini se\u00e7mek \u00e7ok \u00f6nemlidir.\" \/>\n<meta name=\"robots\" content=\"index, follow, max-snippet:-1, max-image-preview:large, max-video-preview:-1\" \/>\n<link rel=\"canonical\" href=\"https:\/\/portableboringmachine.com\/tr\/urunler\/\" \/>\n<meta property=\"og:locale\" content=\"tr_TR\" \/>\n<meta property=\"og:type\" content=\"article\" \/>\n<meta property=\"og:title\" content=\"\u00dcr\u00fcnler\" \/>\n<meta property=\"og:description\" content=\"Ta\u015f\u0131nabilir Hat Delme Makinesi, ekskavat\u00f6rlerin ve di\u011fer a\u011f\u0131r ekipmanlar\u0131n onar\u0131m\u0131na geldi\u011finden, do\u011fru ta\u015f\u0131nabilir hat delme makinesini se\u00e7mek \u00e7ok \u00f6nemlidir.\" \/>\n<meta property=\"og:url\" content=\"https:\/\/portableboringmachine.com\/tr\/urunler\/\" \/>\n<meta property=\"og:site_name\" content=\"Portable Line Boring Machine Manufacturer\" \/>\n<meta property=\"article:publisher\" content=\"https:\/\/www.facebook.com\/portablelineboringmachines\" \/>\n<meta property=\"article:modified_time\" content=\"2024-02-11T14:40:03+00:00\" \/>\n<meta property=\"og:image\" content=\"https:\/\/portableboringmachine.com\/wp-content\/uploads\/2024\/02\/line-boring-machines-turkiye.jpg\" \/>\n\t<meta property=\"og:image:width\" content=\"1290\" \/>\n\t<meta property=\"og:image:height\" content=\"968\" \/>\n\t<meta property=\"og:image:type\" content=\"image\/jpeg\" \/>\n<meta name=\"twitter:label1\" content=\"Tahmini okuma s\u00fcresi\" \/>\n\t<meta name=\"twitter:data1\" content=\"6 dakika\" \/>\n<script type=\"application\/ld+json\" class=\"yoast-schema-graph\">{\"@context\":\"https:\/\/schema.org\",\"@graph\":[{\"@type\":\"WebPage\",\"@id\":\"https:\/\/portableboringmachine.com\/tr\/urunler\/\",\"url\":\"https:\/\/portableboringmachine.com\/tr\/urunler\/\",\"name\":\"\u00dcr\u00fcnler - Portable Line Boring Machine Manufacturer\",\"isPartOf\":{\"@id\":\"https:\/\/portableboringmachine.com\/tr\/#website\"},\"primaryImageOfPage\":{\"@id\":\"https:\/\/portableboringmachine.com\/tr\/urunler\/#primaryimage\"},\"image\":{\"@id\":\"https:\/\/portableboringmachine.com\/tr\/urunler\/#primaryimage\"},\"thumbnailUrl\":\"https:\/\/portableboringmachine.com\/wp-content\/uploads\/2024\/02\/line-boring-machines-turkiye.jpg\",\"datePublished\":\"2016-01-13T17:48:37+00:00\",\"dateModified\":\"2024-02-11T14:40:03+00:00\",\"description\":\"Ta\u015f\u0131nabilir Hat Delme Makinesi, ekskavat\u00f6rlerin ve di\u011fer a\u011f\u0131r ekipmanlar\u0131n onar\u0131m\u0131na geldi\u011finden, do\u011fru ta\u015f\u0131nabilir hat delme makinesini se\u00e7mek \u00e7ok \u00f6nemlidir.\",\"breadcrumb\":{\"@id\":\"https:\/\/portableboringmachine.com\/tr\/urunler\/#breadcrumb\"},\"inLanguage\":\"tr\",\"potentialAction\":[{\"@type\":\"ReadAction\",\"target\":[\"https:\/\/portableboringmachine.com\/tr\/urunler\/\"]}]},{\"@type\":\"ImageObject\",\"inLanguage\":\"tr\",\"@id\":\"https:\/\/portableboringmachine.com\/tr\/urunler\/#primaryimage\",\"url\":\"https:\/\/portableboringmachine.com\/wp-content\/uploads\/2024\/02\/line-boring-machines-turkiye.jpg\",\"contentUrl\":\"https:\/\/portableboringmachine.com\/wp-content\/uploads\/2024\/02\/line-boring-machines-turkiye.jpg\",\"width\":1290,\"height\":968,\"caption\":\"line-boring-machines-turkiye\"},{\"@type\":\"BreadcrumbList\",\"@id\":\"https:\/\/portableboringmachine.com\/tr\/urunler\/#breadcrumb\",\"itemListElement\":[{\"@type\":\"ListItem\",\"position\":1,\"name\":\"Home\",\"item\":\"https:\/\/portableboringmachine.com\/tr\/ev\/\"},{\"@type\":\"ListItem\",\"position\":2,\"name\":\"\u00dcr\u00fcnler\"}]},{\"@type\":\"WebSite\",\"@id\":\"https:\/\/portableboringmachine.com\/tr\/#website\",\"url\":\"https:\/\/portableboringmachine.com\/tr\/\",\"name\":\"Portable Line Boring Machine Manufacturer\",\"description\":\"Portable Line Boring Machine Manufacturer\",\"publisher\":{\"@id\":\"https:\/\/portableboringmachine.com\/tr\/#organization\"},\"alternateName\":\"Mobile Boring Machines\",\"potentialAction\":[{\"@type\":\"SearchAction\",\"target\":{\"@type\":\"EntryPoint\",\"urlTemplate\":\"https:\/\/portableboringmachine.com\/tr\/?s={search_term_string}\"},\"query-input\":{\"@type\":\"PropertyValueSpecification\",\"valueRequired\":true,\"valueName\":\"search_term_string\"}}],\"inLanguage\":\"tr\"},{\"@type\":\"Organization\",\"@id\":\"https:\/\/portableboringmachine.com\/tr\/#organization\",\"name\":\"Portable Line Boring Machines\",\"alternateName\":\"Linebortech\",\"url\":\"https:\/\/portableboringmachine.com\/tr\/\",\"logo\":{\"@type\":\"ImageObject\",\"inLanguage\":\"tr\",\"@id\":\"https:\/\/portableboringmachine.com\/tr\/#\/schema\/logo\/image\/\",\"url\":\"https:\/\/portableboringmachine.com\/wp-content\/uploads\/2021\/11\/footer-logo-.png\",\"contentUrl\":\"https:\/\/portableboringmachine.com\/wp-content\/uploads\/2021\/11\/footer-logo-.png\",\"width\":500,\"height\":115,\"caption\":\"Portable Line Boring Machines\"},\"image\":{\"@id\":\"https:\/\/portableboringmachine.com\/tr\/#\/schema\/logo\/image\/\"},\"sameAs\":[\"https:\/\/www.facebook.com\/portablelineboringmachines\",\"https:\/\/www.youtube.com\/@portablelineboringmachines\/videos\"]}]}<\/script>\n<!-- \/ Yoast SEO Premium plugin. -->","yoast_head_json":{"title":"\u00dcr\u00fcnler - Portable Line Boring Machine Manufacturer","description":"Ta\u015f\u0131nabilir Hat Delme Makinesi, ekskavat\u00f6rlerin ve di\u011fer a\u011f\u0131r ekipmanlar\u0131n onar\u0131m\u0131na geldi\u011finden, do\u011fru ta\u015f\u0131nabilir hat delme makinesini se\u00e7mek \u00e7ok \u00f6nemlidir.","robots":{"index":"index","follow":"follow","max-snippet":"max-snippet:-1","max-image-preview":"max-image-preview:large","max-video-preview":"max-video-preview:-1"},"canonical":"https:\/\/portableboringmachine.com\/tr\/urunler\/","og_locale":"tr_TR","og_type":"article","og_title":"\u00dcr\u00fcnler","og_description":"Ta\u015f\u0131nabilir Hat Delme Makinesi, ekskavat\u00f6rlerin ve di\u011fer a\u011f\u0131r ekipmanlar\u0131n onar\u0131m\u0131na geldi\u011finden, do\u011fru ta\u015f\u0131nabilir hat delme makinesini se\u00e7mek \u00e7ok \u00f6nemlidir.","og_url":"https:\/\/portableboringmachine.com\/tr\/urunler\/","og_site_name":"Portable Line Boring Machine Manufacturer","article_publisher":"https:\/\/www.facebook.com\/portablelineboringmachines","article_modified_time":"2024-02-11T14:40:03+00:00","og_image":[{"width":1290,"height":968,"url":"https:\/\/portableboringmachine.com\/wp-content\/uploads\/2024\/02\/line-boring-machines-turkiye.jpg","type":"image\/jpeg"}],"twitter_misc":{"Tahmini okuma s\u00fcresi":"6 dakika"},"schema":{"@context":"https:\/\/schema.org","@graph":[{"@type":"WebPage","@id":"https:\/\/portableboringmachine.com\/tr\/urunler\/","url":"https:\/\/portableboringmachine.com\/tr\/urunler\/","name":"\u00dcr\u00fcnler - Portable Line Boring Machine Manufacturer","isPartOf":{"@id":"https:\/\/portableboringmachine.com\/tr\/#website"},"primaryImageOfPage":{"@id":"https:\/\/portableboringmachine.com\/tr\/urunler\/#primaryimage"},"image":{"@id":"https:\/\/portableboringmachine.com\/tr\/urunler\/#primaryimage"},"thumbnailUrl":"https:\/\/portableboringmachine.com\/wp-content\/uploads\/2024\/02\/line-boring-machines-turkiye.jpg","datePublished":"2016-01-13T17:48:37+00:00","dateModified":"2024-02-11T14:40:03+00:00","description":"Ta\u015f\u0131nabilir Hat Delme Makinesi, ekskavat\u00f6rlerin ve di\u011fer a\u011f\u0131r ekipmanlar\u0131n onar\u0131m\u0131na geldi\u011finden, do\u011fru ta\u015f\u0131nabilir hat delme makinesini se\u00e7mek \u00e7ok \u00f6nemlidir.","breadcrumb":{"@id":"https:\/\/portableboringmachine.com\/tr\/urunler\/#breadcrumb"},"inLanguage":"tr","potentialAction":[{"@type":"ReadAction","target":["https:\/\/portableboringmachine.com\/tr\/urunler\/"]}]},{"@type":"ImageObject","inLanguage":"tr","@id":"https:\/\/portableboringmachine.com\/tr\/urunler\/#primaryimage","url":"https:\/\/portableboringmachine.com\/wp-content\/uploads\/2024\/02\/line-boring-machines-turkiye.jpg","contentUrl":"https:\/\/portableboringmachine.com\/wp-content\/uploads\/2024\/02\/line-boring-machines-turkiye.jpg","width":1290,"height":968,"caption":"line-boring-machines-turkiye"},{"@type":"BreadcrumbList","@id":"https:\/\/portableboringmachine.com\/tr\/urunler\/#breadcrumb","itemListElement":[{"@type":"ListItem","position":1,"name":"Home","item":"https:\/\/portableboringmachine.com\/tr\/ev\/"},{"@type":"ListItem","position":2,"name":"\u00dcr\u00fcnler"}]},{"@type":"WebSite","@id":"https:\/\/portableboringmachine.com\/tr\/#website","url":"https:\/\/portableboringmachine.com\/tr\/","name":"Portable Line Boring Machine Manufacturer","description":"Portable Line Boring Machine Manufacturer","publisher":{"@id":"https:\/\/portableboringmachine.com\/tr\/#organization"},"alternateName":"Mobile Boring Machines","potentialAction":[{"@type":"SearchAction","target":{"@type":"EntryPoint","urlTemplate":"https:\/\/portableboringmachine.com\/tr\/?s={search_term_string}"},"query-input":{"@type":"PropertyValueSpecification","valueRequired":true,"valueName":"search_term_string"}}],"inLanguage":"tr"},{"@type":"Organization","@id":"https:\/\/portableboringmachine.com\/tr\/#organization","name":"Portable Line Boring Machines","alternateName":"Linebortech","url":"https:\/\/portableboringmachine.com\/tr\/","logo":{"@type":"ImageObject","inLanguage":"tr","@id":"https:\/\/portableboringmachine.com\/tr\/#\/schema\/logo\/image\/","url":"https:\/\/portableboringmachine.com\/wp-content\/uploads\/2021\/11\/footer-logo-.png","contentUrl":"https:\/\/portableboringmachine.com\/wp-content\/uploads\/2021\/11\/footer-logo-.png","width":500,"height":115,"caption":"Portable Line Boring Machines"},"image":{"@id":"https:\/\/portableboringmachine.com\/tr\/#\/schema\/logo\/image\/"},"sameAs":["https:\/\/www.facebook.com\/portablelineboringmachines","https:\/\/www.youtube.com\/@portablelineboringmachines\/videos"]}]}},"_links":{"self":[{"href":"https:\/\/portableboringmachine.com\/tr\/wp-json\/wp\/v2\/pages\/13048","targetHints":{"allow":["GET"]}}],"collection":[{"href":"https:\/\/portableboringmachine.com\/tr\/wp-json\/wp\/v2\/pages"}],"about":[{"href":"https:\/\/portableboringmachine.com\/tr\/wp-json\/wp\/v2\/types\/page"}],"author":[{"embeddable":true,"href":"https:\/\/portableboringmachine.com\/tr\/wp-json\/wp\/v2\/users\/1"}],"replies":[{"embeddable":true,"href":"https:\/\/portableboringmachine.com\/tr\/wp-json\/wp\/v2\/comments?post=13048"}],"version-history":[{"count":0,"href":"https:\/\/portableboringmachine.com\/tr\/wp-json\/wp\/v2\/pages\/13048\/revisions"}],"wp:featuredmedia":[{"embeddable":true,"href":"https:\/\/portableboringmachine.com\/tr\/wp-json\/wp\/v2\/media\/15386"}],"wp:attachment":[{"href":"https:\/\/portableboringmachine.com\/tr\/wp-json\/wp\/v2\/media?parent=13048"}],"curies":[{"name":"wp","href":"https:\/\/api.w.org\/{rel}","templated":true}]}}