{"id":12951,"date":"2016-01-08T07:17:26","date_gmt":"2016-01-08T07:17:26","guid":{"rendered":"https:\/\/portableboringmachine.com\/takim-listemiz\/"},"modified":"2023-07-21T12:21:50","modified_gmt":"2023-07-21T12:21:50","slug":"takim-listemiz","status":"publish","type":"page","link":"https:\/\/portableboringmachine.com\/tr\/hakkimizda\/takim-listemiz\/","title":{"rendered":"Tak\u0131m listemiz"},"content":{"rendered":"<section class=\"wpb-content-wrapper\"><p>[vc_row css=&#8221;.vc_custom_1459506521748{margin-bottom: 100px !important;}&#8221;][vc_column width=&#8221;3\/4&#8243;][vc_custom_heading source=&#8221;post_title&#8221; use_theme_fonts=&#8221;yes&#8221; css=&#8221;.vc_custom_1452247174165{margin-bottom: 30px !important;}&#8221;][stm_staff_list count=&#8221;6&#8243;][\/vc_column][vc_column width=&#8221;1\/4&#8243;][stm_sidebar sidebar=&#8221;311&#8243;][\/vc_column][\/vc_row][vc_row full_width=&#8221;stretch_row&#8221; css=&#8221;.vc_custom_1459505959648{margin-bottom: -60px !important;}&#8221; el_class=&#8221;third_bg_color&#8221;][vc_column][vc_cta h2=&#8221;Birinci S\u0131n\u0131f Bir \u0130\u015f Plan\u0131 Dan\u0131\u015fman\u0131 m\u0131 Ar\u0131yorsunuz?&#8221; h2_font_container=&#8221;font_size:20px|color:%23ffffff|line_height:24px&#8221; h2_use_theme_fonts=&#8221;yes&#8221; shape=&#8221;square&#8221; style=&#8221;flat&#8221; add_button=&#8221;right&#8221; btn_title=&#8221;fiyat teklifi al&#8221; btn_style=&#8221;flat&#8221; btn_color=&#8221;theme_style_2&#8243; btn_align=&#8221;right&#8221; btn_i_align=&#8221;right&#8221; btn_i_icon_fontawesome=&#8221;fa fa-chevron-right&#8221; use_custom_fonts_h2=&#8221;true&#8221; btn_link=&#8221;url:%23|&#8221; btn_add_icon=&#8221;true&#8221; el_class=&#8221;third_bg_color&#8221; css=&#8221;.vc_custom_1459505851233{margin-bottom: 0px !important;}&#8221;][\/vc_cta][\/vc_column][\/vc_row]<\/p>\n<\/section>","protected":false},"excerpt":{"rendered":"<p>[vc_row css=&#8221;.vc_custom_1459506521748{margin-bottom: 100px !important;}&#8221;][vc_column width=&#8221;3\/4&#8243;][vc_custom_heading source=&#8221;post_title&#8221; use_theme_fonts=&#8221;yes&#8221; css=&#8221;.vc_custom_1452247174165{margin-bottom: 30px !important;}&#8221;][stm_staff_list count=&#8221;6&#8243;][\/vc_column][vc_column width=&#8221;1\/4&#8243;][stm_sidebar sidebar=&#8221;311&#8243;][\/vc_column][\/vc_row][vc_row full_width=&#8221;stretch_row&#8221; css=&#8221;.vc_custom_1459505959648{margin-bottom: -60px !important;}&#8221; el_class=&#8221;third_bg_color&#8221;][vc_column][vc_cta h2=&#8221;Birinci S\u0131n\u0131f Bir \u0130\u015f Plan\u0131 Dan\u0131\u015fman\u0131 m\u0131 Ar\u0131yorsunuz?&#8221; h2_font_container=&#8221;font_size:20px|color:%23ffffff|line_height:24px&#8221; h2_use_theme_fonts=&#8221;yes&#8221; shape=&#8221;square&#8221; style=&#8221;flat&#8221; add_button=&#8221;right&#8221; btn_title=&#8221;fiyat teklifi al&#8221; btn_style=&#8221;flat&#8221; btn_color=&#8221;theme_style_2&#8243; btn_align=&#8221;right&#8221; btn_i_align=&#8221;right&#8221; btn_i_icon_fontawesome=&#8221;fa fa-chevron-right&#8221; use_custom_fonts_h2=&#8221;true&#8221; btn_link=&#8221;url:%23|&#8221; btn_add_icon=&#8221;true&#8221; el_class=&#8221;third_bg_color&#8221; css=&#8221;.vc_custom_1459505851233{margin-bottom: 0px !important;}&#8221;][\/vc_cta][\/vc_column][\/vc_row]<\/p>\n","protected":false},"author":1,"featured_media":0,"parent":13067,"menu_order":0,"comment_status":"closed","ping_status":"closed","template":"","meta":{"_joinchat":[],"footnotes":""},"class_list":["post-12951","page","type-page","status-publish","hentry"],"yoast_head":"<!-- This site is optimized with the Yoast SEO Premium plugin v26.6 (Yoast SEO v27.0) - https:\/\/yoast.com\/product\/yoast-seo-premium-wordpress\/ -->\n<title>Tak\u0131m listemiz - Portable Line Boring Machine Manufacturer<\/title>\n<meta name=\"robots\" content=\"index, follow, max-snippet:-1, max-image-preview:large, max-video-preview:-1\" \/>\n<link rel=\"canonical\" href=\"https:\/\/portableboringmachine.com\/tr\/hakkimizda\/takim-listemiz\/\" \/>\n<meta property=\"og:locale\" content=\"tr_TR\" \/>\n<meta property=\"og:type\" content=\"article\" \/>\n<meta property=\"og:title\" content=\"Tak\u0131m listemiz\" \/>\n<meta property=\"og:description\" content=\"[vc_row css=&#8221;.vc_custom_1459506521748{margin-bottom: 100px !important;}&#8221;][vc_column width=&#8221;3\/4&#8243;][vc_custom_heading source=&#8221;post_title&#8221; use_theme_fonts=&#8221;yes&#8221; css=&#8221;.vc_custom_1452247174165{margin-bottom: 30px !important;}&#8221;][stm_staff_list count=&#8221;6&#8243;][\/vc_column][vc_column width=&#8221;1\/4&#8243;][stm_sidebar sidebar=&#8221;311&#8243;][\/vc_column][\/vc_row][vc_row full_width=&#8221;stretch_row&#8221; css=&#8221;.vc_custom_1459505959648{margin-bottom: -60px !important;}&#8221; el_class=&#8221;third_bg_color&#8221;][vc_column][vc_cta h2=&#8221;Birinci S\u0131n\u0131f Bir \u0130\u015f Plan\u0131 Dan\u0131\u015fman\u0131 m\u0131 Ar\u0131yorsunuz?&#8221; h2_font_container=&#8221;font_size:20px|color:%23ffffff|line_height:24px&#8221; h2_use_theme_fonts=&#8221;yes&#8221; shape=&#8221;square&#8221; style=&#8221;flat&#8221; add_button=&#8221;right&#8221; btn_title=&#8221;fiyat teklifi al&#8221; btn_style=&#8221;flat&#8221; btn_color=&#8221;theme_style_2&#8243; btn_align=&#8221;right&#8221; btn_i_align=&#8221;right&#8221; btn_i_icon_fontawesome=&#8221;fa fa-chevron-right&#8221; use_custom_fonts_h2=&#8221;true&#8221; btn_link=&#8221;url:%23|&#8221; btn_add_icon=&#8221;true&#8221; el_class=&#8221;third_bg_color&#8221; css=&#8221;.vc_custom_1459505851233{margin-bottom: 0px !important;}&#8221;][\/vc_cta][\/vc_column][\/vc_row]\" \/>\n<meta property=\"og:url\" content=\"https:\/\/portableboringmachine.com\/tr\/hakkimizda\/takim-listemiz\/\" \/>\n<meta property=\"og:site_name\" content=\"Portable Line Boring Machine Manufacturer\" \/>\n<meta property=\"article:publisher\" content=\"https:\/\/www.facebook.com\/portablelineboringmachines\" \/>\n<meta property=\"article:modified_time\" content=\"2023-07-21T12:21:50+00:00\" \/>\n<meta property=\"og:image\" content=\"https:\/\/portableboringmachine.com\/wp-content\/uploads\/2016\/01\/Portable-Line-Boring-Machine-BD-50.jpg\" \/>\n\t<meta property=\"og:image:width\" content=\"850\" \/>\n\t<meta property=\"og:image:height\" content=\"638\" \/>\n\t<meta property=\"og:image:type\" content=\"image\/jpeg\" \/>\n<meta name=\"twitter:label1\" content=\"Tahmini okuma s\u00fcresi\" \/>\n\t<meta name=\"twitter:data1\" content=\"1 dakika\" \/>\n<script type=\"application\/ld+json\" class=\"yoast-schema-graph\">{\"@context\":\"https:\/\/schema.org\",\"@graph\":[{\"@type\":\"WebPage\",\"@id\":\"https:\/\/portableboringmachine.com\/tr\/hakkimizda\/takim-listemiz\/\",\"url\":\"https:\/\/portableboringmachine.com\/tr\/hakkimizda\/takim-listemiz\/\",\"name\":\"Tak\u0131m listemiz - Portable Line Boring Machine Manufacturer\",\"isPartOf\":{\"@id\":\"https:\/\/portableboringmachine.com\/tr\/#website\"},\"datePublished\":\"2016-01-08T07:17:26+00:00\",\"dateModified\":\"2023-07-21T12:21:50+00:00\",\"breadcrumb\":{\"@id\":\"https:\/\/portableboringmachine.com\/tr\/hakkimizda\/takim-listemiz\/#breadcrumb\"},\"inLanguage\":\"tr\",\"potentialAction\":[{\"@type\":\"ReadAction\",\"target\":[\"https:\/\/portableboringmachine.com\/tr\/hakkimizda\/takim-listemiz\/\"]}]},{\"@type\":\"BreadcrumbList\",\"@id\":\"https:\/\/portableboringmachine.com\/tr\/hakkimizda\/takim-listemiz\/#breadcrumb\",\"itemListElement\":[{\"@type\":\"ListItem\",\"position\":1,\"name\":\"Home\",\"item\":\"https:\/\/portableboringmachine.com\/tr\/ev\/\"},{\"@type\":\"ListItem\",\"position\":2,\"name\":\"Tak\u0131m listemiz\"}]},{\"@type\":\"WebSite\",\"@id\":\"https:\/\/portableboringmachine.com\/tr\/#website\",\"url\":\"https:\/\/portableboringmachine.com\/tr\/\",\"name\":\"Portable Line Boring Machine Manufacturer\",\"description\":\"Portable Line Boring Machine Manufacturer\",\"publisher\":{\"@id\":\"https:\/\/portableboringmachine.com\/tr\/#organization\"},\"alternateName\":\"Mobile Boring Machines\",\"potentialAction\":[{\"@type\":\"SearchAction\",\"target\":{\"@type\":\"EntryPoint\",\"urlTemplate\":\"https:\/\/portableboringmachine.com\/tr\/?s={search_term_string}\"},\"query-input\":{\"@type\":\"PropertyValueSpecification\",\"valueRequired\":true,\"valueName\":\"search_term_string\"}}],\"inLanguage\":\"tr\"},{\"@type\":\"Organization\",\"@id\":\"https:\/\/portableboringmachine.com\/tr\/#organization\",\"name\":\"Portable Line Boring Machines\",\"alternateName\":\"Linebortech\",\"url\":\"https:\/\/portableboringmachine.com\/tr\/\",\"logo\":{\"@type\":\"ImageObject\",\"inLanguage\":\"tr\",\"@id\":\"https:\/\/portableboringmachine.com\/tr\/#\/schema\/logo\/image\/\",\"url\":\"https:\/\/portableboringmachine.com\/wp-content\/uploads\/2021\/11\/footer-logo-.png\",\"contentUrl\":\"https:\/\/portableboringmachine.com\/wp-content\/uploads\/2021\/11\/footer-logo-.png\",\"width\":500,\"height\":115,\"caption\":\"Portable Line Boring Machines\"},\"image\":{\"@id\":\"https:\/\/portableboringmachine.com\/tr\/#\/schema\/logo\/image\/\"},\"sameAs\":[\"https:\/\/www.facebook.com\/portablelineboringmachines\",\"https:\/\/www.youtube.com\/@portablelineboringmachines\/videos\"]}]}<\/script>\n<!-- \/ Yoast SEO Premium plugin. -->","yoast_head_json":{"title":"Tak\u0131m listemiz - Portable Line Boring Machine Manufacturer","robots":{"index":"index","follow":"follow","max-snippet":"max-snippet:-1","max-image-preview":"max-image-preview:large","max-video-preview":"max-video-preview:-1"},"canonical":"https:\/\/portableboringmachine.com\/tr\/hakkimizda\/takim-listemiz\/","og_locale":"tr_TR","og_type":"article","og_title":"Tak\u0131m listemiz","og_description":"[vc_row css=&#8221;.vc_custom_1459506521748{margin-bottom: 100px !important;}&#8221;][vc_column width=&#8221;3\/4&#8243;][vc_custom_heading source=&#8221;post_title&#8221; use_theme_fonts=&#8221;yes&#8221; css=&#8221;.vc_custom_1452247174165{margin-bottom: 30px !important;}&#8221;][stm_staff_list count=&#8221;6&#8243;][\/vc_column][vc_column width=&#8221;1\/4&#8243;][stm_sidebar sidebar=&#8221;311&#8243;][\/vc_column][\/vc_row][vc_row full_width=&#8221;stretch_row&#8221; css=&#8221;.vc_custom_1459505959648{margin-bottom: -60px !important;}&#8221; el_class=&#8221;third_bg_color&#8221;][vc_column][vc_cta h2=&#8221;Birinci S\u0131n\u0131f Bir \u0130\u015f Plan\u0131 Dan\u0131\u015fman\u0131 m\u0131 Ar\u0131yorsunuz?&#8221; h2_font_container=&#8221;font_size:20px|color:%23ffffff|line_height:24px&#8221; h2_use_theme_fonts=&#8221;yes&#8221; shape=&#8221;square&#8221; style=&#8221;flat&#8221; add_button=&#8221;right&#8221; btn_title=&#8221;fiyat teklifi al&#8221; btn_style=&#8221;flat&#8221; btn_color=&#8221;theme_style_2&#8243; btn_align=&#8221;right&#8221; btn_i_align=&#8221;right&#8221; btn_i_icon_fontawesome=&#8221;fa fa-chevron-right&#8221; use_custom_fonts_h2=&#8221;true&#8221; btn_link=&#8221;url:%23|&#8221; btn_add_icon=&#8221;true&#8221; el_class=&#8221;third_bg_color&#8221; css=&#8221;.vc_custom_1459505851233{margin-bottom: 0px !important;}&#8221;][\/vc_cta][\/vc_column][\/vc_row]","og_url":"https:\/\/portableboringmachine.com\/tr\/hakkimizda\/takim-listemiz\/","og_site_name":"Portable Line Boring Machine Manufacturer","article_publisher":"https:\/\/www.facebook.com\/portablelineboringmachines","article_modified_time":"2023-07-21T12:21:50+00:00","og_image":[{"width":850,"height":638,"url":"https:\/\/portableboringmachine.com\/wp-content\/uploads\/2016\/01\/Portable-Line-Boring-Machine-BD-50.jpg","type":"image\/jpeg"}],"twitter_misc":{"Tahmini okuma s\u00fcresi":"1 dakika"},"schema":{"@context":"https:\/\/schema.org","@graph":[{"@type":"WebPage","@id":"https:\/\/portableboringmachine.com\/tr\/hakkimizda\/takim-listemiz\/","url":"https:\/\/portableboringmachine.com\/tr\/hakkimizda\/takim-listemiz\/","name":"Tak\u0131m listemiz - Portable Line Boring Machine Manufacturer","isPartOf":{"@id":"https:\/\/portableboringmachine.com\/tr\/#website"},"datePublished":"2016-01-08T07:17:26+00:00","dateModified":"2023-07-21T12:21:50+00:00","breadcrumb":{"@id":"https:\/\/portableboringmachine.com\/tr\/hakkimizda\/takim-listemiz\/#breadcrumb"},"inLanguage":"tr","potentialAction":[{"@type":"ReadAction","target":["https:\/\/portableboringmachine.com\/tr\/hakkimizda\/takim-listemiz\/"]}]},{"@type":"BreadcrumbList","@id":"https:\/\/portableboringmachine.com\/tr\/hakkimizda\/takim-listemiz\/#breadcrumb","itemListElement":[{"@type":"ListItem","position":1,"name":"Home","item":"https:\/\/portableboringmachine.com\/tr\/ev\/"},{"@type":"ListItem","position":2,"name":"Tak\u0131m listemiz"}]},{"@type":"WebSite","@id":"https:\/\/portableboringmachine.com\/tr\/#website","url":"https:\/\/portableboringmachine.com\/tr\/","name":"Portable Line Boring Machine Manufacturer","description":"Portable Line Boring Machine Manufacturer","publisher":{"@id":"https:\/\/portableboringmachine.com\/tr\/#organization"},"alternateName":"Mobile Boring Machines","potentialAction":[{"@type":"SearchAction","target":{"@type":"EntryPoint","urlTemplate":"https:\/\/portableboringmachine.com\/tr\/?s={search_term_string}"},"query-input":{"@type":"PropertyValueSpecification","valueRequired":true,"valueName":"search_term_string"}}],"inLanguage":"tr"},{"@type":"Organization","@id":"https:\/\/portableboringmachine.com\/tr\/#organization","name":"Portable Line Boring Machines","alternateName":"Linebortech","url":"https:\/\/portableboringmachine.com\/tr\/","logo":{"@type":"ImageObject","inLanguage":"tr","@id":"https:\/\/portableboringmachine.com\/tr\/#\/schema\/logo\/image\/","url":"https:\/\/portableboringmachine.com\/wp-content\/uploads\/2021\/11\/footer-logo-.png","contentUrl":"https:\/\/portableboringmachine.com\/wp-content\/uploads\/2021\/11\/footer-logo-.png","width":500,"height":115,"caption":"Portable Line Boring Machines"},"image":{"@id":"https:\/\/portableboringmachine.com\/tr\/#\/schema\/logo\/image\/"},"sameAs":["https:\/\/www.facebook.com\/portablelineboringmachines","https:\/\/www.youtube.com\/@portablelineboringmachines\/videos"]}]}},"_links":{"self":[{"href":"https:\/\/portableboringmachine.com\/tr\/wp-json\/wp\/v2\/pages\/12951","targetHints":{"allow":["GET"]}}],"collection":[{"href":"https:\/\/portableboringmachine.com\/tr\/wp-json\/wp\/v2\/pages"}],"about":[{"href":"https:\/\/portableboringmachine.com\/tr\/wp-json\/wp\/v2\/types\/page"}],"author":[{"embeddable":true,"href":"https:\/\/portableboringmachine.com\/tr\/wp-json\/wp\/v2\/users\/1"}],"replies":[{"embeddable":true,"href":"https:\/\/portableboringmachine.com\/tr\/wp-json\/wp\/v2\/comments?post=12951"}],"version-history":[{"count":0,"href":"https:\/\/portableboringmachine.com\/tr\/wp-json\/wp\/v2\/pages\/12951\/revisions"}],"up":[{"embeddable":true,"href":"https:\/\/portableboringmachine.com\/tr\/wp-json\/wp\/v2\/pages\/13067"}],"wp:attachment":[{"href":"https:\/\/portableboringmachine.com\/tr\/wp-json\/wp\/v2\/media?parent=12951"}],"curies":[{"name":"wp","href":"https:\/\/api.w.org\/{rel}","templated":true}]}}