{"id":13056,"date":"2015-12-15T07:37:33","date_gmt":"2015-12-15T07:37:33","guid":{"rendered":"https:\/\/portableboringmachine.com\/chi-siamo\/"},"modified":"2023-07-21T12:29:55","modified_gmt":"2023-07-21T12:29:55","slug":"chi-siamo","status":"publish","type":"page","link":"https:\/\/portableboringmachine.com\/it\/chi-siamo\/","title":{"rendered":"Chi siamo"},"content":{"rendered":"<section class=\"wpb-content-wrapper\"><p>[vc_row css=&#8221;.vc_custom_1451991003825{margin-bottom: 100px !important;}&#8221;][vc_column offset=&#8221;vc_col-lg-9 vc_col-md-9&#8243;][vc_single_image image=&#8221;3645&#8243; img_size=&#8221;full&#8221;][vc_column_text css=&#8221;.vc_custom_1689675873635{margin-top: 40px !important;}&#8221;]<\/p>\n<h1><strong>Linea Alesatrici e Saldatrici<\/strong><\/h1>\n<p><em><strong>Descrizione della societ\u00e0<\/strong><\/em><\/p>\n<p>LINEBORTECH Machine \u00e8 uno dei leader pi\u00f9 importanti nel settore delle <a href=\"https:\/\/allame.net\/\"><em><strong><u>macchine portatili per alesatura e saldatura<\/u><\/strong><\/em><\/a> .<br \/>\nCon pi\u00f9 di 20 anni di esperienza, la nostra azienda; garantisce soddisfazione e successo su tutti i prodotti.<br \/>\nAllame Experts non si occupa solo di foratrici in linea, ma anche di saldatura MIG\/MAG, automazione elettronica e sistemi di controllo motori.<br \/>\nConsiderando che la maggior parte degli altri produttori di macchine produce macchine monofunzione, la nostra azienda offre macchine multifunzionali con automazione intelligente per gli utenti del settore.<br \/>\nDa oltre 20 anni, il nostro lavoro nei settori correlati ci offre la possibilit\u00e0 di rispondere alle domande che si pongono negli ambienti industriali.<br \/>\nQuando sperimentiamo le nostre macchine, siamo orgogliosi di vedere che molti professionisti di diversi settori hanno cambiato le loro preferenze.<\/p>\n<p>Di seguito i vantaggi nell&#8217;utilizzo <strong><em>di alesatrici e saldatrici in linea<\/em><\/strong> :<br \/>\n\u2022 <strong>Ottimo investimento:<\/strong><br \/>\nNel lavoro di costruzione vengono utilizzate tante macchine e attrezzature. Il costo di queste macchine e attrezzature \u00e8 molto elevato. I costi di queste alesatrici non sono molto alti, quindi puoi facilmente investire i tuoi soldi in essa. \u00c8 di lunga durata, quindi puoi investire i tuoi soldi l\u00ec. Se investi i tuoi soldi in questa macchina, puoi guadagnare un enorme profitto.<br \/>\n\u2022 <strong>Durevole:<\/strong><br \/>\nQuesta macchina \u00e8 resistente, quindi puoi usarla facilmente. \u00c8 realizzato in materiale di alta qualit\u00e0. Tutti i materiali devono superare tanti test prima di essere fabbricati. Questa macchina \u00e8 molto facile da usare, quindi non \u00e8 necessaria alcuna conoscenza speciale per usarla.<br \/>\n\u2022 <strong>Pi\u00f9 veloce:<\/strong><br \/>\n\u00c8 molto pi\u00f9 veloce rispetto ad altre macchine. Puoi usarlo senza alcuna esperienza tecnica.<\/p>\n<p>Per maggiori informazioni <a href=\"https:\/\/portableboringmachine.com\/it\/contatto\/\">contattaci<\/a> ![\/vc_column_text][vc_column_text css=&#8221;.vc_custom_1637746562676{margin-bottom: 34px !important;}&#8221;]<\/p>\n<blockquote><p>Grazie alla fiducia dei nostri clienti, l&#8217;azienda LINEBORTECH Portable Line Boring Machine continua a crescere giorno dopo giorno.<\/p><\/blockquote>\n<p>[\/vc_column_text][vc_row_inner][vc_column_inner width=&#8221;1\/2&#8243;][vc_custom_heading text=&#8221;La nostra missione&#8221; font_container=&#8221;tag:h4|text_align:left|color:%23222222&#8243; use_theme_fonts=&#8221;yes&#8221; css=&#8221;.vc_custom_1453471528699{margin-bottom: 15px !important;}&#8221; el_class=&#8221;no_stripe&#8221;][vc_column_text]Portable Line Boring and Welding Machine ti offre:<\/p>\n<ul>\n<li>Lavora meno ore e guadagna di pi\u00f9.<\/li>\n<li>Produci una buona attrezzatura con una buona qualit\u00e0 e una paga inferiore.<\/li>\n<li>Gestisci il tuo tempo, cos\u00ec puoi fare pi\u00f9 lavoro in meno tempo.<\/li>\n<li>Line Boring and Welding soddisfa le tue esigenze.<\/li>\n<li>Aumenta i tuoi guadagni riducendo i costi senza rinunciare alla qualit\u00e0.<\/li>\n<\/ul>\n<p>[\/vc_column_text][\/vc_column_inner][vc_column_inner width=&#8221;1\/2&#8243;][vc_video link=&#8221;https:\/\/www.youtube.com\/embed\/OUcs_4yI6Vw&#8221; el_aspect=&#8221;43&#8243;][\/vc_column_inner][\/vc_row_inner][vc_separator][vc_column_text]<img decoding=\"async\" class=\"wp-image-3682 size-full alignright lazyload\" data-src=\"https:\/\/portableboringmachine.com\/wp-content\/uploads\/2021\/11\/Linebortech-About-Us.jpg\" alt=\"Linebortech Chi siamo\" width=\"300\" height=\"225\" src=\"data:image\/svg+xml;base64,PHN2ZyB3aWR0aD0iMSIgaGVpZ2h0PSIxIiB4bWxucz0iaHR0cDovL3d3dy53My5vcmcvMjAwMC9zdmciPjwvc3ZnPg==\" style=\"--smush-placeholder-width: 300px; --smush-placeholder-aspect-ratio: 300\/225;\">Conoscere il settore che utilizza le <em>Alesatrici e Saldatrici di Linea<\/em><br \/>\n\u2022 L&#8217;impresa agroalimentare trova in questi gadget un incentivo. In questo settore, vengono utilizzati in diverse macchine tra cui trattori, caricatori e raccoglitori. Sono anche utilizzati nelle connessioni per trattori, spaccalegna ad acqua e altro ancora.<br \/>\n\u2022 Un altro settore che utilizza questo segmento per i propri apparecchi \u00e8 l&#8217;edilizia affabile, escavatori, bulldozer, trencher e le loro connessioni hanno tutti barili alimentati ad acqua. Il business della vitalit\u00e0 ha scoperto l&#8217;uso anche di queste parti.<br \/>\n\u2022 Le alesatrici in linea sono dotate di controllo dell&#8217;ingresso e utilizzano canne azionate ad acqua. Questi barili rendono possibile aprire la strada al controllo del flusso d&#8217;acqua.<\/p>\n<p><a href=\"https:\/\/portableboringmachine.com\/line-boring-machines\/\"><strong><em>Linea Alesatrici e Saldatrici<\/em><\/strong><\/a>[\/vc_column_text][vc_video link=&#8221;https:\/\/www.youtube.com\/embed\/kERdKtExTUQ&#8221;][\/vc_column][vc_column width=&#8221;1\/4&#8243;][stm_sidebar sidebar=&#8221;619&#8243;][\/vc_column][\/vc_row][vc_row full_width=&#8221;stretch_row&#8221; el_class=&#8221;third_bg_color&#8221; css=&#8221;.vc_custom_1451889219674{margin-bottom: -60px !important;}&#8221;][vc_column][vc_cta h2=&#8221;Cerchi la migliore alesatrice in linea in termini di prezzo e prestazioni?&#8221; h2_font_container=&#8221;tag:h2|font_size:20px|text_align:left|color:%23000000|line_height:24px&#8221; h2_use_theme_fonts=&#8221;yes&#8221; shape=&#8221;square&#8221; style=&#8221;flat&#8221; add_button=&#8221;right&#8221; btn_title=&#8221;ottenere un preventivo&#8221; btn_style=&#8221;flat&#8221; btn_color=&#8221;theme_style_2&#8243; btn_align=&#8221;right&#8221; btn_i_align=&#8221;right&#8221; btn_i_icon_fontawesome=&#8221;fa fa-chevron-right&#8221; particles=&#8221;yes&#8221; use_custom_fonts_h2=&#8221;true&#8221; btn_button_block=&#8221;true&#8221; btn_add_icon=&#8221;true&#8221; el_class=&#8221;third_bg_color&#8221; css=&#8221;.vc_custom_1637223059157{margin-bottom: 0px !important;}&#8221; btn_link=&#8221;url:http%3A%2F%2Fportableboringmachine.com%2Fcontact%2F|&#8221;][\/vc_cta][\/vc_column][\/vc_row]<\/p>\n<\/section>","protected":false},"excerpt":{"rendered":"<p>[vc_row css=&#8221;.vc_custom_1451991003825{margin-bottom: 100px !important;}&#8221;][vc_column offset=&#8221;vc_col-lg-9 vc_col-md-9&#8243;][vc_single_image image=&#8221;3645&#8243; img_size=&#8221;full&#8221;][vc_column_text css=&#8221;.vc_custom_1689675873635{margin-top: 40px !important;}&#8221;] Linea Alesatrici e Saldatrici Descrizione della societ\u00e0 LINEBORTECH Machine \u00e8 uno dei leader pi\u00f9 importanti nel settore delle macchine portatili per alesatura e saldatura . Con pi\u00f9 di 20 anni di esperienza, la nostra azienda; garantisce soddisfazione e successo su tutti i prodotti. Allame<\/p>\n","protected":false},"author":1,"featured_media":12038,"parent":0,"menu_order":0,"comment_status":"closed","ping_status":"closed","template":"","meta":{"_joinchat":[],"footnotes":""},"class_list":["post-13056","page","type-page","status-publish","has-post-thumbnail","hentry"],"yoast_head":"<!-- This site is optimized with the Yoast SEO Premium plugin v26.6 (Yoast SEO v27.0) - https:\/\/yoast.com\/product\/yoast-seo-premium-wordpress\/ -->\n<title>Chi siamo - Portable Line Boring Machine Manufacturer<\/title>\n<meta name=\"description\" content=\"LINEBORTECH Machine \u00e8 uno dei leader pi\u00f9 importanti nel settore delle macchine portatili per alesatura e saldatura.\" \/>\n<meta name=\"robots\" content=\"index, follow, max-snippet:-1, max-image-preview:large, max-video-preview:-1\" \/>\n<link rel=\"canonical\" href=\"https:\/\/portableboringmachine.com\/it\/chi-siamo\/\" \/>\n<meta property=\"og:locale\" content=\"it_IT\" \/>\n<meta property=\"og:type\" content=\"article\" \/>\n<meta property=\"og:title\" content=\"Chi siamo\" \/>\n<meta property=\"og:description\" content=\"LINEBORTECH Machine \u00e8 uno dei leader pi\u00f9 importanti nel settore delle macchine portatili per alesatura e saldatura.\" \/>\n<meta property=\"og:url\" content=\"https:\/\/portableboringmachine.com\/it\/chi-siamo\/\" \/>\n<meta property=\"og:site_name\" content=\"Portable Line Boring Machine Manufacturer\" \/>\n<meta property=\"article:publisher\" content=\"https:\/\/www.facebook.com\/portablelineboringmachines\" \/>\n<meta property=\"article:modified_time\" content=\"2023-07-21T12:29:55+00:00\" \/>\n<meta property=\"og:image\" content=\"https:\/\/portableboringmachine.com\/wp-content\/uploads\/2016\/01\/Portable-Line-Boring-Machine-BD-40-.jpg\" \/>\n\t<meta property=\"og:image:width\" content=\"800\" \/>\n\t<meta property=\"og:image:height\" content=\"708\" \/>\n\t<meta property=\"og:image:type\" content=\"image\/jpeg\" \/>\n<meta name=\"twitter:label1\" content=\"Tempo di lettura stimato\" \/>\n\t<meta name=\"twitter:data1\" content=\"4 minuti\" \/>\n<script type=\"application\/ld+json\" class=\"yoast-schema-graph\">{\"@context\":\"https:\/\/schema.org\",\"@graph\":[{\"@type\":\"WebPage\",\"@id\":\"https:\/\/portableboringmachine.com\/it\/chi-siamo\/\",\"url\":\"https:\/\/portableboringmachine.com\/it\/chi-siamo\/\",\"name\":\"Chi siamo - Portable Line Boring Machine Manufacturer\",\"isPartOf\":{\"@id\":\"https:\/\/portableboringmachine.com\/it\/#website\"},\"primaryImageOfPage\":{\"@id\":\"https:\/\/portableboringmachine.com\/it\/chi-siamo\/#primaryimage\"},\"image\":{\"@id\":\"https:\/\/portableboringmachine.com\/it\/chi-siamo\/#primaryimage\"},\"thumbnailUrl\":\"https:\/\/portableboringmachine.com\/wp-content\/uploads\/2016\/01\/Portable-Line-Boring-Machine-BD-40-.jpg\",\"datePublished\":\"2015-12-15T07:37:33+00:00\",\"dateModified\":\"2023-07-21T12:29:55+00:00\",\"description\":\"LINEBORTECH Machine \u00e8 uno dei leader pi\u00f9 importanti nel settore delle macchine portatili per alesatura e saldatura.\",\"breadcrumb\":{\"@id\":\"https:\/\/portableboringmachine.com\/it\/chi-siamo\/#breadcrumb\"},\"inLanguage\":\"it-IT\",\"potentialAction\":[{\"@type\":\"ReadAction\",\"target\":[\"https:\/\/portableboringmachine.com\/it\/chi-siamo\/\"]}]},{\"@type\":\"ImageObject\",\"inLanguage\":\"it-IT\",\"@id\":\"https:\/\/portableboringmachine.com\/it\/chi-siamo\/#primaryimage\",\"url\":\"https:\/\/portableboringmachine.com\/wp-content\/uploads\/2016\/01\/Portable-Line-Boring-Machine-BD-40-.jpg\",\"contentUrl\":\"https:\/\/portableboringmachine.com\/wp-content\/uploads\/2016\/01\/Portable-Line-Boring-Machine-BD-40-.jpg\",\"width\":800,\"height\":708},{\"@type\":\"BreadcrumbList\",\"@id\":\"https:\/\/portableboringmachine.com\/it\/chi-siamo\/#breadcrumb\",\"itemListElement\":[{\"@type\":\"ListItem\",\"position\":1,\"name\":\"Home\",\"item\":\"https:\/\/portableboringmachine.com\/it\/casa\/\"},{\"@type\":\"ListItem\",\"position\":2,\"name\":\"Chi siamo\"}]},{\"@type\":\"WebSite\",\"@id\":\"https:\/\/portableboringmachine.com\/it\/#website\",\"url\":\"https:\/\/portableboringmachine.com\/it\/\",\"name\":\"Portable Line Boring Machine Manufacturer\",\"description\":\"Portable Line Boring Machine Manufacturer\",\"publisher\":{\"@id\":\"https:\/\/portableboringmachine.com\/it\/#organization\"},\"alternateName\":\"Mobile Boring Machines\",\"potentialAction\":[{\"@type\":\"SearchAction\",\"target\":{\"@type\":\"EntryPoint\",\"urlTemplate\":\"https:\/\/portableboringmachine.com\/it\/?s={search_term_string}\"},\"query-input\":{\"@type\":\"PropertyValueSpecification\",\"valueRequired\":true,\"valueName\":\"search_term_string\"}}],\"inLanguage\":\"it-IT\"},{\"@type\":\"Organization\",\"@id\":\"https:\/\/portableboringmachine.com\/it\/#organization\",\"name\":\"Portable Line Boring Machines\",\"alternateName\":\"Linebortech\",\"url\":\"https:\/\/portableboringmachine.com\/it\/\",\"logo\":{\"@type\":\"ImageObject\",\"inLanguage\":\"it-IT\",\"@id\":\"https:\/\/portableboringmachine.com\/it\/#\/schema\/logo\/image\/\",\"url\":\"https:\/\/portableboringmachine.com\/wp-content\/uploads\/2021\/11\/footer-logo-.png\",\"contentUrl\":\"https:\/\/portableboringmachine.com\/wp-content\/uploads\/2021\/11\/footer-logo-.png\",\"width\":500,\"height\":115,\"caption\":\"Portable Line Boring Machines\"},\"image\":{\"@id\":\"https:\/\/portableboringmachine.com\/it\/#\/schema\/logo\/image\/\"},\"sameAs\":[\"https:\/\/www.facebook.com\/portablelineboringmachines\",\"https:\/\/www.youtube.com\/@portablelineboringmachines\/videos\"]}]}<\/script>\n<!-- \/ Yoast SEO Premium plugin. -->","yoast_head_json":{"title":"Chi siamo - Portable Line Boring Machine Manufacturer","description":"LINEBORTECH Machine \u00e8 uno dei leader pi\u00f9 importanti nel settore delle macchine portatili per alesatura e saldatura.","robots":{"index":"index","follow":"follow","max-snippet":"max-snippet:-1","max-image-preview":"max-image-preview:large","max-video-preview":"max-video-preview:-1"},"canonical":"https:\/\/portableboringmachine.com\/it\/chi-siamo\/","og_locale":"it_IT","og_type":"article","og_title":"Chi siamo","og_description":"LINEBORTECH Machine \u00e8 uno dei leader pi\u00f9 importanti nel settore delle macchine portatili per alesatura e saldatura.","og_url":"https:\/\/portableboringmachine.com\/it\/chi-siamo\/","og_site_name":"Portable Line Boring Machine Manufacturer","article_publisher":"https:\/\/www.facebook.com\/portablelineboringmachines","article_modified_time":"2023-07-21T12:29:55+00:00","og_image":[{"width":800,"height":708,"url":"https:\/\/portableboringmachine.com\/wp-content\/uploads\/2016\/01\/Portable-Line-Boring-Machine-BD-40-.jpg","type":"image\/jpeg"}],"twitter_misc":{"Tempo di lettura stimato":"4 minuti"},"schema":{"@context":"https:\/\/schema.org","@graph":[{"@type":"WebPage","@id":"https:\/\/portableboringmachine.com\/it\/chi-siamo\/","url":"https:\/\/portableboringmachine.com\/it\/chi-siamo\/","name":"Chi siamo - Portable Line Boring Machine Manufacturer","isPartOf":{"@id":"https:\/\/portableboringmachine.com\/it\/#website"},"primaryImageOfPage":{"@id":"https:\/\/portableboringmachine.com\/it\/chi-siamo\/#primaryimage"},"image":{"@id":"https:\/\/portableboringmachine.com\/it\/chi-siamo\/#primaryimage"},"thumbnailUrl":"https:\/\/portableboringmachine.com\/wp-content\/uploads\/2016\/01\/Portable-Line-Boring-Machine-BD-40-.jpg","datePublished":"2015-12-15T07:37:33+00:00","dateModified":"2023-07-21T12:29:55+00:00","description":"LINEBORTECH Machine \u00e8 uno dei leader pi\u00f9 importanti nel settore delle macchine portatili per alesatura e saldatura.","breadcrumb":{"@id":"https:\/\/portableboringmachine.com\/it\/chi-siamo\/#breadcrumb"},"inLanguage":"it-IT","potentialAction":[{"@type":"ReadAction","target":["https:\/\/portableboringmachine.com\/it\/chi-siamo\/"]}]},{"@type":"ImageObject","inLanguage":"it-IT","@id":"https:\/\/portableboringmachine.com\/it\/chi-siamo\/#primaryimage","url":"https:\/\/portableboringmachine.com\/wp-content\/uploads\/2016\/01\/Portable-Line-Boring-Machine-BD-40-.jpg","contentUrl":"https:\/\/portableboringmachine.com\/wp-content\/uploads\/2016\/01\/Portable-Line-Boring-Machine-BD-40-.jpg","width":800,"height":708},{"@type":"BreadcrumbList","@id":"https:\/\/portableboringmachine.com\/it\/chi-siamo\/#breadcrumb","itemListElement":[{"@type":"ListItem","position":1,"name":"Home","item":"https:\/\/portableboringmachine.com\/it\/casa\/"},{"@type":"ListItem","position":2,"name":"Chi siamo"}]},{"@type":"WebSite","@id":"https:\/\/portableboringmachine.com\/it\/#website","url":"https:\/\/portableboringmachine.com\/it\/","name":"Portable Line Boring Machine Manufacturer","description":"Portable Line Boring Machine Manufacturer","publisher":{"@id":"https:\/\/portableboringmachine.com\/it\/#organization"},"alternateName":"Mobile Boring Machines","potentialAction":[{"@type":"SearchAction","target":{"@type":"EntryPoint","urlTemplate":"https:\/\/portableboringmachine.com\/it\/?s={search_term_string}"},"query-input":{"@type":"PropertyValueSpecification","valueRequired":true,"valueName":"search_term_string"}}],"inLanguage":"it-IT"},{"@type":"Organization","@id":"https:\/\/portableboringmachine.com\/it\/#organization","name":"Portable Line Boring Machines","alternateName":"Linebortech","url":"https:\/\/portableboringmachine.com\/it\/","logo":{"@type":"ImageObject","inLanguage":"it-IT","@id":"https:\/\/portableboringmachine.com\/it\/#\/schema\/logo\/image\/","url":"https:\/\/portableboringmachine.com\/wp-content\/uploads\/2021\/11\/footer-logo-.png","contentUrl":"https:\/\/portableboringmachine.com\/wp-content\/uploads\/2021\/11\/footer-logo-.png","width":500,"height":115,"caption":"Portable Line Boring Machines"},"image":{"@id":"https:\/\/portableboringmachine.com\/it\/#\/schema\/logo\/image\/"},"sameAs":["https:\/\/www.facebook.com\/portablelineboringmachines","https:\/\/www.youtube.com\/@portablelineboringmachines\/videos"]}]}},"_links":{"self":[{"href":"https:\/\/portableboringmachine.com\/it\/wp-json\/wp\/v2\/pages\/13056","targetHints":{"allow":["GET"]}}],"collection":[{"href":"https:\/\/portableboringmachine.com\/it\/wp-json\/wp\/v2\/pages"}],"about":[{"href":"https:\/\/portableboringmachine.com\/it\/wp-json\/wp\/v2\/types\/page"}],"author":[{"embeddable":true,"href":"https:\/\/portableboringmachine.com\/it\/wp-json\/wp\/v2\/users\/1"}],"replies":[{"embeddable":true,"href":"https:\/\/portableboringmachine.com\/it\/wp-json\/wp\/v2\/comments?post=13056"}],"version-history":[{"count":0,"href":"https:\/\/portableboringmachine.com\/it\/wp-json\/wp\/v2\/pages\/13056\/revisions"}],"wp:featuredmedia":[{"embeddable":true,"href":"https:\/\/portableboringmachine.com\/it\/wp-json\/wp\/v2\/media\/12038"}],"wp:attachment":[{"href":"https:\/\/portableboringmachine.com\/it\/wp-json\/wp\/v2\/media?parent=13056"}],"curies":[{"name":"wp","href":"https:\/\/api.w.org\/{rel}","templated":true}]}}