{"id":20127,"date":"2025-12-01T12:46:39","date_gmt":"2025-12-01T12:46:39","guid":{"rendered":"https:\/\/portableboringmachine.com\/?page_id=20127"},"modified":"2025-12-02T11:08:13","modified_gmt":"2025-12-02T11:08:13","slug":"galerie-de-photos","status":"publish","type":"page","link":"https:\/\/portableboringmachine.com\/fr\/galerie-de-photos\/","title":{"rendered":"Galerie de photos"},"content":{"rendered":"<section class=\"wpb-content-wrapper\"><p>[vc_row][vc_column][vc_row_inner][vc_column_inner][vc_gallery images=&#8221;19888,19895,19902,19909,19916,19923,19935,19942,19949,20053,20060,20067,20074,20081,20088,20095,20102,20109&#8243; img_size=&#8221;350&#215;263&#8243;][\/vc_column_inner][\/vc_row_inner][\/vc_column][\/vc_row][vc_row full_width=&#8221;stretch_row&#8221; css=&#8221;.vc_custom_1459505959648{margin-bottom: -60px !important;}&#8221; el_class=&#8221;third_bg_color&#8221;][vc_column][vc_cta h2=&#8221;IF YOU WANT TO ORDER PORTABLE BORING MACHINES!&#8221; h2_font_container=&#8221;tag:h2|font_size:20px|text_align:left|color:%23ffffff|line_height:24px&#8221; h2_use_theme_fonts=&#8221;yes&#8221; shape=&#8221;square&#8221; style=&#8221;flat&#8221; add_button=&#8221;right&#8221; btn_title=&#8221;get a quote&#8221; btn_style=&#8221;flat&#8221; btn_color=&#8221;theme_style_2&#8243; btn_align=&#8221;right&#8221; btn_i_align=&#8221;right&#8221; btn_i_icon_fontawesome=&#8221;stm-nokia_outline&#8221; particles=&#8221;yes&#8221; use_custom_fonts_h2=&#8221;true&#8221; btn_add_icon=&#8221;true&#8221; btn_link=&#8221;url:https%3A%2F%2Fportableboringmachine.com%2Fcontact%2F|title:Contact&#8221; el_class=&#8221;third_bg_color&#8221; css=&#8221;.vc_custom_1764616957088{margin-bottom: 0px !important;}&#8221;][\/vc_cta][\/vc_column][\/vc_row]<\/p>\n<\/section>","protected":false},"excerpt":{"rendered":"<p>[vc_row][vc_column][vc_row_inner][vc_column_inner][vc_gallery images=&#8221;19888,19895,19902,19909,19916,19923,19935,19942,19949,20053,20060,20067,20074,20081,20088,20095,20102,20109&#8243; img_size=&#8221;350&#215;263&#8243;][\/vc_column_inner][\/vc_row_inner][\/vc_column][\/vc_row][vc_row full_width=&#8221;stretch_row&#8221; css=&#8221;.vc_custom_1459505959648{margin-bottom: -60px !important;}&#8221; el_class=&#8221;third_bg_color&#8221;][vc_column][vc_cta h2=&#8221;IF YOU WANT TO ORDER PORTABLE BORING MACHINES!&#8221; h2_font_container=&#8221;tag:h2|font_size:20px|text_align:left|color:%23ffffff|line_height:24px&#8221; h2_use_theme_fonts=&#8221;yes&#8221; shape=&#8221;square&#8221; style=&#8221;flat&#8221; add_button=&#8221;right&#8221; btn_title=&#8221;get a quote&#8221; btn_style=&#8221;flat&#8221; btn_color=&#8221;theme_style_2&#8243; btn_align=&#8221;right&#8221; btn_i_align=&#8221;right&#8221; btn_i_icon_fontawesome=&#8221;stm-nokia_outline&#8221; particles=&#8221;yes&#8221; use_custom_fonts_h2=&#8221;true&#8221; btn_add_icon=&#8221;true&#8221; btn_link=&#8221;url:https%3A%2F%2Fportableboringmachine.com%2Fcontact%2F|title:Contact&#8221; el_class=&#8221;third_bg_color&#8221; css=&#8221;.vc_custom_1764616957088{margin-bottom: 0px !important;}&#8221;][\/vc_cta][\/vc_column][\/vc_row]<\/p>\n","protected":false},"author":3,"featured_media":20075,"parent":0,"menu_order":0,"comment_status":"closed","ping_status":"closed","template":"","meta":{"_joinchat":[],"footnotes":""},"class_list":["post-20127","page","type-page","status-publish","has-post-thumbnail","hentry"],"yoast_head":"<!-- This site is optimized with the Yoast SEO Premium plugin v26.6 (Yoast SEO v27.0) - https:\/\/yoast.com\/product\/yoast-seo-premium-wordpress\/ -->\n<title>Galerie de photos - Portable Line Boring Machine Manufacturer<\/title>\n<meta name=\"description\" content=\"Photos de machines portables d&#039;al\u00e9sage et de soudage. Voir les d\u00e9tails en gros plan, les photos prises sur le terrain et les images des produits de la s\u00e9rie BD.\" \/>\n<meta name=\"robots\" content=\"index, follow, max-snippet:-1, max-image-preview:large, max-video-preview:-1\" \/>\n<link rel=\"canonical\" href=\"https:\/\/portableboringmachine.com\/fr\/galerie-de-photos\/\" \/>\n<meta property=\"og:locale\" content=\"fr_FR\" \/>\n<meta property=\"og:type\" content=\"article\" \/>\n<meta property=\"og:title\" content=\"Galerie de photos\" \/>\n<meta property=\"og:description\" content=\"Photos de machines portables d&#039;al\u00e9sage et de soudage. Voir les d\u00e9tails en gros plan, les photos prises sur le terrain et les images des produits de la s\u00e9rie BD.\" \/>\n<meta property=\"og:url\" content=\"https:\/\/portableboringmachine.com\/fr\/galerie-de-photos\/\" \/>\n<meta property=\"og:site_name\" content=\"Portable Line Boring Machine Manufacturer\" \/>\n<meta property=\"article:publisher\" content=\"https:\/\/www.facebook.com\/portablelineboringmachines\" \/>\n<meta property=\"article:modified_time\" content=\"2025-12-02T11:08:13+00:00\" \/>\n<meta property=\"og:image\" content=\"https:\/\/portableboringmachine.com\/wp-content\/uploads\/2025\/12\/Portable-Boring-Welding-Machines-Gallery-13.webp\" \/>\n\t<meta property=\"og:image:width\" content=\"1600\" \/>\n\t<meta property=\"og:image:height\" content=\"1200\" \/>\n\t<meta property=\"og:image:type\" content=\"image\/webp\" \/>\n<meta name=\"twitter:label1\" content=\"Dur\u00e9e de lecture estim\u00e9e\" \/>\n\t<meta name=\"twitter:data1\" content=\"1 minute\" \/>\n<script type=\"application\/ld+json\" class=\"yoast-schema-graph\">{\"@context\":\"https:\/\/schema.org\",\"@graph\":[{\"@type\":\"WebPage\",\"@id\":\"https:\/\/portableboringmachine.com\/fr\/galerie-de-photos\/\",\"url\":\"https:\/\/portableboringmachine.com\/fr\/galerie-de-photos\/\",\"name\":\"Galerie de photos - Portable Line Boring Machine Manufacturer\",\"isPartOf\":{\"@id\":\"https:\/\/portableboringmachine.com\/fr\/#website\"},\"primaryImageOfPage\":{\"@id\":\"https:\/\/portableboringmachine.com\/fr\/galerie-de-photos\/#primaryimage\"},\"image\":{\"@id\":\"https:\/\/portableboringmachine.com\/fr\/galerie-de-photos\/#primaryimage\"},\"thumbnailUrl\":\"https:\/\/portableboringmachine.com\/wp-content\/uploads\/2025\/12\/Portable-Boring-Welding-Machines-Gallery-13.webp\",\"datePublished\":\"2025-12-01T12:46:39+00:00\",\"dateModified\":\"2025-12-02T11:08:13+00:00\",\"description\":\"Photos de machines portables d'al\u00e9sage et de soudage. Voir les d\u00e9tails en gros plan, les photos prises sur le terrain et les images des produits de la s\u00e9rie BD.\",\"breadcrumb\":{\"@id\":\"https:\/\/portableboringmachine.com\/fr\/galerie-de-photos\/#breadcrumb\"},\"inLanguage\":\"fr-FR\",\"potentialAction\":[{\"@type\":\"ReadAction\",\"target\":[\"https:\/\/portableboringmachine.com\/fr\/galerie-de-photos\/\"]}]},{\"@type\":\"ImageObject\",\"inLanguage\":\"fr-FR\",\"@id\":\"https:\/\/portableboringmachine.com\/fr\/galerie-de-photos\/#primaryimage\",\"url\":\"https:\/\/portableboringmachine.com\/wp-content\/uploads\/2025\/12\/Portable-Boring-Welding-Machines-Gallery-13.webp\",\"contentUrl\":\"https:\/\/portableboringmachine.com\/wp-content\/uploads\/2025\/12\/Portable-Boring-Welding-Machines-Gallery-13.webp\",\"width\":1600,\"height\":1200,\"caption\":\"Portable Boring Welding Machines Gallery\"},{\"@type\":\"BreadcrumbList\",\"@id\":\"https:\/\/portableboringmachine.com\/fr\/galerie-de-photos\/#breadcrumb\",\"itemListElement\":[{\"@type\":\"ListItem\",\"position\":1,\"name\":\"Home\",\"item\":\"https:\/\/portableboringmachine.com\/fr\/maison\/\"},{\"@type\":\"ListItem\",\"position\":2,\"name\":\"Galerie de photos\"}]},{\"@type\":\"WebSite\",\"@id\":\"https:\/\/portableboringmachine.com\/fr\/#website\",\"url\":\"https:\/\/portableboringmachine.com\/fr\/\",\"name\":\"Portable Line Boring Machine Manufacturer\",\"description\":\"Portable Line Boring Machine Manufacturer\",\"publisher\":{\"@id\":\"https:\/\/portableboringmachine.com\/fr\/#organization\"},\"alternateName\":\"Mobile Boring Machines\",\"potentialAction\":[{\"@type\":\"SearchAction\",\"target\":{\"@type\":\"EntryPoint\",\"urlTemplate\":\"https:\/\/portableboringmachine.com\/fr\/?s={search_term_string}\"},\"query-input\":{\"@type\":\"PropertyValueSpecification\",\"valueRequired\":true,\"valueName\":\"search_term_string\"}}],\"inLanguage\":\"fr-FR\"},{\"@type\":\"Organization\",\"@id\":\"https:\/\/portableboringmachine.com\/fr\/#organization\",\"name\":\"Portable Line Boring Machines\",\"alternateName\":\"Linebortech\",\"url\":\"https:\/\/portableboringmachine.com\/fr\/\",\"logo\":{\"@type\":\"ImageObject\",\"inLanguage\":\"fr-FR\",\"@id\":\"https:\/\/portableboringmachine.com\/fr\/#\/schema\/logo\/image\/\",\"url\":\"https:\/\/portableboringmachine.com\/wp-content\/uploads\/2021\/11\/footer-logo-.png\",\"contentUrl\":\"https:\/\/portableboringmachine.com\/wp-content\/uploads\/2021\/11\/footer-logo-.png\",\"width\":500,\"height\":115,\"caption\":\"Portable Line Boring Machines\"},\"image\":{\"@id\":\"https:\/\/portableboringmachine.com\/fr\/#\/schema\/logo\/image\/\"},\"sameAs\":[\"https:\/\/www.facebook.com\/portablelineboringmachines\",\"https:\/\/www.youtube.com\/@portablelineboringmachines\/videos\"]}]}<\/script>\n<!-- \/ Yoast SEO Premium plugin. -->","yoast_head_json":{"title":"Galerie de photos - Portable Line Boring Machine Manufacturer","description":"Photos de machines portables d'al\u00e9sage et de soudage. Voir les d\u00e9tails en gros plan, les photos prises sur le terrain et les images des produits de la s\u00e9rie BD.","robots":{"index":"index","follow":"follow","max-snippet":"max-snippet:-1","max-image-preview":"max-image-preview:large","max-video-preview":"max-video-preview:-1"},"canonical":"https:\/\/portableboringmachine.com\/fr\/galerie-de-photos\/","og_locale":"fr_FR","og_type":"article","og_title":"Galerie de photos","og_description":"Photos de machines portables d'al\u00e9sage et de soudage. Voir les d\u00e9tails en gros plan, les photos prises sur le terrain et les images des produits de la s\u00e9rie BD.","og_url":"https:\/\/portableboringmachine.com\/fr\/galerie-de-photos\/","og_site_name":"Portable Line Boring Machine Manufacturer","article_publisher":"https:\/\/www.facebook.com\/portablelineboringmachines","article_modified_time":"2025-12-02T11:08:13+00:00","og_image":[{"width":1600,"height":1200,"url":"https:\/\/portableboringmachine.com\/wp-content\/uploads\/2025\/12\/Portable-Boring-Welding-Machines-Gallery-13.webp","type":"image\/webp"}],"twitter_misc":{"Dur\u00e9e de lecture estim\u00e9e":"1 minute"},"schema":{"@context":"https:\/\/schema.org","@graph":[{"@type":"WebPage","@id":"https:\/\/portableboringmachine.com\/fr\/galerie-de-photos\/","url":"https:\/\/portableboringmachine.com\/fr\/galerie-de-photos\/","name":"Galerie de photos - Portable Line Boring Machine Manufacturer","isPartOf":{"@id":"https:\/\/portableboringmachine.com\/fr\/#website"},"primaryImageOfPage":{"@id":"https:\/\/portableboringmachine.com\/fr\/galerie-de-photos\/#primaryimage"},"image":{"@id":"https:\/\/portableboringmachine.com\/fr\/galerie-de-photos\/#primaryimage"},"thumbnailUrl":"https:\/\/portableboringmachine.com\/wp-content\/uploads\/2025\/12\/Portable-Boring-Welding-Machines-Gallery-13.webp","datePublished":"2025-12-01T12:46:39+00:00","dateModified":"2025-12-02T11:08:13+00:00","description":"Photos de machines portables d'al\u00e9sage et de soudage. Voir les d\u00e9tails en gros plan, les photos prises sur le terrain et les images des produits de la s\u00e9rie BD.","breadcrumb":{"@id":"https:\/\/portableboringmachine.com\/fr\/galerie-de-photos\/#breadcrumb"},"inLanguage":"fr-FR","potentialAction":[{"@type":"ReadAction","target":["https:\/\/portableboringmachine.com\/fr\/galerie-de-photos\/"]}]},{"@type":"ImageObject","inLanguage":"fr-FR","@id":"https:\/\/portableboringmachine.com\/fr\/galerie-de-photos\/#primaryimage","url":"https:\/\/portableboringmachine.com\/wp-content\/uploads\/2025\/12\/Portable-Boring-Welding-Machines-Gallery-13.webp","contentUrl":"https:\/\/portableboringmachine.com\/wp-content\/uploads\/2025\/12\/Portable-Boring-Welding-Machines-Gallery-13.webp","width":1600,"height":1200,"caption":"Portable Boring Welding Machines Gallery"},{"@type":"BreadcrumbList","@id":"https:\/\/portableboringmachine.com\/fr\/galerie-de-photos\/#breadcrumb","itemListElement":[{"@type":"ListItem","position":1,"name":"Home","item":"https:\/\/portableboringmachine.com\/fr\/maison\/"},{"@type":"ListItem","position":2,"name":"Galerie de photos"}]},{"@type":"WebSite","@id":"https:\/\/portableboringmachine.com\/fr\/#website","url":"https:\/\/portableboringmachine.com\/fr\/","name":"Portable Line Boring Machine Manufacturer","description":"Portable Line Boring Machine Manufacturer","publisher":{"@id":"https:\/\/portableboringmachine.com\/fr\/#organization"},"alternateName":"Mobile Boring Machines","potentialAction":[{"@type":"SearchAction","target":{"@type":"EntryPoint","urlTemplate":"https:\/\/portableboringmachine.com\/fr\/?s={search_term_string}"},"query-input":{"@type":"PropertyValueSpecification","valueRequired":true,"valueName":"search_term_string"}}],"inLanguage":"fr-FR"},{"@type":"Organization","@id":"https:\/\/portableboringmachine.com\/fr\/#organization","name":"Portable Line Boring Machines","alternateName":"Linebortech","url":"https:\/\/portableboringmachine.com\/fr\/","logo":{"@type":"ImageObject","inLanguage":"fr-FR","@id":"https:\/\/portableboringmachine.com\/fr\/#\/schema\/logo\/image\/","url":"https:\/\/portableboringmachine.com\/wp-content\/uploads\/2021\/11\/footer-logo-.png","contentUrl":"https:\/\/portableboringmachine.com\/wp-content\/uploads\/2021\/11\/footer-logo-.png","width":500,"height":115,"caption":"Portable Line Boring Machines"},"image":{"@id":"https:\/\/portableboringmachine.com\/fr\/#\/schema\/logo\/image\/"},"sameAs":["https:\/\/www.facebook.com\/portablelineboringmachines","https:\/\/www.youtube.com\/@portablelineboringmachines\/videos"]}]}},"_links":{"self":[{"href":"https:\/\/portableboringmachine.com\/fr\/wp-json\/wp\/v2\/pages\/20127","targetHints":{"allow":["GET"]}}],"collection":[{"href":"https:\/\/portableboringmachine.com\/fr\/wp-json\/wp\/v2\/pages"}],"about":[{"href":"https:\/\/portableboringmachine.com\/fr\/wp-json\/wp\/v2\/types\/page"}],"author":[{"embeddable":true,"href":"https:\/\/portableboringmachine.com\/fr\/wp-json\/wp\/v2\/users\/3"}],"replies":[{"embeddable":true,"href":"https:\/\/portableboringmachine.com\/fr\/wp-json\/wp\/v2\/comments?post=20127"}],"version-history":[{"count":0,"href":"https:\/\/portableboringmachine.com\/fr\/wp-json\/wp\/v2\/pages\/20127\/revisions"}],"wp:featuredmedia":[{"embeddable":true,"href":"https:\/\/portableboringmachine.com\/fr\/wp-json\/wp\/v2\/media\/20075"}],"wp:attachment":[{"href":"https:\/\/portableboringmachine.com\/fr\/wp-json\/wp\/v2\/media?parent=20127"}],"curies":[{"name":"wp","href":"https:\/\/api.w.org\/{rel}","templated":true}]}}