{"id":13044,"date":"2015-12-15T07:37:33","date_gmt":"2015-12-15T07:37:33","guid":{"rendered":"https:\/\/portableboringmachine.com\/a-propos-de-nous\/"},"modified":"2023-07-21T12:29:55","modified_gmt":"2023-07-21T12:29:55","slug":"a-propos-de-nous","status":"publish","type":"page","link":"https:\/\/portableboringmachine.com\/fr\/a-propos-de-nous\/","title":{"rendered":"\u00c0 propos de nous"},"content":{"rendered":"<section class=\"wpb-content-wrapper\"><p>[vc_row css=&#8221;.vc_custom_1451991003825{margin-bottom: 100px !important;}&#8221;][vc_column offset=&#8221;vc_col-lg-9 vc_col-md-9&#8243;][vc_single_image image=&#8221;3645&#8243; img_size=&#8221;full&#8221;][vc_column_text css=&#8221;.vc_custom_1689675873635{margin-top: 40px !important;}&#8221;]<\/p>\n<h1><strong>Machines d&#8217;al\u00e9sage et de soudage en ligne<\/strong><\/h1>\n<p><em><strong>Pr\u00e9sentation de l&#8217;entreprise<\/strong><\/em><\/p>\n<p>LINEBORTECH Machine est l&#8217;un des leaders les plus importants dans le domaine des <a href=\"https:\/\/allame.net\/\"><em><strong><u>machines portatives d&#8217;al\u00e9sage et de soudage en ligne<\/u><\/strong><\/em><\/a> .<br \/>\nAvec plus de 20 ans d&#8217;exp\u00e9rience, notre entreprise; il garantit satisfaction et succ\u00e8s sur tous les produits.<br \/>\nLes experts d&#8217;Allame ne sont pas seulement impliqu\u00e9s dans les al\u00e9seuses en ligne, mais aussi dans le soudage MIG \/ MAG, l&#8217;automatisation \u00e9lectronique et les syst\u00e8mes de contr\u00f4le des moteurs.<br \/>\nConsid\u00e9rant que la plupart des autres fabricants de machines produisent des machines \u00e0 fonction unique, notre soci\u00e9t\u00e9 propose des machines multifonctionnelles avec automatisation intelligente pour les utilisateurs de l&#8217;industrie.<br \/>\nDepuis plus de 20 ans, notre travail dans des secteurs connexes nous donne la chance de r\u00e9pondre aux questions auxquelles sont confront\u00e9s les milieux industriels.<br \/>\nLorsque nous faisons l&#8217;exp\u00e9rience de nos machines, nous sommes fiers de constater que de nombreux professionnels de diff\u00e9rents secteurs ont chang\u00e9 leurs pr\u00e9f\u00e9rences.<\/p>\n<p>Voici les avantages d&#8217;utiliser <strong><em>des machines d&#8217;al\u00e9sage et de soudage en ligne<\/em><\/strong> :<br \/>\n\u2022 <strong>Excellent investissement&nbsp;:<\/strong><br \/>\nDans les travaux de construction, il y a tellement de machines et d&#8217;\u00e9quipements utilis\u00e9s. Le co\u00fbt de ces machines et \u00e9quipements est tr\u00e8s \u00e9lev\u00e9. Les co\u00fbts de ces al\u00e9seuses ne sont pas tr\u00e8s \u00e9lev\u00e9s, vous pouvez donc facilement y investir votre argent. Il est de longue dur\u00e9e afin que vous puissiez y investir votre argent. Si vous investissez votre argent dans cette machine, vous pouvez r\u00e9aliser un \u00e9norme profit.<br \/>\n\u2022 <strong>Durable&nbsp;:<\/strong><br \/>\nCette machine est durable, vous pouvez donc l&#8217;utiliser facilement. Il est fabriqu\u00e9 \u00e0 partir de mat\u00e9riaux de haute qualit\u00e9. Tous les mat\u00e9riaux doivent passer de nombreux tests avant d&#8217;\u00eatre fabriqu\u00e9s. Cette machine est tr\u00e8s facile \u00e0 utiliser, vous n&#8217;avez donc pas besoin de connaissances particuli\u00e8res pour l&#8217;utiliser.<br \/>\n\u2022 <strong>Plus rapide&nbsp;:<\/strong><br \/>\nIl est tr\u00e8s rapide par rapport aux autres machines. Vous pouvez l&#8217;utiliser sans aucune exp\u00e9rience technique.<\/p>\n<p>Pour plus d&#8217;informations, <a href=\"https:\/\/portableboringmachine.com\/fr\/contact\/\">contactez<\/a> -nous![\/vc_column_text][vc_column_text css=&#8221;.vc_custom_1637746562676{margin-bottom: 34px !important;}&#8221;]<\/p>\n<blockquote><p>Gr\u00e2ce \u00e0 la confiance de nos clients, la soci\u00e9t\u00e9 LINEBORTECH Portable Line Boring Machine continue de cro\u00eetre de jour en jour.<\/p><\/blockquote>\n<p>[\/vc_column_text][vc_row_inner][vc_column_inner width=&#8221;1\/2&#8243;][vc_custom_heading text=&#8221;Notre mission&#8221; font_container=&#8221;tag:h4|text_align:left|color:%23222222&#8243; use_theme_fonts=&#8221;yes&#8221; css=&#8221;.vc_custom_1453471528699{margin-bottom: 15px !important;}&#8221; el_class=&#8221;no_stripe&#8221;][vc_column_text]La machine d&#8217;al\u00e9sage et de soudage en ligne portable vous offre&nbsp;:<\/p>\n<ul>\n<li>Travaillez moins d&#8217;heures et gagnez plus d&#8217;argent.<\/li>\n<li>Faire du bon \u00e9quipement avec une bonne qualit\u00e9 et moins bien pay\u00e9.<\/li>\n<li>G\u00e9rez votre temps pour pouvoir faire plus de travail en moins de temps.<\/li>\n<li>L&#8217;al\u00e9sage et le soudage en ligne r\u00e9pondent \u00e0 vos besoins.<\/li>\n<li>Augmentez vos revenus en r\u00e9duisant les co\u00fbts sans sacrifier la qualit\u00e9.<\/li>\n<\/ul>\n<p>[\/vc_column_text][\/vc_column_inner][vc_column_inner width=&#8221;1\/2&#8243;][vc_video link=&#8221;https:\/\/www.youtube.com\/embed\/OUcs_4yI6Vw&#8221; el_aspect=&#8221;43&#8243;][\/vc_column_inner][\/vc_row_inner][vc_separator][vc_column_text]<img decoding=\"async\" class=\"wp-image-3682 size-full alignright lazyload\" data-src=\"https:\/\/portableboringmachine.com\/wp-content\/uploads\/2021\/11\/Linebortech-About-Us.jpg\" alt=\"\u00c0 propos de nous\" width=\"300\" height=\"225\" src=\"data:image\/svg+xml;base64,PHN2ZyB3aWR0aD0iMSIgaGVpZ2h0PSIxIiB4bWxucz0iaHR0cDovL3d3dy53My5vcmcvMjAwMC9zdmciPjwvc3ZnPg==\" style=\"--smush-placeholder-width: 300px; --smush-placeholder-aspect-ratio: 300\/225;\">Conna\u00eetre l&#8217;industrie qui utilise les <em>machines d&#8217;al\u00e9sage et de soudage en ligne<\/em><br \/>\n\u2022 L&#8217;entreprise agro-alimentaire d\u00e9couvre une motivation dans ces gadgets. Dans cette industrie, ils sont utilis\u00e9s dans diff\u00e9rentes machines, notamment les tracteurs, les chargeurs et les ramasseurs. Ils sont \u00e9galement utilis\u00e9s dans les connexions pour les tracteurs, les fendeuses \u00e0 bois \u00e0 eau, etc.<br \/>\n\u2022 Une autre industrie qui utilise ce segment pour leurs appareils est la construction affable, les excavatrices, les bulldozers, les trancheuses et leurs connexions ont tous des barils aliment\u00e9s \u00e0 l&#8217;eau. L&#8217;industrie de la vitalit\u00e9 a \u00e9galement d\u00e9couvert l&#8217;utilisation de ces pi\u00e8ces.<br \/>\n\u2022 Les al\u00e9seuses en ligne sont livr\u00e9es avec une commande d&#8217;entr\u00e9e et utilisent des barils entra\u00een\u00e9s par l&#8217;eau. Ces tonneaux permettent d&#8217;envisager d&#8217;ouvrir la voie au contr\u00f4le du d\u00e9bit d&#8217;eau.<\/p>\n<p><a href=\"https:\/\/portableboringmachine.com\/line-boring-machines\/\"><strong><em>Machines d&#8217;al\u00e9sage et de soudage en ligne<\/em><\/strong><\/a>[\/vc_column_text][vc_video link=&#8221;https:\/\/www.youtube.com\/embed\/kERdKtExTUQ&#8221;][\/vc_column][vc_column width=&#8221;1\/4&#8243;][stm_sidebar sidebar=&#8221;619&#8243;][\/vc_column][\/vc_row][vc_row full_width=&#8221;stretch_row&#8221; el_class=&#8221;third_bg_color&#8221; css=&#8221;.vc_custom_1451889219674{margin-bottom: -60px !important;}&#8221;][vc_column][vc_cta h2=&#8221;Vous recherchez la meilleure al\u00e9seuse en ligne en termes de prix et de performances ?&#8221; h2_font_container=&#8221;tag:h2|font_size:20px|text_align:left|color:%23000000|line_height:24px&#8221; h2_use_theme_fonts=&#8221;yes&#8221; shape=&#8221;square&#8221; style=&#8221;flat&#8221; add_button=&#8221;right&#8221; btn_title=&#8221;obtenir un devis&#8221; btn_style=&#8221;flat&#8221; btn_color=&#8221;theme_style_2&#8243; btn_align=&#8221;right&#8221; btn_i_align=&#8221;right&#8221; btn_i_icon_fontawesome=&#8221;fa fa-chevron-right&#8221; particles=&#8221;yes&#8221; use_custom_fonts_h2=&#8221;true&#8221; btn_button_block=&#8221;true&#8221; btn_add_icon=&#8221;true&#8221; el_class=&#8221;third_bg_color&#8221; css=&#8221;.vc_custom_1637223059157{margin-bottom: 0px !important;}&#8221; btn_link=&#8221;url:http%3A%2F%2Fportableboringmachine.com%2Fcontact%2F|&#8221;][\/vc_cta][\/vc_column][\/vc_row]<\/p>\n<\/section>","protected":false},"excerpt":{"rendered":"<p>[vc_row css=&#8221;.vc_custom_1451991003825{margin-bottom: 100px !important;}&#8221;][vc_column offset=&#8221;vc_col-lg-9 vc_col-md-9&#8243;][vc_single_image image=&#8221;3645&#8243; img_size=&#8221;full&#8221;][vc_column_text css=&#8221;.vc_custom_1689675873635{margin-top: 40px !important;}&#8221;] Machines d&#8217;al\u00e9sage et de soudage en ligne Pr\u00e9sentation de l&#8217;entreprise LINEBORTECH Machine est l&#8217;un des leaders les plus importants dans le domaine des machines portatives d&#8217;al\u00e9sage et de soudage en ligne . Avec plus de 20 ans d&#8217;exp\u00e9rience, notre entreprise; il garantit satisfaction et<\/p>\n","protected":false},"author":1,"featured_media":12036,"parent":0,"menu_order":0,"comment_status":"closed","ping_status":"closed","template":"","meta":{"_joinchat":[],"footnotes":""},"class_list":["post-13044","page","type-page","status-publish","has-post-thumbnail","hentry"],"yoast_head":"<!-- This site is optimized with the Yoast SEO Premium plugin v26.6 (Yoast SEO v27.0) - https:\/\/yoast.com\/product\/yoast-seo-premium-wordpress\/ -->\n<title>\u00c0 propos de nous - Portable Line Boring Machine Manufacturer<\/title>\n<meta name=\"description\" content=\"LINEBORTECH Machine est l&#039;un des leaders les plus importants dans le domaine des machines portatives d&#039;al\u00e9sage et de soudage en ligne.\" \/>\n<meta name=\"robots\" content=\"index, follow, max-snippet:-1, max-image-preview:large, max-video-preview:-1\" \/>\n<link rel=\"canonical\" href=\"https:\/\/portableboringmachine.com\/fr\/a-propos-de-nous\/\" \/>\n<meta property=\"og:locale\" content=\"fr_FR\" \/>\n<meta property=\"og:type\" content=\"article\" \/>\n<meta property=\"og:title\" content=\"\u00c0 propos de nous\" \/>\n<meta property=\"og:description\" content=\"LINEBORTECH Machine est l&#039;un des leaders les plus importants dans le domaine des machines portatives d&#039;al\u00e9sage et de soudage en ligne.\" \/>\n<meta property=\"og:url\" content=\"https:\/\/portableboringmachine.com\/fr\/a-propos-de-nous\/\" \/>\n<meta property=\"og:site_name\" content=\"Portable Line Boring Machine Manufacturer\" \/>\n<meta property=\"article:publisher\" content=\"https:\/\/www.facebook.com\/portablelineboringmachines\" \/>\n<meta property=\"article:modified_time\" content=\"2023-07-21T12:29:55+00:00\" \/>\n<meta property=\"og:image\" content=\"https:\/\/portableboringmachine.com\/wp-content\/uploads\/2016\/01\/Portable-Line-Boring-Machine-BD-40-.jpg\" \/>\n\t<meta property=\"og:image:width\" content=\"800\" \/>\n\t<meta property=\"og:image:height\" content=\"708\" \/>\n\t<meta property=\"og:image:type\" content=\"image\/jpeg\" \/>\n<meta name=\"twitter:label1\" content=\"Dur\u00e9e de lecture estim\u00e9e\" \/>\n\t<meta name=\"twitter:data1\" content=\"4 minutes\" \/>\n<script type=\"application\/ld+json\" class=\"yoast-schema-graph\">{\"@context\":\"https:\/\/schema.org\",\"@graph\":[{\"@type\":\"WebPage\",\"@id\":\"https:\/\/portableboringmachine.com\/fr\/a-propos-de-nous\/\",\"url\":\"https:\/\/portableboringmachine.com\/fr\/a-propos-de-nous\/\",\"name\":\"\u00c0 propos de nous - Portable Line Boring Machine Manufacturer\",\"isPartOf\":{\"@id\":\"https:\/\/portableboringmachine.com\/fr\/#website\"},\"primaryImageOfPage\":{\"@id\":\"https:\/\/portableboringmachine.com\/fr\/a-propos-de-nous\/#primaryimage\"},\"image\":{\"@id\":\"https:\/\/portableboringmachine.com\/fr\/a-propos-de-nous\/#primaryimage\"},\"thumbnailUrl\":\"https:\/\/portableboringmachine.com\/wp-content\/uploads\/2016\/01\/Portable-Line-Boring-Machine-BD-40-.jpg\",\"datePublished\":\"2015-12-15T07:37:33+00:00\",\"dateModified\":\"2023-07-21T12:29:55+00:00\",\"description\":\"LINEBORTECH Machine est l'un des leaders les plus importants dans le domaine des machines portatives d'al\u00e9sage et de soudage en ligne.\",\"breadcrumb\":{\"@id\":\"https:\/\/portableboringmachine.com\/fr\/a-propos-de-nous\/#breadcrumb\"},\"inLanguage\":\"fr-FR\",\"potentialAction\":[{\"@type\":\"ReadAction\",\"target\":[\"https:\/\/portableboringmachine.com\/fr\/a-propos-de-nous\/\"]}]},{\"@type\":\"ImageObject\",\"inLanguage\":\"fr-FR\",\"@id\":\"https:\/\/portableboringmachine.com\/fr\/a-propos-de-nous\/#primaryimage\",\"url\":\"https:\/\/portableboringmachine.com\/wp-content\/uploads\/2016\/01\/Portable-Line-Boring-Machine-BD-40-.jpg\",\"contentUrl\":\"https:\/\/portableboringmachine.com\/wp-content\/uploads\/2016\/01\/Portable-Line-Boring-Machine-BD-40-.jpg\",\"width\":800,\"height\":708},{\"@type\":\"BreadcrumbList\",\"@id\":\"https:\/\/portableboringmachine.com\/fr\/a-propos-de-nous\/#breadcrumb\",\"itemListElement\":[{\"@type\":\"ListItem\",\"position\":1,\"name\":\"Home\",\"item\":\"https:\/\/portableboringmachine.com\/fr\/maison\/\"},{\"@type\":\"ListItem\",\"position\":2,\"name\":\"\u00c0 propos de nous\"}]},{\"@type\":\"WebSite\",\"@id\":\"https:\/\/portableboringmachine.com\/fr\/#website\",\"url\":\"https:\/\/portableboringmachine.com\/fr\/\",\"name\":\"Portable Line Boring Machine Manufacturer\",\"description\":\"Portable Line Boring Machine Manufacturer\",\"publisher\":{\"@id\":\"https:\/\/portableboringmachine.com\/fr\/#organization\"},\"alternateName\":\"Mobile Boring Machines\",\"potentialAction\":[{\"@type\":\"SearchAction\",\"target\":{\"@type\":\"EntryPoint\",\"urlTemplate\":\"https:\/\/portableboringmachine.com\/fr\/?s={search_term_string}\"},\"query-input\":{\"@type\":\"PropertyValueSpecification\",\"valueRequired\":true,\"valueName\":\"search_term_string\"}}],\"inLanguage\":\"fr-FR\"},{\"@type\":\"Organization\",\"@id\":\"https:\/\/portableboringmachine.com\/fr\/#organization\",\"name\":\"Portable Line Boring Machines\",\"alternateName\":\"Linebortech\",\"url\":\"https:\/\/portableboringmachine.com\/fr\/\",\"logo\":{\"@type\":\"ImageObject\",\"inLanguage\":\"fr-FR\",\"@id\":\"https:\/\/portableboringmachine.com\/fr\/#\/schema\/logo\/image\/\",\"url\":\"https:\/\/portableboringmachine.com\/wp-content\/uploads\/2021\/11\/footer-logo-.png\",\"contentUrl\":\"https:\/\/portableboringmachine.com\/wp-content\/uploads\/2021\/11\/footer-logo-.png\",\"width\":500,\"height\":115,\"caption\":\"Portable Line Boring Machines\"},\"image\":{\"@id\":\"https:\/\/portableboringmachine.com\/fr\/#\/schema\/logo\/image\/\"},\"sameAs\":[\"https:\/\/www.facebook.com\/portablelineboringmachines\",\"https:\/\/www.youtube.com\/@portablelineboringmachines\/videos\"]}]}<\/script>\n<!-- \/ Yoast SEO Premium plugin. -->","yoast_head_json":{"title":"\u00c0 propos de nous - Portable Line Boring Machine Manufacturer","description":"LINEBORTECH Machine est l'un des leaders les plus importants dans le domaine des machines portatives d'al\u00e9sage et de soudage en ligne.","robots":{"index":"index","follow":"follow","max-snippet":"max-snippet:-1","max-image-preview":"max-image-preview:large","max-video-preview":"max-video-preview:-1"},"canonical":"https:\/\/portableboringmachine.com\/fr\/a-propos-de-nous\/","og_locale":"fr_FR","og_type":"article","og_title":"\u00c0 propos de nous","og_description":"LINEBORTECH Machine est l'un des leaders les plus importants dans le domaine des machines portatives d'al\u00e9sage et de soudage en ligne.","og_url":"https:\/\/portableboringmachine.com\/fr\/a-propos-de-nous\/","og_site_name":"Portable Line Boring Machine Manufacturer","article_publisher":"https:\/\/www.facebook.com\/portablelineboringmachines","article_modified_time":"2023-07-21T12:29:55+00:00","og_image":[{"width":800,"height":708,"url":"https:\/\/portableboringmachine.com\/wp-content\/uploads\/2016\/01\/Portable-Line-Boring-Machine-BD-40-.jpg","type":"image\/jpeg"}],"twitter_misc":{"Dur\u00e9e de lecture estim\u00e9e":"4 minutes"},"schema":{"@context":"https:\/\/schema.org","@graph":[{"@type":"WebPage","@id":"https:\/\/portableboringmachine.com\/fr\/a-propos-de-nous\/","url":"https:\/\/portableboringmachine.com\/fr\/a-propos-de-nous\/","name":"\u00c0 propos de nous - Portable Line Boring Machine Manufacturer","isPartOf":{"@id":"https:\/\/portableboringmachine.com\/fr\/#website"},"primaryImageOfPage":{"@id":"https:\/\/portableboringmachine.com\/fr\/a-propos-de-nous\/#primaryimage"},"image":{"@id":"https:\/\/portableboringmachine.com\/fr\/a-propos-de-nous\/#primaryimage"},"thumbnailUrl":"https:\/\/portableboringmachine.com\/wp-content\/uploads\/2016\/01\/Portable-Line-Boring-Machine-BD-40-.jpg","datePublished":"2015-12-15T07:37:33+00:00","dateModified":"2023-07-21T12:29:55+00:00","description":"LINEBORTECH Machine est l'un des leaders les plus importants dans le domaine des machines portatives d'al\u00e9sage et de soudage en ligne.","breadcrumb":{"@id":"https:\/\/portableboringmachine.com\/fr\/a-propos-de-nous\/#breadcrumb"},"inLanguage":"fr-FR","potentialAction":[{"@type":"ReadAction","target":["https:\/\/portableboringmachine.com\/fr\/a-propos-de-nous\/"]}]},{"@type":"ImageObject","inLanguage":"fr-FR","@id":"https:\/\/portableboringmachine.com\/fr\/a-propos-de-nous\/#primaryimage","url":"https:\/\/portableboringmachine.com\/wp-content\/uploads\/2016\/01\/Portable-Line-Boring-Machine-BD-40-.jpg","contentUrl":"https:\/\/portableboringmachine.com\/wp-content\/uploads\/2016\/01\/Portable-Line-Boring-Machine-BD-40-.jpg","width":800,"height":708},{"@type":"BreadcrumbList","@id":"https:\/\/portableboringmachine.com\/fr\/a-propos-de-nous\/#breadcrumb","itemListElement":[{"@type":"ListItem","position":1,"name":"Home","item":"https:\/\/portableboringmachine.com\/fr\/maison\/"},{"@type":"ListItem","position":2,"name":"\u00c0 propos de nous"}]},{"@type":"WebSite","@id":"https:\/\/portableboringmachine.com\/fr\/#website","url":"https:\/\/portableboringmachine.com\/fr\/","name":"Portable Line Boring Machine Manufacturer","description":"Portable Line Boring Machine Manufacturer","publisher":{"@id":"https:\/\/portableboringmachine.com\/fr\/#organization"},"alternateName":"Mobile Boring Machines","potentialAction":[{"@type":"SearchAction","target":{"@type":"EntryPoint","urlTemplate":"https:\/\/portableboringmachine.com\/fr\/?s={search_term_string}"},"query-input":{"@type":"PropertyValueSpecification","valueRequired":true,"valueName":"search_term_string"}}],"inLanguage":"fr-FR"},{"@type":"Organization","@id":"https:\/\/portableboringmachine.com\/fr\/#organization","name":"Portable Line Boring Machines","alternateName":"Linebortech","url":"https:\/\/portableboringmachine.com\/fr\/","logo":{"@type":"ImageObject","inLanguage":"fr-FR","@id":"https:\/\/portableboringmachine.com\/fr\/#\/schema\/logo\/image\/","url":"https:\/\/portableboringmachine.com\/wp-content\/uploads\/2021\/11\/footer-logo-.png","contentUrl":"https:\/\/portableboringmachine.com\/wp-content\/uploads\/2021\/11\/footer-logo-.png","width":500,"height":115,"caption":"Portable Line Boring Machines"},"image":{"@id":"https:\/\/portableboringmachine.com\/fr\/#\/schema\/logo\/image\/"},"sameAs":["https:\/\/www.facebook.com\/portablelineboringmachines","https:\/\/www.youtube.com\/@portablelineboringmachines\/videos"]}]}},"_links":{"self":[{"href":"https:\/\/portableboringmachine.com\/fr\/wp-json\/wp\/v2\/pages\/13044","targetHints":{"allow":["GET"]}}],"collection":[{"href":"https:\/\/portableboringmachine.com\/fr\/wp-json\/wp\/v2\/pages"}],"about":[{"href":"https:\/\/portableboringmachine.com\/fr\/wp-json\/wp\/v2\/types\/page"}],"author":[{"embeddable":true,"href":"https:\/\/portableboringmachine.com\/fr\/wp-json\/wp\/v2\/users\/1"}],"replies":[{"embeddable":true,"href":"https:\/\/portableboringmachine.com\/fr\/wp-json\/wp\/v2\/comments?post=13044"}],"version-history":[{"count":0,"href":"https:\/\/portableboringmachine.com\/fr\/wp-json\/wp\/v2\/pages\/13044\/revisions"}],"wp:featuredmedia":[{"embeddable":true,"href":"https:\/\/portableboringmachine.com\/fr\/wp-json\/wp\/v2\/media\/12036"}],"wp:attachment":[{"href":"https:\/\/portableboringmachine.com\/fr\/wp-json\/wp\/v2\/media?parent=13044"}],"curies":[{"name":"wp","href":"https:\/\/api.w.org\/{rel}","templated":true}]}}