{"id":12850,"date":"2016-01-13T17:48:37","date_gmt":"2016-01-13T17:48:37","guid":{"rendered":"https:\/\/portableboringmachine.com\/des-produits\/"},"modified":"2024-02-11T14:39:58","modified_gmt":"2024-02-11T14:39:58","slug":"des-produits","status":"publish","type":"page","link":"https:\/\/portableboringmachine.com\/fr\/des-produits\/","title":{"rendered":"Des produits"},"content":{"rendered":"<section class=\"wpb-content-wrapper\"><p>[vc_row css=&#8221;.vc_custom_1459506769570{margin-bottom: 100px !important;}&#8221;][vc_column offset=&#8221;vc_col-lg-9 vc_col-md-9&#8243;][vc_column_text]<\/p>\n<h2><strong>S\u00c9RIE DE MACHINES \u00c0 PERCER EN LIGNE<\/strong><\/h2>\n<p>[\/vc_column_text][stm_services posts_per_page=&#8221;12&#8243; posts_per_row=&#8221;4&#8243;][vc_column_text]<\/p>\n<h2><strong>Al\u00e9seuse de ligne portable<\/strong><\/h2>\n<p>Lorsqu&#8217;il s&#8217;agit de r\u00e9parer des excavatrices et d&#8217;autres \u00e9quipements lourds, il est crucial de choisir la bonne al\u00e9seuse portative. Une option populaire est l&#8217;al\u00e9seuse de ligne \u00e0 servomoteur, qui offre un contr\u00f4le pr\u00e9cis et une efficacit\u00e9 \u00e9lectrique. Dans cet article, nous verrons comment choisir le mod\u00e8le id\u00e9al d&#8217;une al\u00e9seuse portable \u00e0 servomoteur. En comprenant les principales caract\u00e9ristiques et consid\u00e9rations, vous pouvez prendre une d\u00e9cision \u00e9clair\u00e9e pour vos besoins de r\u00e9paration d&#8217;excavatrice.<\/p>\n<p><strong>D\u00e9terminer l&#8217;\u00e9tendue des travaux&nbsp;:<\/strong><br \/>\nAvant de choisir une al\u00e9seuse portative, \u00e9valuez l&#8217;\u00e9tendue des travaux que vous allez effectuer. Consid\u00e9rez les types d&#8217;\u00e9quipement, les tailles des al\u00e9sages \u00e0 r\u00e9parer et les mat\u00e9riaux impliqu\u00e9s. Cette \u00e9valuation vous aidera \u00e0 comprendre les sp\u00e9cifications et les capacit\u00e9s requises de la machine.<\/p>\n<p><strong>Source d&#8217;alimentation&nbsp;: servomoteur et \u00e9lectricit\u00e9&nbsp;:<\/strong><br \/>\n<a href=\"http:\/\/ia.delta-turkey.com\/\"><em>Les al\u00e9seuses de ligne<\/em> \u00e0 servomoteur<\/a> fonctionnent \u00e0 l&#8217;\u00e9lectricit\u00e9, offrant un contr\u00f4le pr\u00e9cis du processus d&#8217;al\u00e9sage. La source d&#8217;alimentation est une consid\u00e9ration essentielle, car elle affecte les performances, l&#8217;efficacit\u00e9 et la portabilit\u00e9 de la machine. Opter pour une al\u00e9seuse \u00e9lectrique permet un fonctionnement plus silencieux et un meilleur contr\u00f4le, ce qui la rend adapt\u00e9e aux environnements sensibles.<\/p>\n<p><strong>Diam\u00e8tre et longueur d&#8217;al\u00e9sage&nbsp;:<\/strong><br \/>\n\u00c9valuez le diam\u00e8tre et la longueur d&#8217;al\u00e9sage maximum que l&#8217;al\u00e9seuse portative peut accepter. Diff\u00e9rents mod\u00e8les ont des capacit\u00e9s variables, et il est crucial de choisir une machine capable de g\u00e9rer les dimensions sp\u00e9cifiques des al\u00e9sages sur lesquels vous travaillerez. Consid\u00e9rez \u00e0 la fois les exigences de taille d&#8217;al\u00e9sage minimale et maximale pour la polyvalence.<\/p>\n<p><strong>Vitesse de rotation et couple de broche :<\/strong><br \/>\nLa vitesse de rotation et le couple de la broche d\u00e9terminent la puissance et l&#8217;efficacit\u00e9 de coupe de la machine. Des vitesses de rotation plus \u00e9lev\u00e9es sont b\u00e9n\u00e9fiques pour une coupe plus rapide, tandis qu&#8217;un couple ad\u00e9quat assure un enl\u00e8vement de mati\u00e8re efficace. Choisissez une al\u00e9seuse en ligne \u00e0 servomoteur qui offre un \u00e9quilibre appropri\u00e9 de vitesse et de couple pour vos applications de r\u00e9paration.<\/p>\n<p><strong>Qualit\u00e9 et durabilit\u00e9 de la construction&nbsp;:<\/strong><br \/>\nInvestir dans une al\u00e9seuse portable durable et bien construite est essentiel pour assurer la long\u00e9vit\u00e9 et des performances fiables. Tenez compte des mat\u00e9riaux utilis\u00e9s dans la construction de la machine, tels que des composants en acier robustes et des roulements de qualit\u00e9. Une machine robuste peut supporter des t\u00e2ches de r\u00e9paration exigeantes et fournir des r\u00e9sultats pr\u00e9cis de mani\u00e8re constante.<\/p>\n<p><strong>Pr\u00e9cision et contr\u00f4le&nbsp;:<\/strong><br \/>\n<u>Les al\u00e9seuses de ligne<\/u> \u00e0 servomoteur sont connues pour leur contr\u00f4le pr\u00e9cis, ce qui est crucial pour des r\u00e9parations pr\u00e9cises. Recherchez des fonctionnalit\u00e9s telles que les lectures num\u00e9riques, les vitesses d&#8217;alimentation r\u00e9glables et les options de r\u00e9glage fin pour une pr\u00e9cision accrue. Cela vous permet d&#8217;atteindre les tol\u00e9rances souhait\u00e9es et garantit des r\u00e9sultats optimaux dans vos travaux de r\u00e9paration d&#8217;excavatrice.<\/p>\n<p><strong>Facilit\u00e9 d&#8217;utilisation et portabilit\u00e9&nbsp;:<\/strong><br \/>\nConsid\u00e9rez la facilit\u00e9 d&#8217;utilisation et les caract\u00e9ristiques de portabilit\u00e9 de l&#8217;al\u00e9seuse en ligne portable. Recherchez des conceptions ergonomiques, des commandes intuitives et des interfaces conviviales. De plus, tenez compte du poids et de la taille de la machine pour vous assurer qu&#8217;elle peut \u00eatre facilement transport\u00e9e sur diff\u00e9rents chantiers selon les besoins.<\/p>\n<p><strong>R\u00e9putation et assistance du fabricant&nbsp;:<\/strong><br \/>\nChoisissez une al\u00e9seuse en ligne portable d&#8217;un fabricant r\u00e9put\u00e9 ayant fait ses preuves dans la production d&#8217;\u00e9quipements fiables. Recherchez les avis des clients, les garanties et les services d&#8217;assistance apr\u00e8s-vente propos\u00e9s par le fabricant. Une marque de confiance garantit une meilleure qualit\u00e9 des produits et une assistance client fiable en cas de besoin.<\/p>\n<figure id=\"attachment_3850\" aria-describedby=\"caption-attachment-3850\" style=\"width: 1024px\" class=\"wp-caption alignleft\"><img decoding=\"async\" class=\"size-large wp-image-3850 lazyload\" data-src=\"https:\/\/portableboringmachine.com\/wp-content\/uploads\/2023\/05\/portable-line-boring-machine-1024x683.jpg\" alt=\"al\u00e9seuse de ligne portable\" width=\"1024\" height=\"683\" data-srcset=\"https:\/\/portableboringmachine.com\/wp-content\/uploads\/2023\/05\/portable-line-boring-machine-1024x683.jpg 1024w, https:\/\/portableboringmachine.com\/wp-content\/uploads\/2023\/05\/portable-line-boring-machine-300x200.jpg 300w, https:\/\/portableboringmachine.com\/wp-content\/uploads\/2023\/05\/portable-line-boring-machine-768x512.jpg 768w, https:\/\/portableboringmachine.com\/wp-content\/uploads\/2023\/05\/portable-line-boring-machine-900x600.jpg 900w, https:\/\/portableboringmachine.com\/wp-content\/uploads\/2023\/05\/portable-line-boring-machine.jpg 1200w\" data-sizes=\"(max-width: 1024px) 100vw, 1024px\" src=\"data:image\/svg+xml;base64,PHN2ZyB3aWR0aD0iMSIgaGVpZ2h0PSIxIiB4bWxucz0iaHR0cDovL3d3dy53My5vcmcvMjAwMC9zdmciPjwvc3ZnPg==\" style=\"--smush-placeholder-width: 1024px; --smush-placeholder-aspect-ratio: 1024\/683;\" \/><figcaption id=\"caption-attachment-3850\" class=\"wp-caption-text\">al\u00e9seuse de ligne portable<\/figcaption><\/figure>\n<p>&nbsp;<\/p>\n<p>&nbsp;<\/p>\n<p><a href=\"https:\/\/portableboringmachine.com\/fr\/contact\/\">La s\u00e9lection du bon mod\u00e8le d&#8217;al\u00e9seuse portative<\/a> avec servomoteur pour les r\u00e9parations d&#8217;excavatrices est cruciale pour des r\u00e9sultats efficaces et pr\u00e9cis. En tenant compte de facteurs tels que la source d&#8217;alimentation, le diam\u00e8tre d&#8217;al\u00e9sage, la vitesse de rotation de la broche, la qualit\u00e9 de construction, la pr\u00e9cision, la facilit\u00e9 d&#8217;utilisation et la r\u00e9putation du fabricant, vous pouvez prendre une d\u00e9cision \u00e9clair\u00e9e. N&#8217;oubliez pas d&#8217;\u00e9valuer les exigences sp\u00e9cifiques de vos travaux de r\u00e9paration et de choisir une machine qui r\u00e9pond \u00e0 vos besoins pour un processus de r\u00e9paration d&#8217;excavatrice r\u00e9ussi et productif. Avec la bonne <em><strong>al\u00e9seuse portable<\/strong><\/em> , vous pouvez assurer des op\u00e9rations fluides et prolonger la dur\u00e9e de vie de votre \u00e9quipement lourd.[\/vc_column_text][vc_column_text]<\/p>\n<h5><strong><u>\u00c0 quoi sert une al\u00e9seuse portative<\/u><\/strong><\/h5>\n<p>Une ligne d&#8217;al\u00e9seuses sert vraiment \u00e0 \u00e9puiser les types d&#8217;engins de d\u00e9veloppement substantiels, par exemple, enfin les chargeurs et les grues, car il s&#8217;agit d&#8217;un mat\u00e9riel extr\u00eamement pratique. Une machine \u00e0 tra\u00eener est r\u00e9volutionnaire, adaptable et simple \u00e0 utiliser, accessible via un entra\u00eenement pneumatique et \u00e0 pression. Une machine \u00e0 al\u00e9ser en ligne est comp\u00e9tente pour quantifier les al\u00e9sages en utilisant les microm\u00e8tres ext\u00e9rieurs et les microm\u00e8tres int\u00e9rieurs align\u00e9s.[\/vc_column_text][vc_gallery images=&#8221;3355,3356,3357,3358,3359&#8243;][vc_column_text]<\/p>\n<h5><strong>Les al\u00e9seuses portables sont utilis\u00e9es dans un large \u00e9ventail d&#8217;activit\u00e9s, avec quelques grandes lignes fondamentales qui incluent<\/strong><\/h5>\n<p>\u2022 Bidons d&#8217;excavatrice<br \/>\n\u2022 \u00c9changer les logements de bo\u00eete de vitesses<br \/>\n\u2022 Tubes d&#8217;\u00e9tambot et gouvernail affaiblis dans le secteur de la construction navale<br \/>\n\u2022 Logement de l&#8217;arbre de transmission d\u00e9bilitant<br \/>\n\u2022 Une parcelle prend en charge<br \/>\n\u2022 Goupilles de pivot<br \/>\n\u2022 Bo\u00eetes de vitesses<br \/>\n&#8211; Logement des turbines dans l&#8217;industrie de l&#8217;\u00e9nergie.[\/vc_column_text][vc_separator][\/vc_column][vc_column width=&#8221;1\/4&#8243; offset=&#8221;vc_hidden-sm vc_hidden-xs&#8221;][stm_sidebar sidebar=&#8221;619&#8243;][\/vc_column][\/vc_row][vc_row][vc_column width=&#8221;1\/2&#8243;][vc_video link=&#8221;https:\/\/www.youtube.com\/embed\/vDnbkt6MrSA?si&#8221; el_aspect=&#8221;43&#8243;][stm_spacing][stm_spacing][\/vc_column][vc_column width=&#8221;1\/2&#8243;][vc_video link=&#8221;https:\/\/www.youtube.com\/embed\/QzQr6N6SWTM?si&#8221; el_aspect=&#8221;43&#8243;][stm_spacing][stm_spacing][\/vc_column][\/vc_row][vc_row full_width=&#8221;stretch_row&#8221; css=&#8221;.vc_custom_1459505959648{margin-bottom: -60px !important;}&#8221; el_class=&#8221;third_bg_color&#8221;][vc_column][vc_cta h2=&#8221;En fonction de votre portefeuille clients ou de votre volume d&apos;affaires, nous choisirons pour vous le mod\u00e8le le plus adapt\u00e9.&#8221; h2_font_container=&#8221;tag:h2|font_size:20px|text_align:left|color:%23ffffff|line_height:24px&#8221; h2_use_theme_fonts=&#8221;yes&#8221; style=&#8221;outline&#8221; add_button=&#8221;right&#8221; btn_title=&#8221;obtenir un devis&#8221; btn_style=&#8221;flat&#8221; btn_color=&#8221;theme_style_2&#8243; btn_align=&#8221;right&#8221; btn_i_align=&#8221;right&#8221; btn_i_icon_fontawesome=&#8221;stm-nokia_outline&#8221; particles=&#8221;yes&#8221; use_custom_fonts_h2=&#8221;true&#8221; btn_add_icon=&#8221;true&#8221; btn_link=&#8221;url:https%3A%2F%2Fportableboringmachine.com%2Ffr%2Fcontact%2F|&#8221; el_class=&#8221;third_bg_color&#8221; css=&#8221;.vc_custom_1707657151871{margin-bottom: 0px !important;}&#8221;][\/vc_cta][\/vc_column][\/vc_row]<\/p>\n<\/section>","protected":false},"excerpt":{"rendered":"<p>[vc_row css=&#8221;.vc_custom_1459506769570{margin-bottom: 100px !important;}&#8221;][vc_column offset=&#8221;vc_col-lg-9 vc_col-md-9&#8243;][vc_column_text] S\u00c9RIE DE MACHINES \u00c0 PERCER EN LIGNE [\/vc_column_text][stm_services posts_per_page=&#8221;12&#8243; posts_per_row=&#8221;4&#8243;][vc_column_text] Al\u00e9seuse de ligne portable Lorsqu&#8217;il s&#8217;agit de r\u00e9parer des excavatrices et d&#8217;autres \u00e9quipements lourds, il est crucial de choisir la bonne al\u00e9seuse portative. Une option populaire est l&#8217;al\u00e9seuse de ligne \u00e0 servomoteur, qui offre un contr\u00f4le pr\u00e9cis et une<\/p>\n","protected":false},"author":1,"featured_media":15381,"parent":0,"menu_order":0,"comment_status":"closed","ping_status":"closed","template":"","meta":{"_joinchat":[],"footnotes":""},"class_list":["post-12850","page","type-page","status-publish","has-post-thumbnail","hentry"],"yoast_head":"<!-- This site is optimized with the Yoast SEO Premium plugin v26.6 (Yoast SEO v27.0) - https:\/\/yoast.com\/product\/yoast-seo-premium-wordpress\/ -->\n<title>Des produits - Portable Line Boring Machine Manufacturer<\/title>\n<meta name=\"description\" content=\"L&#039;al\u00e9seuse de ligne portable vient r\u00e9parer les excavatrices et autres \u00e9quipements lourds, il est crucial de choisir la bonne al\u00e9seuse de ligne portable.\" \/>\n<meta name=\"robots\" content=\"index, follow, max-snippet:-1, max-image-preview:large, max-video-preview:-1\" \/>\n<link rel=\"canonical\" href=\"https:\/\/portableboringmachine.com\/fr\/des-produits\/\" \/>\n<meta property=\"og:locale\" content=\"fr_FR\" \/>\n<meta property=\"og:type\" content=\"article\" \/>\n<meta property=\"og:title\" content=\"Des produits\" \/>\n<meta property=\"og:description\" content=\"L&#039;al\u00e9seuse de ligne portable vient r\u00e9parer les excavatrices et autres \u00e9quipements lourds, il est crucial de choisir la bonne al\u00e9seuse de ligne portable.\" \/>\n<meta property=\"og:url\" content=\"https:\/\/portableboringmachine.com\/fr\/des-produits\/\" \/>\n<meta property=\"og:site_name\" content=\"Portable Line Boring Machine Manufacturer\" \/>\n<meta property=\"article:publisher\" content=\"https:\/\/www.facebook.com\/portablelineboringmachines\" \/>\n<meta property=\"article:modified_time\" content=\"2024-02-11T14:39:58+00:00\" \/>\n<meta property=\"og:image\" content=\"https:\/\/portableboringmachine.com\/wp-content\/uploads\/2024\/02\/line-boring-machines-turkiye.jpg\" \/>\n\t<meta property=\"og:image:width\" content=\"1290\" \/>\n\t<meta property=\"og:image:height\" content=\"968\" \/>\n\t<meta property=\"og:image:type\" content=\"image\/jpeg\" \/>\n<meta name=\"twitter:label1\" content=\"Dur\u00e9e de lecture estim\u00e9e\" \/>\n\t<meta name=\"twitter:data1\" content=\"6 minutes\" \/>\n<script type=\"application\/ld+json\" class=\"yoast-schema-graph\">{\"@context\":\"https:\/\/schema.org\",\"@graph\":[{\"@type\":\"WebPage\",\"@id\":\"https:\/\/portableboringmachine.com\/fr\/des-produits\/\",\"url\":\"https:\/\/portableboringmachine.com\/fr\/des-produits\/\",\"name\":\"Des produits - Portable Line Boring Machine Manufacturer\",\"isPartOf\":{\"@id\":\"https:\/\/portableboringmachine.com\/fr\/#website\"},\"primaryImageOfPage\":{\"@id\":\"https:\/\/portableboringmachine.com\/fr\/des-produits\/#primaryimage\"},\"image\":{\"@id\":\"https:\/\/portableboringmachine.com\/fr\/des-produits\/#primaryimage\"},\"thumbnailUrl\":\"https:\/\/portableboringmachine.com\/wp-content\/uploads\/2024\/02\/line-boring-machines-turkiye.jpg\",\"datePublished\":\"2016-01-13T17:48:37+00:00\",\"dateModified\":\"2024-02-11T14:39:58+00:00\",\"description\":\"L'al\u00e9seuse de ligne portable vient r\u00e9parer les excavatrices et autres \u00e9quipements lourds, il est crucial de choisir la bonne al\u00e9seuse de ligne portable.\",\"breadcrumb\":{\"@id\":\"https:\/\/portableboringmachine.com\/fr\/des-produits\/#breadcrumb\"},\"inLanguage\":\"fr-FR\",\"potentialAction\":[{\"@type\":\"ReadAction\",\"target\":[\"https:\/\/portableboringmachine.com\/fr\/des-produits\/\"]}]},{\"@type\":\"ImageObject\",\"inLanguage\":\"fr-FR\",\"@id\":\"https:\/\/portableboringmachine.com\/fr\/des-produits\/#primaryimage\",\"url\":\"https:\/\/portableboringmachine.com\/wp-content\/uploads\/2024\/02\/line-boring-machines-turkiye.jpg\",\"contentUrl\":\"https:\/\/portableboringmachine.com\/wp-content\/uploads\/2024\/02\/line-boring-machines-turkiye.jpg\",\"width\":1290,\"height\":968,\"caption\":\"line-boring-machines-turkiye\"},{\"@type\":\"BreadcrumbList\",\"@id\":\"https:\/\/portableboringmachine.com\/fr\/des-produits\/#breadcrumb\",\"itemListElement\":[{\"@type\":\"ListItem\",\"position\":1,\"name\":\"Home\",\"item\":\"https:\/\/portableboringmachine.com\/fr\/maison\/\"},{\"@type\":\"ListItem\",\"position\":2,\"name\":\"Des produits\"}]},{\"@type\":\"WebSite\",\"@id\":\"https:\/\/portableboringmachine.com\/fr\/#website\",\"url\":\"https:\/\/portableboringmachine.com\/fr\/\",\"name\":\"Portable Line Boring Machine Manufacturer\",\"description\":\"Portable Line Boring Machine Manufacturer\",\"publisher\":{\"@id\":\"https:\/\/portableboringmachine.com\/fr\/#organization\"},\"alternateName\":\"Mobile Boring Machines\",\"potentialAction\":[{\"@type\":\"SearchAction\",\"target\":{\"@type\":\"EntryPoint\",\"urlTemplate\":\"https:\/\/portableboringmachine.com\/fr\/?s={search_term_string}\"},\"query-input\":{\"@type\":\"PropertyValueSpecification\",\"valueRequired\":true,\"valueName\":\"search_term_string\"}}],\"inLanguage\":\"fr-FR\"},{\"@type\":\"Organization\",\"@id\":\"https:\/\/portableboringmachine.com\/fr\/#organization\",\"name\":\"Portable Line Boring Machines\",\"alternateName\":\"Linebortech\",\"url\":\"https:\/\/portableboringmachine.com\/fr\/\",\"logo\":{\"@type\":\"ImageObject\",\"inLanguage\":\"fr-FR\",\"@id\":\"https:\/\/portableboringmachine.com\/fr\/#\/schema\/logo\/image\/\",\"url\":\"https:\/\/portableboringmachine.com\/wp-content\/uploads\/2021\/11\/footer-logo-.png\",\"contentUrl\":\"https:\/\/portableboringmachine.com\/wp-content\/uploads\/2021\/11\/footer-logo-.png\",\"width\":500,\"height\":115,\"caption\":\"Portable Line Boring Machines\"},\"image\":{\"@id\":\"https:\/\/portableboringmachine.com\/fr\/#\/schema\/logo\/image\/\"},\"sameAs\":[\"https:\/\/www.facebook.com\/portablelineboringmachines\",\"https:\/\/www.youtube.com\/@portablelineboringmachines\/videos\"]}]}<\/script>\n<!-- \/ Yoast SEO Premium plugin. -->","yoast_head_json":{"title":"Des produits - Portable Line Boring Machine Manufacturer","description":"L'al\u00e9seuse de ligne portable vient r\u00e9parer les excavatrices et autres \u00e9quipements lourds, il est crucial de choisir la bonne al\u00e9seuse de ligne portable.","robots":{"index":"index","follow":"follow","max-snippet":"max-snippet:-1","max-image-preview":"max-image-preview:large","max-video-preview":"max-video-preview:-1"},"canonical":"https:\/\/portableboringmachine.com\/fr\/des-produits\/","og_locale":"fr_FR","og_type":"article","og_title":"Des produits","og_description":"L'al\u00e9seuse de ligne portable vient r\u00e9parer les excavatrices et autres \u00e9quipements lourds, il est crucial de choisir la bonne al\u00e9seuse de ligne portable.","og_url":"https:\/\/portableboringmachine.com\/fr\/des-produits\/","og_site_name":"Portable Line Boring Machine Manufacturer","article_publisher":"https:\/\/www.facebook.com\/portablelineboringmachines","article_modified_time":"2024-02-11T14:39:58+00:00","og_image":[{"width":1290,"height":968,"url":"https:\/\/portableboringmachine.com\/wp-content\/uploads\/2024\/02\/line-boring-machines-turkiye.jpg","type":"image\/jpeg"}],"twitter_misc":{"Dur\u00e9e de lecture estim\u00e9e":"6 minutes"},"schema":{"@context":"https:\/\/schema.org","@graph":[{"@type":"WebPage","@id":"https:\/\/portableboringmachine.com\/fr\/des-produits\/","url":"https:\/\/portableboringmachine.com\/fr\/des-produits\/","name":"Des produits - Portable Line Boring Machine Manufacturer","isPartOf":{"@id":"https:\/\/portableboringmachine.com\/fr\/#website"},"primaryImageOfPage":{"@id":"https:\/\/portableboringmachine.com\/fr\/des-produits\/#primaryimage"},"image":{"@id":"https:\/\/portableboringmachine.com\/fr\/des-produits\/#primaryimage"},"thumbnailUrl":"https:\/\/portableboringmachine.com\/wp-content\/uploads\/2024\/02\/line-boring-machines-turkiye.jpg","datePublished":"2016-01-13T17:48:37+00:00","dateModified":"2024-02-11T14:39:58+00:00","description":"L'al\u00e9seuse de ligne portable vient r\u00e9parer les excavatrices et autres \u00e9quipements lourds, il est crucial de choisir la bonne al\u00e9seuse de ligne portable.","breadcrumb":{"@id":"https:\/\/portableboringmachine.com\/fr\/des-produits\/#breadcrumb"},"inLanguage":"fr-FR","potentialAction":[{"@type":"ReadAction","target":["https:\/\/portableboringmachine.com\/fr\/des-produits\/"]}]},{"@type":"ImageObject","inLanguage":"fr-FR","@id":"https:\/\/portableboringmachine.com\/fr\/des-produits\/#primaryimage","url":"https:\/\/portableboringmachine.com\/wp-content\/uploads\/2024\/02\/line-boring-machines-turkiye.jpg","contentUrl":"https:\/\/portableboringmachine.com\/wp-content\/uploads\/2024\/02\/line-boring-machines-turkiye.jpg","width":1290,"height":968,"caption":"line-boring-machines-turkiye"},{"@type":"BreadcrumbList","@id":"https:\/\/portableboringmachine.com\/fr\/des-produits\/#breadcrumb","itemListElement":[{"@type":"ListItem","position":1,"name":"Home","item":"https:\/\/portableboringmachine.com\/fr\/maison\/"},{"@type":"ListItem","position":2,"name":"Des produits"}]},{"@type":"WebSite","@id":"https:\/\/portableboringmachine.com\/fr\/#website","url":"https:\/\/portableboringmachine.com\/fr\/","name":"Portable Line Boring Machine Manufacturer","description":"Portable Line Boring Machine Manufacturer","publisher":{"@id":"https:\/\/portableboringmachine.com\/fr\/#organization"},"alternateName":"Mobile Boring Machines","potentialAction":[{"@type":"SearchAction","target":{"@type":"EntryPoint","urlTemplate":"https:\/\/portableboringmachine.com\/fr\/?s={search_term_string}"},"query-input":{"@type":"PropertyValueSpecification","valueRequired":true,"valueName":"search_term_string"}}],"inLanguage":"fr-FR"},{"@type":"Organization","@id":"https:\/\/portableboringmachine.com\/fr\/#organization","name":"Portable Line Boring Machines","alternateName":"Linebortech","url":"https:\/\/portableboringmachine.com\/fr\/","logo":{"@type":"ImageObject","inLanguage":"fr-FR","@id":"https:\/\/portableboringmachine.com\/fr\/#\/schema\/logo\/image\/","url":"https:\/\/portableboringmachine.com\/wp-content\/uploads\/2021\/11\/footer-logo-.png","contentUrl":"https:\/\/portableboringmachine.com\/wp-content\/uploads\/2021\/11\/footer-logo-.png","width":500,"height":115,"caption":"Portable Line Boring Machines"},"image":{"@id":"https:\/\/portableboringmachine.com\/fr\/#\/schema\/logo\/image\/"},"sameAs":["https:\/\/www.facebook.com\/portablelineboringmachines","https:\/\/www.youtube.com\/@portablelineboringmachines\/videos"]}]}},"_links":{"self":[{"href":"https:\/\/portableboringmachine.com\/fr\/wp-json\/wp\/v2\/pages\/12850","targetHints":{"allow":["GET"]}}],"collection":[{"href":"https:\/\/portableboringmachine.com\/fr\/wp-json\/wp\/v2\/pages"}],"about":[{"href":"https:\/\/portableboringmachine.com\/fr\/wp-json\/wp\/v2\/types\/page"}],"author":[{"embeddable":true,"href":"https:\/\/portableboringmachine.com\/fr\/wp-json\/wp\/v2\/users\/1"}],"replies":[{"embeddable":true,"href":"https:\/\/portableboringmachine.com\/fr\/wp-json\/wp\/v2\/comments?post=12850"}],"version-history":[{"count":0,"href":"https:\/\/portableboringmachine.com\/fr\/wp-json\/wp\/v2\/pages\/12850\/revisions"}],"wp:featuredmedia":[{"embeddable":true,"href":"https:\/\/portableboringmachine.com\/fr\/wp-json\/wp\/v2\/media\/15381"}],"wp:attachment":[{"href":"https:\/\/portableboringmachine.com\/fr\/wp-json\/wp\/v2\/media?parent=12850"}],"curies":[{"name":"wp","href":"https:\/\/api.w.org\/{rel}","templated":true}]}}