{"id":20146,"date":"2025-12-01T12:39:00","date_gmt":"2025-12-01T12:39:00","guid":{"rendered":"https:\/\/portableboringmachine.com\/?page_id=20146"},"modified":"2025-12-02T11:28:44","modified_gmt":"2025-12-02T11:28:44","slug":"galeria-de-videos","status":"publish","type":"page","link":"https:\/\/portableboringmachine.com\/es\/galeria-de-videos\/","title":{"rendered":"Galer\u00eda de v\u00eddeos"},"content":{"rendered":"<section class=\"wpb-content-wrapper\"><p>[vc_row][vc_column][vc_row_inner][vc_column_inner width=&#8221;1\/3&#8243;][vc_video link=&#8221;https:\/\/www.youtube.com\/embed\/uA9ZsuY8loc&#8221;][\/vc_column_inner][vc_column_inner width=&#8221;1\/3&#8243;][vc_video link=&#8221;https:\/\/www.youtube.com\/embed\/vsJBQp6ivho&#8221;][\/vc_column_inner][vc_column_inner width=&#8221;1\/3&#8243;][vc_video link=&#8221;https:\/\/www.youtube.com\/embed\/ObZlAHM3FUA&#8221;][\/vc_column_inner][\/vc_row_inner][vc_empty_space][vc_row_inner][vc_column_inner width=&#8221;1\/3&#8243;][vc_video link=&#8221;https:\/\/www.youtube.com\/embed\/wqu5WiLhGYE&#8221;][\/vc_column_inner][vc_column_inner width=&#8221;1\/3&#8243;][vc_video link=&#8221;https:\/\/www.youtube.com\/embed\/G5PL2WN0Iks&#8221;][\/vc_column_inner][vc_column_inner width=&#8221;1\/3&#8243;][vc_video link=&#8221;https:\/\/www.youtube.com\/embed\/n3gYj-ZzdpU&#8221;][\/vc_column_inner][\/vc_row_inner][vc_empty_space][vc_row_inner][vc_column_inner width=&#8221;1\/3&#8243;][vc_video link=&#8221;https:\/\/www.youtube.com\/embed\/yF8qC60fNIk&#8221;][\/vc_column_inner][vc_column_inner width=&#8221;1\/3&#8243;][vc_video link=&#8221;https:\/\/www.youtube.com\/embed\/MhsiWwxSuso&#8221;][\/vc_column_inner][vc_column_inner width=&#8221;1\/3&#8243;][vc_video link=&#8221;https:\/\/www.youtube.com\/embed\/eLJG2Ma2-BY&#8221;][\/vc_column_inner][\/vc_row_inner][vc_empty_space][vc_row_inner][vc_column_inner width=&#8221;1\/3&#8243;][vc_video link=&#8221;https:\/\/www.youtube.com\/embed\/zBpqgeH-MPc&#8221;][\/vc_column_inner][vc_column_inner width=&#8221;1\/3&#8243;][vc_video link=&#8221;https:\/\/www.youtube.com\/embed\/Wte3o7rh_RQ&#8221;][\/vc_column_inner][vc_column_inner width=&#8221;1\/3&#8243;][vc_video link=&#8221;https:\/\/www.youtube.com\/embed\/xdfFh6Al9sI&#8221;][\/vc_column_inner][\/vc_row_inner][vc_empty_space][vc_row_inner][vc_column_inner width=&#8221;1\/3&#8243;][vc_video link=&#8221;https:\/\/www.youtube.com\/embed\/hzOAGV3Iljc&#8221;][\/vc_column_inner][vc_column_inner width=&#8221;1\/3&#8243;][vc_video link=&#8221;https:\/\/www.youtube.com\/embed\/FWMXaSHb8BY&#8221;][\/vc_column_inner][vc_column_inner width=&#8221;1\/3&#8243;][vc_video link=&#8221;https:\/\/www.youtube.com\/embed\/M16sGtvFK_c&#8221;][\/vc_column_inner][\/vc_row_inner][\/vc_column][\/vc_row][vc_row][vc_column][vc_empty_space][\/vc_column][\/vc_row][vc_row full_width=&#8221;stretch_row&#8221; css=&#8221;.vc_custom_1459505959648{margin-bottom: -60px !important;}&#8221; el_class=&#8221;third_bg_color&#8221;][vc_column][vc_cta h2=&#8221;IF YOU WANT TO ORDER PORTABLE BORING MACHINES!&#8221; h2_font_container=&#8221;tag:h2|font_size:20px|text_align:left|color:%23ffffff|line_height:24px&#8221; h2_use_theme_fonts=&#8221;yes&#8221; shape=&#8221;square&#8221; style=&#8221;flat&#8221; add_button=&#8221;right&#8221; btn_title=&#8221;get a quote&#8221; btn_style=&#8221;flat&#8221; btn_color=&#8221;theme_style_2&#8243; btn_align=&#8221;right&#8221; btn_i_align=&#8221;right&#8221; btn_i_icon_fontawesome=&#8221;stm-nokia_outline&#8221; particles=&#8221;yes&#8221; use_custom_fonts_h2=&#8221;true&#8221; btn_add_icon=&#8221;true&#8221; btn_link=&#8221;url:https%3A%2F%2Fportableboringmachine.com%2Fcontact%2F|title:Contact&#8221; el_class=&#8221;third_bg_color&#8221; css=&#8221;.vc_custom_1764616992829{margin-bottom: 0px !important;}&#8221;][\/vc_cta][\/vc_column][\/vc_row]<\/p>\n<\/section>","protected":false},"excerpt":{"rendered":"<p>[vc_row][vc_column][vc_row_inner][vc_column_inner width=&#8221;1\/3&#8243;][vc_video link=&#8221;https:\/\/www.youtube.com\/embed\/uA9ZsuY8loc&#8221;][\/vc_column_inner][vc_column_inner width=&#8221;1\/3&#8243;][vc_video link=&#8221;https:\/\/www.youtube.com\/embed\/vsJBQp6ivho&#8221;][\/vc_column_inner][vc_column_inner width=&#8221;1\/3&#8243;][vc_video link=&#8221;https:\/\/www.youtube.com\/embed\/ObZlAHM3FUA&#8221;][\/vc_column_inner][\/vc_row_inner][vc_empty_space][vc_row_inner][vc_column_inner width=&#8221;1\/3&#8243;][vc_video link=&#8221;https:\/\/www.youtube.com\/embed\/wqu5WiLhGYE&#8221;][\/vc_column_inner][vc_column_inner width=&#8221;1\/3&#8243;][vc_video link=&#8221;https:\/\/www.youtube.com\/embed\/G5PL2WN0Iks&#8221;][\/vc_column_inner][vc_column_inner width=&#8221;1\/3&#8243;][vc_video link=&#8221;https:\/\/www.youtube.com\/embed\/n3gYj-ZzdpU&#8221;][\/vc_column_inner][\/vc_row_inner][vc_empty_space][vc_row_inner][vc_column_inner width=&#8221;1\/3&#8243;][vc_video link=&#8221;https:\/\/www.youtube.com\/embed\/yF8qC60fNIk&#8221;][\/vc_column_inner][vc_column_inner width=&#8221;1\/3&#8243;][vc_video link=&#8221;https:\/\/www.youtube.com\/embed\/MhsiWwxSuso&#8221;][\/vc_column_inner][vc_column_inner width=&#8221;1\/3&#8243;][vc_video link=&#8221;https:\/\/www.youtube.com\/embed\/eLJG2Ma2-BY&#8221;][\/vc_column_inner][\/vc_row_inner][vc_empty_space][vc_row_inner][vc_column_inner width=&#8221;1\/3&#8243;][vc_video link=&#8221;https:\/\/www.youtube.com\/embed\/zBpqgeH-MPc&#8221;][\/vc_column_inner][vc_column_inner width=&#8221;1\/3&#8243;][vc_video link=&#8221;https:\/\/www.youtube.com\/embed\/Wte3o7rh_RQ&#8221;][\/vc_column_inner][vc_column_inner width=&#8221;1\/3&#8243;][vc_video link=&#8221;https:\/\/www.youtube.com\/embed\/xdfFh6Al9sI&#8221;][\/vc_column_inner][\/vc_row_inner][vc_empty_space][vc_row_inner][vc_column_inner width=&#8221;1\/3&#8243;][vc_video link=&#8221;https:\/\/www.youtube.com\/embed\/hzOAGV3Iljc&#8221;][\/vc_column_inner][vc_column_inner width=&#8221;1\/3&#8243;][vc_video link=&#8221;https:\/\/www.youtube.com\/embed\/FWMXaSHb8BY&#8221;][\/vc_column_inner][vc_column_inner width=&#8221;1\/3&#8243;][vc_video link=&#8221;https:\/\/www.youtube.com\/embed\/M16sGtvFK_c&#8221;][\/vc_column_inner][\/vc_row_inner][\/vc_column][\/vc_row][vc_row][vc_column][vc_empty_space][\/vc_column][\/vc_row][vc_row full_width=&#8221;stretch_row&#8221; css=&#8221;.vc_custom_1459505959648{margin-bottom: -60px !important;}&#8221; el_class=&#8221;third_bg_color&#8221;][vc_column][vc_cta h2=&#8221;IF YOU WANT TO ORDER PORTABLE BORING MACHINES!&#8221; h2_font_container=&#8221;tag:h2|font_size:20px|text_align:left|color:%23ffffff|line_height:24px&#8221; h2_use_theme_fonts=&#8221;yes&#8221; shape=&#8221;square&#8221; style=&#8221;flat&#8221; add_button=&#8221;right&#8221; btn_title=&#8221;get a quote&#8221; btn_style=&#8221;flat&#8221; btn_color=&#8221;theme_style_2&#8243; btn_align=&#8221;right&#8221;<\/p>\n","protected":false},"author":3,"featured_media":20058,"parent":0,"menu_order":0,"comment_status":"closed","ping_status":"closed","template":"","meta":{"_joinchat":[],"footnotes":""},"class_list":["post-20146","page","type-page","status-publish","has-post-thumbnail","hentry"],"yoast_head":"<!-- This site is optimized with the Yoast SEO Premium plugin v26.6 (Yoast SEO v27.0) - https:\/\/yoast.com\/product\/yoast-seo-premium-wordpress\/ -->\n<title>Galer\u00eda de v\u00eddeos - Portable Line Boring Machine Manufacturer<\/title>\n<meta name=\"description\" content=\"V\u00eddeos sobre m\u00e1quinas port\u00e1tiles de mandrinado y soldadura. Vea trabajos reales sobre el terreno, pasos de configuraci\u00f3n y clips de rendimiento de nuestra serie BD.\" \/>\n<meta name=\"robots\" content=\"index, follow, max-snippet:-1, max-image-preview:large, max-video-preview:-1\" \/>\n<link rel=\"canonical\" href=\"https:\/\/portableboringmachine.com\/es\/galeria-de-videos\/\" \/>\n<meta property=\"og:locale\" content=\"es_ES\" \/>\n<meta property=\"og:type\" content=\"article\" \/>\n<meta property=\"og:title\" content=\"Galer\u00eda de v\u00eddeos\" \/>\n<meta property=\"og:description\" content=\"V\u00eddeos sobre m\u00e1quinas port\u00e1tiles de mandrinado y soldadura. Vea trabajos reales sobre el terreno, pasos de configuraci\u00f3n y clips de rendimiento de nuestra serie BD.\" \/>\n<meta property=\"og:url\" content=\"https:\/\/portableboringmachine.com\/es\/galeria-de-videos\/\" \/>\n<meta property=\"og:site_name\" content=\"Portable Line Boring Machine Manufacturer\" \/>\n<meta property=\"article:publisher\" content=\"https:\/\/www.facebook.com\/portablelineboringmachines\" \/>\n<meta property=\"article:modified_time\" content=\"2025-12-02T11:28:44+00:00\" \/>\n<meta property=\"og:image\" content=\"https:\/\/portableboringmachine.com\/wp-content\/uploads\/2025\/12\/Portable-Boring-Welding-Machines-Gallery-10.webp\" \/>\n\t<meta property=\"og:image:width\" content=\"1600\" \/>\n\t<meta property=\"og:image:height\" content=\"1200\" \/>\n\t<meta property=\"og:image:type\" content=\"image\/webp\" \/>\n<meta name=\"twitter:label1\" content=\"Tiempo de lectura\" \/>\n\t<meta name=\"twitter:data1\" content=\"1 minuto\" \/>\n<script type=\"application\/ld+json\" class=\"yoast-schema-graph\">{\"@context\":\"https:\/\/schema.org\",\"@graph\":[{\"@type\":\"WebPage\",\"@id\":\"https:\/\/portableboringmachine.com\/es\/galeria-de-videos\/\",\"url\":\"https:\/\/portableboringmachine.com\/es\/galeria-de-videos\/\",\"name\":\"Galer\u00eda de v\u00eddeos - Portable Line Boring Machine Manufacturer\",\"isPartOf\":{\"@id\":\"https:\/\/portableboringmachine.com\/es\/#website\"},\"primaryImageOfPage\":{\"@id\":\"https:\/\/portableboringmachine.com\/es\/galeria-de-videos\/#primaryimage\"},\"image\":{\"@id\":\"https:\/\/portableboringmachine.com\/es\/galeria-de-videos\/#primaryimage\"},\"thumbnailUrl\":\"https:\/\/portableboringmachine.com\/wp-content\/uploads\/2025\/12\/Portable-Boring-Welding-Machines-Gallery-10.webp\",\"datePublished\":\"2025-12-01T12:39:00+00:00\",\"dateModified\":\"2025-12-02T11:28:44+00:00\",\"description\":\"V\u00eddeos sobre m\u00e1quinas port\u00e1tiles de mandrinado y soldadura. Vea trabajos reales sobre el terreno, pasos de configuraci\u00f3n y clips de rendimiento de nuestra serie BD.\",\"breadcrumb\":{\"@id\":\"https:\/\/portableboringmachine.com\/es\/galeria-de-videos\/#breadcrumb\"},\"inLanguage\":\"es\",\"potentialAction\":[{\"@type\":\"ReadAction\",\"target\":[\"https:\/\/portableboringmachine.com\/es\/galeria-de-videos\/\"]}]},{\"@type\":\"ImageObject\",\"inLanguage\":\"es\",\"@id\":\"https:\/\/portableboringmachine.com\/es\/galeria-de-videos\/#primaryimage\",\"url\":\"https:\/\/portableboringmachine.com\/wp-content\/uploads\/2025\/12\/Portable-Boring-Welding-Machines-Gallery-10.webp\",\"contentUrl\":\"https:\/\/portableboringmachine.com\/wp-content\/uploads\/2025\/12\/Portable-Boring-Welding-Machines-Gallery-10.webp\",\"width\":1600,\"height\":1200,\"caption\":\"Portable Boring Welding Machines Gallery\"},{\"@type\":\"BreadcrumbList\",\"@id\":\"https:\/\/portableboringmachine.com\/es\/galeria-de-videos\/#breadcrumb\",\"itemListElement\":[{\"@type\":\"ListItem\",\"position\":1,\"name\":\"Home\",\"item\":\"https:\/\/portableboringmachine.com\/es\/portable-line-boring-machines\/\"},{\"@type\":\"ListItem\",\"position\":2,\"name\":\"Galer\u00eda de v\u00eddeos\"}]},{\"@type\":\"WebSite\",\"@id\":\"https:\/\/portableboringmachine.com\/es\/#website\",\"url\":\"https:\/\/portableboringmachine.com\/es\/\",\"name\":\"Portable Line Boring Machine Manufacturer\",\"description\":\"Portable Line Boring Machine Manufacturer\",\"publisher\":{\"@id\":\"https:\/\/portableboringmachine.com\/es\/#organization\"},\"alternateName\":\"Mobile Boring Machines\",\"potentialAction\":[{\"@type\":\"SearchAction\",\"target\":{\"@type\":\"EntryPoint\",\"urlTemplate\":\"https:\/\/portableboringmachine.com\/es\/?s={search_term_string}\"},\"query-input\":{\"@type\":\"PropertyValueSpecification\",\"valueRequired\":true,\"valueName\":\"search_term_string\"}}],\"inLanguage\":\"es\"},{\"@type\":\"Organization\",\"@id\":\"https:\/\/portableboringmachine.com\/es\/#organization\",\"name\":\"Portable Line Boring Machines\",\"alternateName\":\"Linebortech\",\"url\":\"https:\/\/portableboringmachine.com\/es\/\",\"logo\":{\"@type\":\"ImageObject\",\"inLanguage\":\"es\",\"@id\":\"https:\/\/portableboringmachine.com\/es\/#\/schema\/logo\/image\/\",\"url\":\"https:\/\/portableboringmachine.com\/wp-content\/uploads\/2021\/11\/footer-logo-.png\",\"contentUrl\":\"https:\/\/portableboringmachine.com\/wp-content\/uploads\/2021\/11\/footer-logo-.png\",\"width\":500,\"height\":115,\"caption\":\"Portable Line Boring Machines\"},\"image\":{\"@id\":\"https:\/\/portableboringmachine.com\/es\/#\/schema\/logo\/image\/\"},\"sameAs\":[\"https:\/\/www.facebook.com\/portablelineboringmachines\",\"https:\/\/www.youtube.com\/@portablelineboringmachines\/videos\"]}]}<\/script>\n<!-- \/ Yoast SEO Premium plugin. -->","yoast_head_json":{"title":"Galer\u00eda de v\u00eddeos - Portable Line Boring Machine Manufacturer","description":"V\u00eddeos sobre m\u00e1quinas port\u00e1tiles de mandrinado y soldadura. Vea trabajos reales sobre el terreno, pasos de configuraci\u00f3n y clips de rendimiento de nuestra serie BD.","robots":{"index":"index","follow":"follow","max-snippet":"max-snippet:-1","max-image-preview":"max-image-preview:large","max-video-preview":"max-video-preview:-1"},"canonical":"https:\/\/portableboringmachine.com\/es\/galeria-de-videos\/","og_locale":"es_ES","og_type":"article","og_title":"Galer\u00eda de v\u00eddeos","og_description":"V\u00eddeos sobre m\u00e1quinas port\u00e1tiles de mandrinado y soldadura. Vea trabajos reales sobre el terreno, pasos de configuraci\u00f3n y clips de rendimiento de nuestra serie BD.","og_url":"https:\/\/portableboringmachine.com\/es\/galeria-de-videos\/","og_site_name":"Portable Line Boring Machine Manufacturer","article_publisher":"https:\/\/www.facebook.com\/portablelineboringmachines","article_modified_time":"2025-12-02T11:28:44+00:00","og_image":[{"width":1600,"height":1200,"url":"https:\/\/portableboringmachine.com\/wp-content\/uploads\/2025\/12\/Portable-Boring-Welding-Machines-Gallery-10.webp","type":"image\/webp"}],"twitter_misc":{"Tiempo de lectura":"1 minuto"},"schema":{"@context":"https:\/\/schema.org","@graph":[{"@type":"WebPage","@id":"https:\/\/portableboringmachine.com\/es\/galeria-de-videos\/","url":"https:\/\/portableboringmachine.com\/es\/galeria-de-videos\/","name":"Galer\u00eda de v\u00eddeos - Portable Line Boring Machine Manufacturer","isPartOf":{"@id":"https:\/\/portableboringmachine.com\/es\/#website"},"primaryImageOfPage":{"@id":"https:\/\/portableboringmachine.com\/es\/galeria-de-videos\/#primaryimage"},"image":{"@id":"https:\/\/portableboringmachine.com\/es\/galeria-de-videos\/#primaryimage"},"thumbnailUrl":"https:\/\/portableboringmachine.com\/wp-content\/uploads\/2025\/12\/Portable-Boring-Welding-Machines-Gallery-10.webp","datePublished":"2025-12-01T12:39:00+00:00","dateModified":"2025-12-02T11:28:44+00:00","description":"V\u00eddeos sobre m\u00e1quinas port\u00e1tiles de mandrinado y soldadura. Vea trabajos reales sobre el terreno, pasos de configuraci\u00f3n y clips de rendimiento de nuestra serie BD.","breadcrumb":{"@id":"https:\/\/portableboringmachine.com\/es\/galeria-de-videos\/#breadcrumb"},"inLanguage":"es","potentialAction":[{"@type":"ReadAction","target":["https:\/\/portableboringmachine.com\/es\/galeria-de-videos\/"]}]},{"@type":"ImageObject","inLanguage":"es","@id":"https:\/\/portableboringmachine.com\/es\/galeria-de-videos\/#primaryimage","url":"https:\/\/portableboringmachine.com\/wp-content\/uploads\/2025\/12\/Portable-Boring-Welding-Machines-Gallery-10.webp","contentUrl":"https:\/\/portableboringmachine.com\/wp-content\/uploads\/2025\/12\/Portable-Boring-Welding-Machines-Gallery-10.webp","width":1600,"height":1200,"caption":"Portable Boring Welding Machines Gallery"},{"@type":"BreadcrumbList","@id":"https:\/\/portableboringmachine.com\/es\/galeria-de-videos\/#breadcrumb","itemListElement":[{"@type":"ListItem","position":1,"name":"Home","item":"https:\/\/portableboringmachine.com\/es\/portable-line-boring-machines\/"},{"@type":"ListItem","position":2,"name":"Galer\u00eda de v\u00eddeos"}]},{"@type":"WebSite","@id":"https:\/\/portableboringmachine.com\/es\/#website","url":"https:\/\/portableboringmachine.com\/es\/","name":"Portable Line Boring Machine Manufacturer","description":"Portable Line Boring Machine Manufacturer","publisher":{"@id":"https:\/\/portableboringmachine.com\/es\/#organization"},"alternateName":"Mobile Boring Machines","potentialAction":[{"@type":"SearchAction","target":{"@type":"EntryPoint","urlTemplate":"https:\/\/portableboringmachine.com\/es\/?s={search_term_string}"},"query-input":{"@type":"PropertyValueSpecification","valueRequired":true,"valueName":"search_term_string"}}],"inLanguage":"es"},{"@type":"Organization","@id":"https:\/\/portableboringmachine.com\/es\/#organization","name":"Portable Line Boring Machines","alternateName":"Linebortech","url":"https:\/\/portableboringmachine.com\/es\/","logo":{"@type":"ImageObject","inLanguage":"es","@id":"https:\/\/portableboringmachine.com\/es\/#\/schema\/logo\/image\/","url":"https:\/\/portableboringmachine.com\/wp-content\/uploads\/2021\/11\/footer-logo-.png","contentUrl":"https:\/\/portableboringmachine.com\/wp-content\/uploads\/2021\/11\/footer-logo-.png","width":500,"height":115,"caption":"Portable Line Boring Machines"},"image":{"@id":"https:\/\/portableboringmachine.com\/es\/#\/schema\/logo\/image\/"},"sameAs":["https:\/\/www.facebook.com\/portablelineboringmachines","https:\/\/www.youtube.com\/@portablelineboringmachines\/videos"]}]}},"_links":{"self":[{"href":"https:\/\/portableboringmachine.com\/es\/wp-json\/wp\/v2\/pages\/20146","targetHints":{"allow":["GET"]}}],"collection":[{"href":"https:\/\/portableboringmachine.com\/es\/wp-json\/wp\/v2\/pages"}],"about":[{"href":"https:\/\/portableboringmachine.com\/es\/wp-json\/wp\/v2\/types\/page"}],"author":[{"embeddable":true,"href":"https:\/\/portableboringmachine.com\/es\/wp-json\/wp\/v2\/users\/3"}],"replies":[{"embeddable":true,"href":"https:\/\/portableboringmachine.com\/es\/wp-json\/wp\/v2\/comments?post=20146"}],"version-history":[{"count":0,"href":"https:\/\/portableboringmachine.com\/es\/wp-json\/wp\/v2\/pages\/20146\/revisions"}],"wp:featuredmedia":[{"embeddable":true,"href":"https:\/\/portableboringmachine.com\/es\/wp-json\/wp\/v2\/media\/20058"}],"wp:attachment":[{"href":"https:\/\/portableboringmachine.com\/es\/wp-json\/wp\/v2\/media?parent=20146"}],"curies":[{"name":"wp","href":"https:\/\/api.w.org\/{rel}","templated":true}]}}