{"id":11379,"date":"2015-12-15T07:37:33","date_gmt":"2015-12-15T07:37:33","guid":{"rendered":"https:\/\/portableboringmachine.com\/sobre-nosotros\/"},"modified":"2023-07-21T11:14:50","modified_gmt":"2023-07-21T11:14:50","slug":"sobre-nosotros","status":"publish","type":"page","link":"https:\/\/portableboringmachine.com\/es\/sobre-nosotros\/","title":{"rendered":"Sobre nosotros"},"content":{"rendered":"<section class=\"wpb-content-wrapper\"><p>[vc_row css=&#8221;.vc_custom_1451991003825{margin-bottom: 100px !important;}&#8221;][vc_column offset=&#8221;vc_col-lg-9 vc_col-md-9&#8243;][vc_single_image image=&#8221;3645&#8243; img_size=&#8221;full&#8221;][vc_column_text css=&#8221;.vc_custom_1689675873635{margin-top: 40px !important;}&#8221;]<\/p>\n<h1><strong>Mandrinadoras y soldadoras en l\u00ednea<\/strong><\/h1>\n<p><em><strong>Presentaci\u00f3n de la empresa<\/strong><\/em><\/p>\n<p>LINEBORTECH Machine es uno de los l\u00edderes m\u00e1s importantes en el campo de las <a href=\"https:\/\/allame.net\/\"><br \/>\n  <em><br \/>\n    <strong><br \/>\n      <u>perforadoras y soldadoras port\u00e1tiles<\/u><br \/>\n    <\/strong><br \/>\n  <\/em><br \/>\n<\/a>.<br \/>\nCon m\u00e1s de 20 a\u00f1os de experiencia, nuestra empresa; garantiza la satisfacci\u00f3n y el \u00e9xito en todos los productos.<br \/>\nLos expertos de Allame no s\u00f3lo se dedican a las mandrinadoras, sino tambi\u00e9n a la soldadura MIG \/ MAG, la automatizaci\u00f3n electr\u00f3nica y los sistemas de control de motores.<br \/>\nTeniendo en cuenta que la mayor\u00eda de los dem\u00e1s fabricantes de m\u00e1quinas producen m\u00e1quinas de una sola funci\u00f3n, nuestra empresa ofrece m\u00e1quinas multifuncionales con automatizaci\u00f3n inteligente para los usuarios de la industria.<br \/>\nDesde hace m\u00e1s de 20 a\u00f1os, nuestro trabajo en sectores afines nos brinda la oportunidad de responder a las preguntas que se plantean los c\u00edrculos industriales.<br \/>\nCuando experimentamos nuestras m\u00e1quinas, nos enorgullece ver que muchos profesionales de distintos sectores han cambiado sus preferencias.<\/p>\n<p>Estas son las ventajas de utilizar <strong><br \/>\n  <em>mandrinadoras y soldadoras en l\u00ednea<\/em><br \/>\n<\/strong>:<br \/>\n\u2022 <strong>Gran inversi\u00f3n:<\/strong><br \/>\nEn la construcci\u00f3n se utilizan muchas m\u00e1quinas y equipos. El coste de estas m\u00e1quinas y equipos es muy elevado. Los costes de estas mandrinadoras no son muy elevados, por lo que puede invertir f\u00e1cilmente su dinero en ellas. Es duradero, por lo que puedes invertir tu dinero en \u00e9l. Si usted invierte su dinero en esta m\u00e1quina, entonces usted puede ganar una gran cantidad de beneficios.<br \/>\n\u2022 <strong>Duradero:<\/strong><br \/>\nEsta m\u00e1quina es duradera para que pueda utilizarla f\u00e1cilmente. Est\u00e1 fabricado con material de alta calidad. Todos los materiales tienen que pasar muchas pruebas antes de fabricarse. Esta m\u00e1quina es muy f\u00e1cil de usar, por lo que no se requiere ning\u00fan conocimiento especial para utilizarla.<br \/>\n\u2022 <strong>M\u00e1s r\u00e1pido:<\/strong><br \/>\nEs muy r\u00e1pido en comparaci\u00f3n con otras m\u00e1quinas. Se puede utilizar sin ninguna experiencia t\u00e9cnica.<\/p>\n<p>Para m\u00e1s informaci\u00f3n <a href=\"https:\/\/portableboringmachine.com\/es\/contacte-con\/\">contacta<\/a> con nosotros![\/vc_column_text][vc_column_text css=&#8221;.vc_custom_1637746562676{margin-bottom: 34px !important;}&#8221;]<\/p>\n<blockquote><p>Gracias a la confianza de nuestros clientes, la empresa LINEBORTECH Portable Line Boring Machine sigue creciendo d\u00eda a d\u00eda.<\/p><\/blockquote>\n<p>[\/vc_column_text][vc_row_inner][vc_column_inner width=&#8221;1\/2&#8243;][vc_custom_heading text=&#8221;Nuestra misi\u00f3n&#8221; font_container=&#8221;tag:h4|text_align:left|color:%23222222&#8243; use_theme_fonts=&#8221;yes&#8221; css=&#8221;.vc_custom_1453471528699{margin-bottom: 15px !important;}&#8221; el_class=&#8221;no_stripe&#8221;][vc_column_text]La mandrinadora y soldadora de l\u00edneas port\u00e1til le ofrece:<\/p>\n<ul>\n<li>Trabaja menos horas y gana m\u00e1s dinero.<\/li>\n<li>Hacer buenos equipos con buena calidad y menos sueldo.<\/li>\n<li>Gestione su tiempo para hacer m\u00e1s en menos tiempo.<\/li>\n<li>Line Boring and Welding satisface sus necesidades.<\/li>\n<li>Aumente sus ingresos reduciendo costes sin sacrificar la calidad.<\/li>\n<\/ul>\n<p>[\/vc_column_text][\/vc_column_inner][vc_column_inner width=&#8221;1\/2&#8243;][vc_video link=&#8221;https:\/\/www.youtube.com\/embed\/OUcs_4yI6Vw&#8221; el_aspect=&#8221;43&#8243;][\/vc_column_inner][\/vc_row_inner][vc_separator][vc_column_text]<img decoding=\"async\" class=\"wp-image-3682 size-full alignright lazyload\" data-src=\"https:\/\/portableboringmachine.com\/wp-content\/uploads\/2021\/11\/Linebortech-About-Us.jpg\" alt=\"Linebortech Qui\u00e9nes somos\" width=\"300\" height=\"225\" src=\"data:image\/svg+xml;base64,PHN2ZyB3aWR0aD0iMSIgaGVpZ2h0PSIxIiB4bWxucz0iaHR0cDovL3d3dy53My5vcmcvMjAwMC9zdmciPjwvc3ZnPg==\" style=\"--smush-placeholder-width: 300px; --smush-placeholder-aspect-ratio: 300\/225;\">Conozca la industria que utiliza las <em>mandrinadoras y soldadoras de l\u00ednea<\/em><br \/>\n&#8211; El negocio agroalimentario descubre un incentivo en estos artilugios. En esta industria, se utilizan en diferentes m\u00e1quinas, como tractores, cargadoras y recogedoras. Asimismo, se utilizan en conexiones para tractores, divisores de madera accionados por agua y algunos m\u00e1s.<br \/>\n&#8211; Otra industria que utiliza este segmento para sus aparatos es la construcci\u00f3n afable, Excavadoras, bulldozers, zanjadoras y sus conexiones todos tienen barriles accionados por agua. El negocio de la vitalidad tambi\u00e9n ha descubierto el uso de estas piezas.<br \/>\n&#8211; Las perforadoras en l\u00ednea vienen con control de entrada utilizan barriles accionados por agua. Estos barriles permiten allanar el camino para controlar la corriente de agua.<\/p>\n<p><a href=\"https:\/\/portableboringmachine.com\/line-boring-machines\/\"><strong><em>Mandrinadoras y soldadoras en l\u00ednea<\/em><\/strong><\/a>[\/vc_column_text][vc_video link=&#8221;https:\/\/www.youtube.com\/embed\/kERdKtExTUQ&#8221;][\/vc_column][vc_column width=&#8221;1\/4&#8243;][stm_sidebar sidebar=&#8221;619&#8243;][\/vc_column][\/vc_row][vc_row full_width=&#8221;stretch_row&#8221; el_class=&#8221;third_bg_color&#8221; css=&#8221;.vc_custom_1451889219674{margin-bottom: -60px !important;}&#8221;][vc_column][vc_cta h2=&#8221;\u00bfBusca la mejor mandrinadora en cuanto a precio y prestaciones?&#8221; h2_font_container=&#8221;tag:h2|font_size:20px|text_align:left|color:%23000000|line_height:24px&#8221; h2_use_theme_fonts=&#8221;yes&#8221; shape=&#8221;square&#8221; style=&#8221;flat&#8221; add_button=&#8221;right&#8221; btn_title=&#8221;solicitar presupuesto&#8221; btn_style=&#8221;flat&#8221; btn_color=&#8221;theme_style_2&#8243; btn_align=&#8221;right&#8221; btn_i_align=&#8221;right&#8221; btn_i_icon_fontawesome=&#8221;fa fa-chevron-right&#8221; particles=&#8221;yes&#8221; use_custom_fonts_h2=&#8221;true&#8221; btn_button_block=&#8221;true&#8221; btn_add_icon=&#8221;true&#8221; el_class=&#8221;third_bg_color&#8221; css=&#8221;.vc_custom_1637223059157{margin-bottom: 0px !important;}&#8221; btn_link=&#8221;url:http%3A%2F%2Fportableboringmachine.com%2Fcontact%2F|&#8221;][\/vc_cta][\/vc_column][\/vc_row]<\/p>\n<\/section>","protected":false},"excerpt":{"rendered":"<p>[vc_row css=&#8221;.vc_custom_1451991003825{margin-bottom: 100px !important;}&#8221;][vc_column offset=&#8221;vc_col-lg-9 vc_col-md-9&#8243;][vc_single_image image=&#8221;3645&#8243; img_size=&#8221;full&#8221;][vc_column_text css=&#8221;.vc_custom_1689675873635{margin-top: 40px !important;}&#8221;] Mandrinadoras y soldadoras en l\u00ednea Presentaci\u00f3n de la empresa LINEBORTECH Machine es uno de los l\u00edderes m\u00e1s importantes en el campo de las perforadoras y soldadoras port\u00e1tiles . Con m\u00e1s de 20 a\u00f1os de experiencia, nuestra empresa; garantiza la satisfacci\u00f3n y el \u00e9xito en<\/p>\n","protected":false},"author":1,"featured_media":11206,"parent":0,"menu_order":0,"comment_status":"closed","ping_status":"closed","template":"","meta":{"_joinchat":[],"footnotes":""},"class_list":["post-11379","page","type-page","status-publish","has-post-thumbnail","hentry"],"yoast_head":"<!-- This site is optimized with the Yoast SEO Premium plugin v26.6 (Yoast SEO v27.0) - https:\/\/yoast.com\/product\/yoast-seo-premium-wordpress\/ -->\n<title>Sobre nosotros - Portable Line Boring Machine Manufacturer<\/title>\n<meta name=\"description\" content=\"LINEBORTECH Machine es uno de los l\u00edderes m\u00e1s importantes en el campo de las m\u00e1quinas port\u00e1tiles de perforaci\u00f3n y soldadura en l\u00ednea.\" \/>\n<meta name=\"robots\" content=\"index, follow, max-snippet:-1, max-image-preview:large, max-video-preview:-1\" \/>\n<link rel=\"canonical\" href=\"https:\/\/portableboringmachine.com\/es\/sobre-nosotros\/\" \/>\n<meta property=\"og:locale\" content=\"es_ES\" \/>\n<meta property=\"og:type\" content=\"article\" \/>\n<meta property=\"og:title\" content=\"Sobre nosotros\" \/>\n<meta property=\"og:description\" content=\"LINEBORTECH Machine es uno de los l\u00edderes m\u00e1s importantes en el campo de las m\u00e1quinas port\u00e1tiles de perforaci\u00f3n y soldadura en l\u00ednea.\" \/>\n<meta property=\"og:url\" content=\"https:\/\/portableboringmachine.com\/es\/sobre-nosotros\/\" \/>\n<meta property=\"og:site_name\" content=\"Portable Line Boring Machine Manufacturer\" \/>\n<meta property=\"article:publisher\" content=\"https:\/\/www.facebook.com\/portablelineboringmachines\" \/>\n<meta property=\"article:modified_time\" content=\"2023-07-21T11:14:50+00:00\" \/>\n<meta property=\"og:image\" content=\"https:\/\/portableboringmachine.com\/wp-content\/uploads\/2016\/01\/Portable-Line-Boring-Machine-BD-40-.jpg\" \/>\n\t<meta property=\"og:image:width\" content=\"800\" \/>\n\t<meta property=\"og:image:height\" content=\"708\" \/>\n\t<meta property=\"og:image:type\" content=\"image\/jpeg\" \/>\n<meta name=\"twitter:label1\" content=\"Tiempo de lectura\" \/>\n\t<meta name=\"twitter:data1\" content=\"4 minutos\" \/>\n<script type=\"application\/ld+json\" class=\"yoast-schema-graph\">{\"@context\":\"https:\/\/schema.org\",\"@graph\":[{\"@type\":\"WebPage\",\"@id\":\"https:\/\/portableboringmachine.com\/es\/sobre-nosotros\/\",\"url\":\"https:\/\/portableboringmachine.com\/es\/sobre-nosotros\/\",\"name\":\"Sobre nosotros - Portable Line Boring Machine Manufacturer\",\"isPartOf\":{\"@id\":\"https:\/\/portableboringmachine.com\/es\/#website\"},\"primaryImageOfPage\":{\"@id\":\"https:\/\/portableboringmachine.com\/es\/sobre-nosotros\/#primaryimage\"},\"image\":{\"@id\":\"https:\/\/portableboringmachine.com\/es\/sobre-nosotros\/#primaryimage\"},\"thumbnailUrl\":\"https:\/\/portableboringmachine.com\/wp-content\/uploads\/2016\/01\/Portable-Line-Boring-Machine-BD-40-.jpg\",\"datePublished\":\"2015-12-15T07:37:33+00:00\",\"dateModified\":\"2023-07-21T11:14:50+00:00\",\"description\":\"LINEBORTECH Machine es uno de los l\u00edderes m\u00e1s importantes en el campo de las m\u00e1quinas port\u00e1tiles de perforaci\u00f3n y soldadura en l\u00ednea.\",\"breadcrumb\":{\"@id\":\"https:\/\/portableboringmachine.com\/es\/sobre-nosotros\/#breadcrumb\"},\"inLanguage\":\"es\",\"potentialAction\":[{\"@type\":\"ReadAction\",\"target\":[\"https:\/\/portableboringmachine.com\/es\/sobre-nosotros\/\"]}]},{\"@type\":\"ImageObject\",\"inLanguage\":\"es\",\"@id\":\"https:\/\/portableboringmachine.com\/es\/sobre-nosotros\/#primaryimage\",\"url\":\"https:\/\/portableboringmachine.com\/wp-content\/uploads\/2016\/01\/Portable-Line-Boring-Machine-BD-40-.jpg\",\"contentUrl\":\"https:\/\/portableboringmachine.com\/wp-content\/uploads\/2016\/01\/Portable-Line-Boring-Machine-BD-40-.jpg\",\"width\":800,\"height\":708},{\"@type\":\"BreadcrumbList\",\"@id\":\"https:\/\/portableboringmachine.com\/es\/sobre-nosotros\/#breadcrumb\",\"itemListElement\":[{\"@type\":\"ListItem\",\"position\":1,\"name\":\"Home\",\"item\":\"https:\/\/portableboringmachine.com\/es\/portable-line-boring-machines\/\"},{\"@type\":\"ListItem\",\"position\":2,\"name\":\"Sobre nosotros\"}]},{\"@type\":\"WebSite\",\"@id\":\"https:\/\/portableboringmachine.com\/es\/#website\",\"url\":\"https:\/\/portableboringmachine.com\/es\/\",\"name\":\"Portable Line Boring Machine Manufacturer\",\"description\":\"Portable Line Boring Machine Manufacturer\",\"publisher\":{\"@id\":\"https:\/\/portableboringmachine.com\/es\/#organization\"},\"alternateName\":\"Mobile Boring Machines\",\"potentialAction\":[{\"@type\":\"SearchAction\",\"target\":{\"@type\":\"EntryPoint\",\"urlTemplate\":\"https:\/\/portableboringmachine.com\/es\/?s={search_term_string}\"},\"query-input\":{\"@type\":\"PropertyValueSpecification\",\"valueRequired\":true,\"valueName\":\"search_term_string\"}}],\"inLanguage\":\"es\"},{\"@type\":\"Organization\",\"@id\":\"https:\/\/portableboringmachine.com\/es\/#organization\",\"name\":\"Portable Line Boring Machines\",\"alternateName\":\"Linebortech\",\"url\":\"https:\/\/portableboringmachine.com\/es\/\",\"logo\":{\"@type\":\"ImageObject\",\"inLanguage\":\"es\",\"@id\":\"https:\/\/portableboringmachine.com\/es\/#\/schema\/logo\/image\/\",\"url\":\"https:\/\/portableboringmachine.com\/wp-content\/uploads\/2021\/11\/footer-logo-.png\",\"contentUrl\":\"https:\/\/portableboringmachine.com\/wp-content\/uploads\/2021\/11\/footer-logo-.png\",\"width\":500,\"height\":115,\"caption\":\"Portable Line Boring Machines\"},\"image\":{\"@id\":\"https:\/\/portableboringmachine.com\/es\/#\/schema\/logo\/image\/\"},\"sameAs\":[\"https:\/\/www.facebook.com\/portablelineboringmachines\",\"https:\/\/www.youtube.com\/@portablelineboringmachines\/videos\"]}]}<\/script>\n<!-- \/ Yoast SEO Premium plugin. -->","yoast_head_json":{"title":"Sobre nosotros - Portable Line Boring Machine Manufacturer","description":"LINEBORTECH Machine es uno de los l\u00edderes m\u00e1s importantes en el campo de las m\u00e1quinas port\u00e1tiles de perforaci\u00f3n y soldadura en l\u00ednea.","robots":{"index":"index","follow":"follow","max-snippet":"max-snippet:-1","max-image-preview":"max-image-preview:large","max-video-preview":"max-video-preview:-1"},"canonical":"https:\/\/portableboringmachine.com\/es\/sobre-nosotros\/","og_locale":"es_ES","og_type":"article","og_title":"Sobre nosotros","og_description":"LINEBORTECH Machine es uno de los l\u00edderes m\u00e1s importantes en el campo de las m\u00e1quinas port\u00e1tiles de perforaci\u00f3n y soldadura en l\u00ednea.","og_url":"https:\/\/portableboringmachine.com\/es\/sobre-nosotros\/","og_site_name":"Portable Line Boring Machine Manufacturer","article_publisher":"https:\/\/www.facebook.com\/portablelineboringmachines","article_modified_time":"2023-07-21T11:14:50+00:00","og_image":[{"width":800,"height":708,"url":"https:\/\/portableboringmachine.com\/wp-content\/uploads\/2016\/01\/Portable-Line-Boring-Machine-BD-40-.jpg","type":"image\/jpeg"}],"twitter_misc":{"Tiempo de lectura":"4 minutos"},"schema":{"@context":"https:\/\/schema.org","@graph":[{"@type":"WebPage","@id":"https:\/\/portableboringmachine.com\/es\/sobre-nosotros\/","url":"https:\/\/portableboringmachine.com\/es\/sobre-nosotros\/","name":"Sobre nosotros - Portable Line Boring Machine Manufacturer","isPartOf":{"@id":"https:\/\/portableboringmachine.com\/es\/#website"},"primaryImageOfPage":{"@id":"https:\/\/portableboringmachine.com\/es\/sobre-nosotros\/#primaryimage"},"image":{"@id":"https:\/\/portableboringmachine.com\/es\/sobre-nosotros\/#primaryimage"},"thumbnailUrl":"https:\/\/portableboringmachine.com\/wp-content\/uploads\/2016\/01\/Portable-Line-Boring-Machine-BD-40-.jpg","datePublished":"2015-12-15T07:37:33+00:00","dateModified":"2023-07-21T11:14:50+00:00","description":"LINEBORTECH Machine es uno de los l\u00edderes m\u00e1s importantes en el campo de las m\u00e1quinas port\u00e1tiles de perforaci\u00f3n y soldadura en l\u00ednea.","breadcrumb":{"@id":"https:\/\/portableboringmachine.com\/es\/sobre-nosotros\/#breadcrumb"},"inLanguage":"es","potentialAction":[{"@type":"ReadAction","target":["https:\/\/portableboringmachine.com\/es\/sobre-nosotros\/"]}]},{"@type":"ImageObject","inLanguage":"es","@id":"https:\/\/portableboringmachine.com\/es\/sobre-nosotros\/#primaryimage","url":"https:\/\/portableboringmachine.com\/wp-content\/uploads\/2016\/01\/Portable-Line-Boring-Machine-BD-40-.jpg","contentUrl":"https:\/\/portableboringmachine.com\/wp-content\/uploads\/2016\/01\/Portable-Line-Boring-Machine-BD-40-.jpg","width":800,"height":708},{"@type":"BreadcrumbList","@id":"https:\/\/portableboringmachine.com\/es\/sobre-nosotros\/#breadcrumb","itemListElement":[{"@type":"ListItem","position":1,"name":"Home","item":"https:\/\/portableboringmachine.com\/es\/portable-line-boring-machines\/"},{"@type":"ListItem","position":2,"name":"Sobre nosotros"}]},{"@type":"WebSite","@id":"https:\/\/portableboringmachine.com\/es\/#website","url":"https:\/\/portableboringmachine.com\/es\/","name":"Portable Line Boring Machine Manufacturer","description":"Portable Line Boring Machine Manufacturer","publisher":{"@id":"https:\/\/portableboringmachine.com\/es\/#organization"},"alternateName":"Mobile Boring Machines","potentialAction":[{"@type":"SearchAction","target":{"@type":"EntryPoint","urlTemplate":"https:\/\/portableboringmachine.com\/es\/?s={search_term_string}"},"query-input":{"@type":"PropertyValueSpecification","valueRequired":true,"valueName":"search_term_string"}}],"inLanguage":"es"},{"@type":"Organization","@id":"https:\/\/portableboringmachine.com\/es\/#organization","name":"Portable Line Boring Machines","alternateName":"Linebortech","url":"https:\/\/portableboringmachine.com\/es\/","logo":{"@type":"ImageObject","inLanguage":"es","@id":"https:\/\/portableboringmachine.com\/es\/#\/schema\/logo\/image\/","url":"https:\/\/portableboringmachine.com\/wp-content\/uploads\/2021\/11\/footer-logo-.png","contentUrl":"https:\/\/portableboringmachine.com\/wp-content\/uploads\/2021\/11\/footer-logo-.png","width":500,"height":115,"caption":"Portable Line Boring Machines"},"image":{"@id":"https:\/\/portableboringmachine.com\/es\/#\/schema\/logo\/image\/"},"sameAs":["https:\/\/www.facebook.com\/portablelineboringmachines","https:\/\/www.youtube.com\/@portablelineboringmachines\/videos"]}]}},"_links":{"self":[{"href":"https:\/\/portableboringmachine.com\/es\/wp-json\/wp\/v2\/pages\/11379","targetHints":{"allow":["GET"]}}],"collection":[{"href":"https:\/\/portableboringmachine.com\/es\/wp-json\/wp\/v2\/pages"}],"about":[{"href":"https:\/\/portableboringmachine.com\/es\/wp-json\/wp\/v2\/types\/page"}],"author":[{"embeddable":true,"href":"https:\/\/portableboringmachine.com\/es\/wp-json\/wp\/v2\/users\/1"}],"replies":[{"embeddable":true,"href":"https:\/\/portableboringmachine.com\/es\/wp-json\/wp\/v2\/comments?post=11379"}],"version-history":[{"count":0,"href":"https:\/\/portableboringmachine.com\/es\/wp-json\/wp\/v2\/pages\/11379\/revisions"}],"wp:featuredmedia":[{"embeddable":true,"href":"https:\/\/portableboringmachine.com\/es\/wp-json\/wp\/v2\/media\/11206"}],"wp:attachment":[{"href":"https:\/\/portableboringmachine.com\/es\/wp-json\/wp\/v2\/media?parent=11379"}],"curies":[{"name":"wp","href":"https:\/\/api.w.org\/{rel}","templated":true}]}}