{"id":11378,"date":"2016-01-08T11:28:46","date_gmt":"2016-01-08T11:28:46","guid":{"rendered":"https:\/\/portableboringmachine.com\/maquinas-de-soldadura\/"},"modified":"2023-08-05T12:52:36","modified_gmt":"2023-08-05T12:52:36","slug":"maquinas-de-soldadura","status":"publish","type":"page","link":"https:\/\/portableboringmachine.com\/es\/maquinas-de-soldadura\/","title":{"rendered":"M\u00e1quinas de soldadura"},"content":{"rendered":"<section class=\"wpb-content-wrapper\"><p>[vc_row css=&#8221;.vc_custom_1459506798851{margin-bottom: 100px !important;}&#8221;][vc_column offset=&#8221;vc_col-lg-9 vc_col-md-9&#8243;][vc_custom_heading text=&#8221;M\u00e1quina rectificadora y soldadora de l\u00edneas&#8221; font_container=&#8221;tag:h1|text_align:left&#8221; use_theme_fonts=&#8221;yes&#8221;][vc_column_text css=&#8221;.vc_custom_1690631840545{margin-bottom: 25px !important;}&#8221;]<em><strong>M\u00e1quina perforadora y soldadora<\/strong><\/em> port\u00e1til, seleccionar el equipo adecuado es crucial para lograr resultados precisos y eficientes. Si se dedica a la reparaci\u00f3n de excavadoras, a la construcci\u00f3n o a cualquier industria que requiera mecanizado in situ, es esencial invertir en una mandrinadora y soldadora de l\u00ednea fiable. En este art\u00edculo, exploraremos los factores clave a considerar al elegir una <a href=\"https:\/\/portableboringmachine.com\/service\/portable-line-boring-welding-machine-bd-40\/\"><em>m\u00e1quina de soldadura y mandrinado<\/em><\/a> <em>en l\u00ednea<\/em> port\u00e1til que se adapte a sus necesidades espec\u00edficas.<\/p>\n<ol>\n<li><strong>Capacidad de mecanizado:<\/strong><\/li>\n<\/ol>\n<p>Una de las principales consideraciones a la hora de seleccionar una mandrinadora y soldadora de l\u00ednea es su capacidad de mecanizado. La m\u00e1quina debe ser capaz de acomodar el di\u00e1metro requerido del eje de la barra y el di\u00e1metro de mecanizado en el agujero. Aseg\u00farese de que las especificaciones de la m\u00e1quina se ajustan a la gama de tama\u00f1os que necesita, teniendo en cuenta tanto los procesos de mandrinado como de soldadura. Adem\u00e1s, compruebe si la m\u00e1quina ofrece funciones de taladrado y roscado, ya que esto puede aumentar a\u00fan m\u00e1s su versatilidad.<\/p>\n<ol start=\"2\">\n<li><strong>Fuente de energ\u00eda:<\/strong><\/li>\n<\/ol>\n<p>Las mandrinadoras y soldadoras port\u00e1tiles pueden funcionar con distintas fuentes de energ\u00eda, como la el\u00e9ctrica o la hidr\u00e1ulica. Las m\u00e1quinas el\u00e9ctricas son populares por su facilidad de uso, menores requisitos de mantenimiento y control preciso. Por otro lado, las m\u00e1quinas hidr\u00e1ulicas proporcionan un par elevado y son id\u00f3neas para aplicaciones pesadas. Tenga en cuenta sus necesidades espec\u00edficas y la disponibilidad de fuentes de energ\u00eda en su lugar de trabajo para determinar la opci\u00f3n m\u00e1s adecuada.<\/p>\n<ol start=\"3\">\n<li><strong>Portabilidad y facilidad de uso:<\/strong><\/li>\n<\/ol>\n<p>La principal ventaja de <u>las m\u00e1quinas port\u00e1tiles de perforaci\u00f3n y soldadura en l\u00ednea<\/u> es su movilidad. Busque una m\u00e1quina ligera, compacta y f\u00e1cil de transportar. Tenga en cuenta caracter\u00edsticas como el dise\u00f1o ergon\u00f3mico, la configuraci\u00f3n r\u00e1pida y los controles f\u00e1ciles de usar, ya que estos factores contribuyen a la eficacia y comodidad generales de la m\u00e1quina. Adem\u00e1s, compruebe si la m\u00e1quina ofrece soportes ajustables y extensiones para adaptarse a varios di\u00e1metros, lo que le permitir\u00e1 una mayor flexibilidad en sus operaciones de mecanizado.<\/p>\n<ol start=\"4\">\n<li><strong>Tecnolog\u00eda de soldadura:<\/strong><\/li>\n<\/ol>\n<p>Soldadura, la tecnolog\u00eda de soldadura empleada por la m\u00e1quina es crucial para lograr resultados de alta calidad. Busque m\u00e1quinas que utilicen t\u00e9cnicas de soldadura fiables, como la soldadura en espiral. Esto garantiza soldaduras fuertes y duraderas que pueden soportar las exigencias de la aplicaci\u00f3n. Tenga en cuenta la disponibilidad de diferentes tama\u00f1os y extensiones del cabezal de la antorcha, ya que le permiten adaptarse a diferentes requisitos de soldadura.<\/p>\n<ol start=\"5\">\n<li><strong>Durabilidad y calidad:<\/strong><\/li>\n<\/ol>\n<p>Una mandrinadora y soldadora de l\u00ednea port\u00e1til es una inversi\u00f3n a largo plazo, por lo que es importante elegir una m\u00e1quina construida para durar. Busque m\u00e1quinas fabricadas con materiales de alta calidad que puedan soportar condiciones de trabajo duras. Consulte las opiniones y los testimonios de los clientes para calibrar la durabilidad y fiabilidad de la m\u00e1quina. Un fabricante reputado con un historial de producci\u00f3n de equipos fiables es siempre una buena elecci\u00f3n.<\/p>\n<ol start=\"6\">\n<li><strong>Asistencia y servicio:<\/strong><\/li>\n<\/ol>\n<p>Por \u00faltimo, ten en cuenta la asistencia y el servicio que ofrece el fabricante. Busque empresas que ofrezcan un servicio de atenci\u00f3n al cliente completo, que incluya asistencia t\u00e9cnica, disponibilidad de piezas de repuesto y cobertura de garant\u00eda. Un fabricante de confianza le garantizar\u00e1 el acceso a los recursos necesarios para mantener su m\u00e1quina en perfecto funcionamiento y resolver cualquier posible problema con prontitud.<\/p>\n<p><strong>Conclusi\u00f3n &#8211; mandrinadora y soldadora en l\u00ednea:<\/strong><\/p>\n<p>La selecci\u00f3n de la mandrinadora y soldadora port\u00e1til adecuada es esencial para conseguir operaciones de mecanizado y soldadura precisas y eficaces in situ. Si tiene en cuenta factores como la capacidad de mecanizado, la fuente de alimentaci\u00f3n, la portabilidad, la tecnolog\u00eda de soldadura, la durabilidad y la asistencia, podr\u00e1 tomar una decisi\u00f3n informada y elegir una m\u00e1quina que satisfaga sus necesidades espec\u00edficas. Invierta en una m\u00e1quina de alta calidad de un fabricante reputado y dispondr\u00e1 de una herramienta fiable que mejorar\u00e1 su productividad y le proporcionar\u00e1 excelentes resultados durante a\u00f1os.[\/vc_column_text][vc_single_image image=&#8221;3689&#8243; img_size=&#8221;full&#8221; alignment=&#8221;center&#8221; css=&#8221;.vc_custom_1638346950858{margin-bottom: 45px !important;}&#8221;][vc_custom_heading text=&#8221;Soldadoras monof\u00e1sicas MIG \/ MAG&#8221; use_theme_fonts=&#8221;yes&#8221; subtitle=&#8221;monoMIG 200ik | Inverter Technology for Workshops&#8221;][vc_column_text css=&#8221;.vc_custom_1638347072817{margin-bottom: 25px !important;}&#8221;]- Funciona con una tensi\u00f3n de red y generadores monof\u00e1sicos de 230 V-50\/60 Hz, tolera fluctuaciones de tensi\u00f3n de hasta el 15%.<br \/>\n&#8211; Gracias a la tecnolog\u00eda inverter, la eficiencia energ\u00e9tica es superior a la de las m\u00e1quinas convencionales.<br \/>\n&#8211; Excelentes caracter\u00edsticas de soldadura con todo tipo de hilos macizos y tubulares con gases CO2 o Mix. ES, EP Conectividad.<br \/>\n&#8211; Se ajustan la tensi\u00f3n de soldadura, la velocidad de alimentaci\u00f3n del hilo, el arranque suave, la preg\u00e1s, la postg\u00e1s, los ajustes del temporizador Burn-Back y las opciones de disparo 2\/4.<br \/>\nen el panel frontal.<br \/>\n&#8211; Grandes pantallas digitales para controlar f\u00e1cilmente los par\u00e1metros de soldadura.<br \/>\n&#8211; Botones manuales de alimentaci\u00f3n de hilo y v\u00e1lvula de gas.<br \/>\n&#8211; Con monoMIG 200ik pueden utilizarse bobinas de \u00f8300 mm, \u00f8270 mm y \u00f8200 mm, bidones de cualquier tama\u00f1o y bobinas de \u00f8100 mm con una pistola de bobinas.<br \/>\n&#8211; Con megaMIG se pueden utilizar bobinas de \u00f8200 mm y bobinas de \u00f8100 mm con pistola de bobina.<br \/>\n&#8211; Salida de 24 V CA para calentador de gas CO2 en monoMIG 200ik.<br \/>\n&#8211; Plataforma para bombonas de gas incorporada con grandes ruedas para facilitar la movilidad en talleres con monoMIG 200ik.<br \/>\n&#8211; Refrigeraci\u00f3n por ventilador y protecci\u00f3n t\u00e9rmica contra el sobrecalentamiento.<br \/>\n&#8211; La m\u00e1quina incluye accesorios de serie.[\/vc_column_text][vc_custom_heading text=&#8221;Informaci\u00f3n t\u00e9cnica&#8221; font_container=&#8221;tag:h3|text_align:left|color:%23222222&#8243; use_theme_fonts=&#8221;yes&#8221; css=&#8221;.vc_custom_1687607227117{margin-bottom: 31px !important;}&#8221;][vc_single_image image=&#8221;3692&#8243; img_size=&#8221;full&#8221;][vc_separator][vc_custom_heading text=&#8221;Soldadoras industriales Inverter MIG \/ MAG&#8221; use_theme_fonts=&#8221;yes&#8221; subtitle=&#8221;ID 300M | Synergic Inverter Technology for Production&#8221;][vc_single_image image=&#8221;3694&#8243; img_size=&#8221;full&#8221;][vc_column_text css=&#8221;.vc_custom_1690631883502{margin-bottom: 25px !important;}&#8221;]- Funciona con tensi\u00f3n de red trif\u00e1sica 400V-50\/60 Hz y generadores, tolera fluctuaciones de tensi\u00f3n de hasta el 15%.<br \/>\n&#8211; Excelentes caracter\u00edsticas de soldadura con todo tipo de hilos macizos y tubulares con gases CO2 o Mix.<br \/>\n&#8211; 3 modos de funcionamiento: sin\u00e9rgico, inteligente y cl\u00e1sico. Con estas opciones, un soldador puede adaptarse f\u00e1cilmente de la soldadura convencional a la sin\u00e9rgica.<br \/>\n&#8211; UNA pantalla LCD para la selecci\u00f3n de TODOS los par\u00e1metros: modo de disparo (2\/4), tipo de hilo, di\u00e1metro del hilo, tipo de gas y espesor del metal base para soldadura sin\u00e9rgica y arranque suave,<br \/>\nAjustes del temporizador Pre-Gas, Post-Gas, Burn-Back, Llenado de cr\u00e1ter como AJUSTES GENERALES.<br \/>\n&#8211; Funciones de Industria 4.0 como OEE, informes Arc-On Time, configuraci\u00f3n\/control\/informes de WP, lectura de c\u00f3digos de barras y tarjetas RF. (Opcional)<br \/>\n&#8211; Sistema de 4 ruedas motrices, ofrece una capacidad de avance muy potente para antorchas m\u00e1s largas y ofrece menos deformaci\u00f3n en alambres blandos como el aluminio y los alambres tubulares.<br \/>\n&#8211; La longitud est\u00e1ndar del arn\u00e9s del alimentador de cable independiente es de 5 m y puede ampliarse hasta 30 m si se solicita.<br \/>\n&#8211; Los botones de alimentaci\u00f3n manual de hilo y de la v\u00e1lvula de gas se encuentran en el interior de la cabina de alimentaci\u00f3n de hilo.<br \/>\n&#8211; Se pueden utilizar bobinas de \u00f8300 mm, \u00f8270 mm y \u00f8200 mm de di\u00e1metro y bidones de cualquier tama\u00f1o.<br \/>\n&#8211; Toma de corriente alterna de 24 V para calentador de gas CO2.<br \/>\n&#8211; Corriente de soldadura estable sin p\u00e9rdida de rendimiento por fluctuaciones de la l\u00ednea el\u00e9ctrica o con cables el\u00e9ctricos y de soldadura largos.<br \/>\n&#8211; Plataforma para bombonas de gas incorporada con ruedas grandes para facilitar la movilidad en los talleres.<br \/>\n-Enfriamiento por ventilador y protecci\u00f3n t\u00e9rmica contra el sobrecalentamiento.<br \/>\n&#8211; La unidad de refrigeraci\u00f3n por agua para antorchas refrigeradas por agua proporciona una potente refrigeraci\u00f3n incluso en climas muy c\u00e1lidos. (Modelos refrigerados por agua (W))<br \/>\n&#8211; La m\u00e1quina incluye accesorios de serie.<\/p>\n<p>La m\u00e1quina de soldar que figura como ejemplo m\u00e1s arriba es un modelo fabricado en Turqu\u00eda y funciona en armon\u00eda con nuestra m\u00e1quina. Para realizar la mejor soldadura con nuestra <strong>m\u00e1quina de soldadura y mandrinado en l\u00ednea<\/strong> , le recomendamos que trabaje con una m\u00e1quina de soldadura por arco met\u00e1lico a gas, y le recomendamos que use una m\u00e1quina con 250-350-400 amperios.[\/vc_column_text][vc_single_image image=&#8221;3695&#8243; img_size=&#8221;full&#8221;][vc_cta h2=&#8221;SI DESEA SOLICITAR M\u00c1QUINAS DE SOLDAR&#8221; h2_font_container=&#8221;tag:h2|font_size:20px|text_align:left|color:%23ffffff|line_height:24px&#8221; h2_use_theme_fonts=&#8221;yes&#8221; shape=&#8221;square&#8221; style=&#8221;flat&#8221; add_button=&#8221;right&#8221; btn_title=&#8221;solicitar presupuesto&#8221; btn_style=&#8221;flat&#8221; btn_color=&#8221;theme_style_2&#8243; btn_align=&#8221;right&#8221; btn_i_align=&#8221;right&#8221; btn_i_icon_fontawesome=&#8221;stm-nokia_outline&#8221; use_custom_fonts_h2=&#8221;true&#8221; btn_add_icon=&#8221;true&#8221; btn_link=&#8221;url:https%3A%2F%2Fportableboringmachine.com%2Fes%2Fcontacte-con%2F|target:_blank|&#8221; el_class=&#8221;third_bg_color&#8221; css=&#8221;.vc_custom_1691064773409{margin-bottom: 0px !important;}&#8221;][\/vc_cta][\/vc_column][vc_column width=&#8221;1\/4&#8243; offset=&#8221;vc_hidden-sm vc_hidden-xs&#8221;][stm_sidebar sidebar=&#8221;577&#8243;][\/vc_column][\/vc_row][vc_row full_width=&#8221;stretch_row&#8221; css=&#8221;.vc_custom_1459505959648{margin-bottom: -60px !important;}&#8221; el_class=&#8221;third_bg_color&#8221;][vc_column width=&#8221;1\/2&#8243;][vc_cta h2=&#8221;&#8221; h2_font_container=&#8221;tag:h2|font_size:20px|text_align:left|color:%23ffffff|line_height:24px&#8221; h2_use_theme_fonts=&#8221;yes&#8221; shape=&#8221;round&#8221; use_custom_fonts_h2=&#8221;true&#8221; el_class=&#8221;third_bg_color&#8221; css=&#8221;.vc_custom_1691064933458{margin-bottom: 0px !important;}&#8221;]<img decoding=\"async\" class=\"alignleft wp-image-3865 size-full lazyload\" data-src=\"https:\/\/portableboringmachine.com\/wp-content\/uploads\/2023\/06\/line-boring-and-welding-machine.jpg\" alt=\"mandrinadora y soldadora en l\u00ednea\" width=\"557\" height=\"341\" data-srcset=\"https:\/\/portableboringmachine.com\/wp-content\/uploads\/2023\/06\/line-boring-and-welding-machine.jpg 557w, https:\/\/portableboringmachine.com\/wp-content\/uploads\/2023\/06\/line-boring-and-welding-machine-300x184.jpg 300w\" data-sizes=\"(max-width: 557px) 100vw, 557px\" src=\"data:image\/svg+xml;base64,PHN2ZyB3aWR0aD0iMSIgaGVpZ2h0PSIxIiB4bWxucz0iaHR0cDovL3d3dy53My5vcmcvMjAwMC9zdmciPjwvc3ZnPg==\" style=\"--smush-placeholder-width: 557px; --smush-placeholder-aspect-ratio: 557\/341;\" \/>[\/vc_cta][\/vc_column][vc_column width=&#8221;1\/2&#8243;][vc_cta h2=&#8221;&#8221; h2_font_container=&#8221;tag:h2|font_size:20px|text_align:left|color:%23ffffff|line_height:24px&#8221; h2_use_theme_fonts=&#8221;yes&#8221; shape=&#8221;square&#8221; style=&#8221;flat&#8221; use_custom_fonts_h2=&#8221;true&#8221; el_class=&#8221;third_bg_color&#8221; css=&#8221;.vc_custom_1691064987514{margin-bottom: 0px !important;}&#8221;]<img decoding=\"async\" class=\"alignright wp-image-3867 size-full lazyload\" data-src=\"https:\/\/portableboringmachine.com\/wp-content\/uploads\/2023\/06\/line-boring-and-welding-machine-2.jpg\" alt=\"mandrinadora y soldadora de l\u00ednea 2\" width=\"560\" height=\"329\" data-srcset=\"https:\/\/portableboringmachine.com\/wp-content\/uploads\/2023\/06\/line-boring-and-welding-machine-2.jpg 560w, https:\/\/portableboringmachine.com\/wp-content\/uploads\/2023\/06\/line-boring-and-welding-machine-2-300x176.jpg 300w\" data-sizes=\"(max-width: 560px) 100vw, 560px\" src=\"data:image\/svg+xml;base64,PHN2ZyB3aWR0aD0iMSIgaGVpZ2h0PSIxIiB4bWxucz0iaHR0cDovL3d3dy53My5vcmcvMjAwMC9zdmciPjwvc3ZnPg==\" style=\"--smush-placeholder-width: 560px; --smush-placeholder-aspect-ratio: 560\/329;\" \/>[\/vc_cta][\/vc_column][\/vc_row]<\/p>\n<\/section>","protected":false},"excerpt":{"rendered":"<p>[vc_row css=&#8221;.vc_custom_1459506798851{margin-bottom: 100px !important;}&#8221;][vc_column offset=&#8221;vc_col-lg-9 vc_col-md-9&#8243;][vc_custom_heading text=&#8221;M\u00e1quina rectificadora y soldadora de l\u00edneas&#8221; font_container=&#8221;tag:h1|text_align:left&#8221; use_theme_fonts=&#8221;yes&#8221;][vc_column_text css=&#8221;.vc_custom_1690631840545{margin-bottom: 25px !important;}&#8221;]M\u00e1quina perforadora y soldadora port\u00e1til, seleccionar el equipo adecuado es crucial para lograr resultados precisos y eficientes. Si se dedica a la reparaci\u00f3n de excavadoras, a la construcci\u00f3n o a cualquier industria que requiera mecanizado in situ, es esencial<\/p>\n","protected":false},"author":1,"featured_media":11232,"parent":0,"menu_order":0,"comment_status":"closed","ping_status":"closed","template":"","meta":{"_joinchat":[],"footnotes":""},"class_list":["post-11378","page","type-page","status-publish","has-post-thumbnail","hentry"],"yoast_head":"<!-- This site is optimized with the Yoast SEO Premium plugin v26.6 (Yoast SEO v27.0) - https:\/\/yoast.com\/product\/yoast-seo-premium-wordpress\/ -->\n<title>M\u00e1quina rectificadora y soldadora de l\u00edneas<\/title>\n<meta name=\"description\" content=\"M\u00e1quina port\u00e1til de perforaci\u00f3n y soldadura en l\u00ednea, la selecci\u00f3n del equipo adecuado es crucial para lograr resultados precisos y eficientes.\" \/>\n<meta name=\"robots\" content=\"index, follow, max-snippet:-1, max-image-preview:large, max-video-preview:-1\" \/>\n<link rel=\"canonical\" href=\"https:\/\/portableboringmachine.com\/es\/maquinas-de-soldadura\/\" \/>\n<meta property=\"og:locale\" content=\"es_ES\" \/>\n<meta property=\"og:type\" content=\"article\" \/>\n<meta property=\"og:title\" content=\"M\u00e1quinas de soldadura\" \/>\n<meta property=\"og:description\" content=\"M\u00e1quina port\u00e1til de perforaci\u00f3n y soldadura en l\u00ednea, la selecci\u00f3n del equipo adecuado es crucial para lograr resultados precisos y eficientes.\" \/>\n<meta property=\"og:url\" content=\"https:\/\/portableboringmachine.com\/es\/maquinas-de-soldadura\/\" \/>\n<meta property=\"og:site_name\" content=\"Portable Line Boring Machine Manufacturer\" \/>\n<meta property=\"article:publisher\" content=\"https:\/\/www.facebook.com\/portablelineboringmachines\" \/>\n<meta property=\"article:modified_time\" content=\"2023-08-05T12:52:36+00:00\" \/>\n<meta property=\"og:image\" content=\"https:\/\/portableboringmachine.com\/wp-content\/uploads\/2023\/06\/line-boring-and-welding-machine.jpg\" \/>\n\t<meta property=\"og:image:width\" content=\"557\" \/>\n\t<meta property=\"og:image:height\" content=\"341\" \/>\n\t<meta property=\"og:image:type\" content=\"image\/jpeg\" \/>\n<meta name=\"twitter:label1\" content=\"Tiempo de lectura\" \/>\n\t<meta name=\"twitter:data1\" content=\"9 minutos\" \/>\n<script type=\"application\/ld+json\" class=\"yoast-schema-graph\">{\"@context\":\"https:\/\/schema.org\",\"@graph\":[{\"@type\":\"WebPage\",\"@id\":\"https:\/\/portableboringmachine.com\/es\/maquinas-de-soldadura\/\",\"url\":\"https:\/\/portableboringmachine.com\/es\/maquinas-de-soldadura\/\",\"name\":\"M\u00e1quina rectificadora y soldadora de l\u00edneas\",\"isPartOf\":{\"@id\":\"https:\/\/portableboringmachine.com\/es\/#website\"},\"primaryImageOfPage\":{\"@id\":\"https:\/\/portableboringmachine.com\/es\/maquinas-de-soldadura\/#primaryimage\"},\"image\":{\"@id\":\"https:\/\/portableboringmachine.com\/es\/maquinas-de-soldadura\/#primaryimage\"},\"thumbnailUrl\":\"https:\/\/portableboringmachine.com\/wp-content\/uploads\/2023\/06\/line-boring-and-welding-machine.jpg\",\"datePublished\":\"2016-01-08T11:28:46+00:00\",\"dateModified\":\"2023-08-05T12:52:36+00:00\",\"description\":\"M\u00e1quina port\u00e1til de perforaci\u00f3n y soldadura en l\u00ednea, la selecci\u00f3n del equipo adecuado es crucial para lograr resultados precisos y eficientes.\",\"breadcrumb\":{\"@id\":\"https:\/\/portableboringmachine.com\/es\/maquinas-de-soldadura\/#breadcrumb\"},\"inLanguage\":\"es\",\"potentialAction\":[{\"@type\":\"ReadAction\",\"target\":[\"https:\/\/portableboringmachine.com\/es\/maquinas-de-soldadura\/\"]}]},{\"@type\":\"ImageObject\",\"inLanguage\":\"es\",\"@id\":\"https:\/\/portableboringmachine.com\/es\/maquinas-de-soldadura\/#primaryimage\",\"url\":\"https:\/\/portableboringmachine.com\/wp-content\/uploads\/2023\/06\/line-boring-and-welding-machine.jpg\",\"contentUrl\":\"https:\/\/portableboringmachine.com\/wp-content\/uploads\/2023\/06\/line-boring-and-welding-machine.jpg\",\"width\":557,\"height\":341,\"caption\":\"line boring and welding machine\"},{\"@type\":\"BreadcrumbList\",\"@id\":\"https:\/\/portableboringmachine.com\/es\/maquinas-de-soldadura\/#breadcrumb\",\"itemListElement\":[{\"@type\":\"ListItem\",\"position\":1,\"name\":\"Home\",\"item\":\"https:\/\/portableboringmachine.com\/es\/portable-line-boring-machines\/\"},{\"@type\":\"ListItem\",\"position\":2,\"name\":\"M\u00e1quinas de soldadura\"}]},{\"@type\":\"WebSite\",\"@id\":\"https:\/\/portableboringmachine.com\/es\/#website\",\"url\":\"https:\/\/portableboringmachine.com\/es\/\",\"name\":\"Portable Line Boring Machine Manufacturer\",\"description\":\"Portable Line Boring Machine Manufacturer\",\"publisher\":{\"@id\":\"https:\/\/portableboringmachine.com\/es\/#organization\"},\"alternateName\":\"Mobile Boring Machines\",\"potentialAction\":[{\"@type\":\"SearchAction\",\"target\":{\"@type\":\"EntryPoint\",\"urlTemplate\":\"https:\/\/portableboringmachine.com\/es\/?s={search_term_string}\"},\"query-input\":{\"@type\":\"PropertyValueSpecification\",\"valueRequired\":true,\"valueName\":\"search_term_string\"}}],\"inLanguage\":\"es\"},{\"@type\":\"Organization\",\"@id\":\"https:\/\/portableboringmachine.com\/es\/#organization\",\"name\":\"Portable Line Boring Machines\",\"alternateName\":\"Linebortech\",\"url\":\"https:\/\/portableboringmachine.com\/es\/\",\"logo\":{\"@type\":\"ImageObject\",\"inLanguage\":\"es\",\"@id\":\"https:\/\/portableboringmachine.com\/es\/#\/schema\/logo\/image\/\",\"url\":\"https:\/\/portableboringmachine.com\/wp-content\/uploads\/2021\/11\/footer-logo-.png\",\"contentUrl\":\"https:\/\/portableboringmachine.com\/wp-content\/uploads\/2021\/11\/footer-logo-.png\",\"width\":500,\"height\":115,\"caption\":\"Portable Line Boring Machines\"},\"image\":{\"@id\":\"https:\/\/portableboringmachine.com\/es\/#\/schema\/logo\/image\/\"},\"sameAs\":[\"https:\/\/www.facebook.com\/portablelineboringmachines\",\"https:\/\/www.youtube.com\/@portablelineboringmachines\/videos\"]}]}<\/script>\n<!-- \/ Yoast SEO Premium plugin. -->","yoast_head_json":{"title":"M\u00e1quina rectificadora y soldadora de l\u00edneas","description":"M\u00e1quina port\u00e1til de perforaci\u00f3n y soldadura en l\u00ednea, la selecci\u00f3n del equipo adecuado es crucial para lograr resultados precisos y eficientes.","robots":{"index":"index","follow":"follow","max-snippet":"max-snippet:-1","max-image-preview":"max-image-preview:large","max-video-preview":"max-video-preview:-1"},"canonical":"https:\/\/portableboringmachine.com\/es\/maquinas-de-soldadura\/","og_locale":"es_ES","og_type":"article","og_title":"M\u00e1quinas de soldadura","og_description":"M\u00e1quina port\u00e1til de perforaci\u00f3n y soldadura en l\u00ednea, la selecci\u00f3n del equipo adecuado es crucial para lograr resultados precisos y eficientes.","og_url":"https:\/\/portableboringmachine.com\/es\/maquinas-de-soldadura\/","og_site_name":"Portable Line Boring Machine Manufacturer","article_publisher":"https:\/\/www.facebook.com\/portablelineboringmachines","article_modified_time":"2023-08-05T12:52:36+00:00","og_image":[{"width":557,"height":341,"url":"https:\/\/portableboringmachine.com\/wp-content\/uploads\/2023\/06\/line-boring-and-welding-machine.jpg","type":"image\/jpeg"}],"twitter_misc":{"Tiempo de lectura":"9 minutos"},"schema":{"@context":"https:\/\/schema.org","@graph":[{"@type":"WebPage","@id":"https:\/\/portableboringmachine.com\/es\/maquinas-de-soldadura\/","url":"https:\/\/portableboringmachine.com\/es\/maquinas-de-soldadura\/","name":"M\u00e1quina rectificadora y soldadora de l\u00edneas","isPartOf":{"@id":"https:\/\/portableboringmachine.com\/es\/#website"},"primaryImageOfPage":{"@id":"https:\/\/portableboringmachine.com\/es\/maquinas-de-soldadura\/#primaryimage"},"image":{"@id":"https:\/\/portableboringmachine.com\/es\/maquinas-de-soldadura\/#primaryimage"},"thumbnailUrl":"https:\/\/portableboringmachine.com\/wp-content\/uploads\/2023\/06\/line-boring-and-welding-machine.jpg","datePublished":"2016-01-08T11:28:46+00:00","dateModified":"2023-08-05T12:52:36+00:00","description":"M\u00e1quina port\u00e1til de perforaci\u00f3n y soldadura en l\u00ednea, la selecci\u00f3n del equipo adecuado es crucial para lograr resultados precisos y eficientes.","breadcrumb":{"@id":"https:\/\/portableboringmachine.com\/es\/maquinas-de-soldadura\/#breadcrumb"},"inLanguage":"es","potentialAction":[{"@type":"ReadAction","target":["https:\/\/portableboringmachine.com\/es\/maquinas-de-soldadura\/"]}]},{"@type":"ImageObject","inLanguage":"es","@id":"https:\/\/portableboringmachine.com\/es\/maquinas-de-soldadura\/#primaryimage","url":"https:\/\/portableboringmachine.com\/wp-content\/uploads\/2023\/06\/line-boring-and-welding-machine.jpg","contentUrl":"https:\/\/portableboringmachine.com\/wp-content\/uploads\/2023\/06\/line-boring-and-welding-machine.jpg","width":557,"height":341,"caption":"line boring and welding machine"},{"@type":"BreadcrumbList","@id":"https:\/\/portableboringmachine.com\/es\/maquinas-de-soldadura\/#breadcrumb","itemListElement":[{"@type":"ListItem","position":1,"name":"Home","item":"https:\/\/portableboringmachine.com\/es\/portable-line-boring-machines\/"},{"@type":"ListItem","position":2,"name":"M\u00e1quinas de soldadura"}]},{"@type":"WebSite","@id":"https:\/\/portableboringmachine.com\/es\/#website","url":"https:\/\/portableboringmachine.com\/es\/","name":"Portable Line Boring Machine Manufacturer","description":"Portable Line Boring Machine Manufacturer","publisher":{"@id":"https:\/\/portableboringmachine.com\/es\/#organization"},"alternateName":"Mobile Boring Machines","potentialAction":[{"@type":"SearchAction","target":{"@type":"EntryPoint","urlTemplate":"https:\/\/portableboringmachine.com\/es\/?s={search_term_string}"},"query-input":{"@type":"PropertyValueSpecification","valueRequired":true,"valueName":"search_term_string"}}],"inLanguage":"es"},{"@type":"Organization","@id":"https:\/\/portableboringmachine.com\/es\/#organization","name":"Portable Line Boring Machines","alternateName":"Linebortech","url":"https:\/\/portableboringmachine.com\/es\/","logo":{"@type":"ImageObject","inLanguage":"es","@id":"https:\/\/portableboringmachine.com\/es\/#\/schema\/logo\/image\/","url":"https:\/\/portableboringmachine.com\/wp-content\/uploads\/2021\/11\/footer-logo-.png","contentUrl":"https:\/\/portableboringmachine.com\/wp-content\/uploads\/2021\/11\/footer-logo-.png","width":500,"height":115,"caption":"Portable Line Boring Machines"},"image":{"@id":"https:\/\/portableboringmachine.com\/es\/#\/schema\/logo\/image\/"},"sameAs":["https:\/\/www.facebook.com\/portablelineboringmachines","https:\/\/www.youtube.com\/@portablelineboringmachines\/videos"]}]}},"_links":{"self":[{"href":"https:\/\/portableboringmachine.com\/es\/wp-json\/wp\/v2\/pages\/11378","targetHints":{"allow":["GET"]}}],"collection":[{"href":"https:\/\/portableboringmachine.com\/es\/wp-json\/wp\/v2\/pages"}],"about":[{"href":"https:\/\/portableboringmachine.com\/es\/wp-json\/wp\/v2\/types\/page"}],"author":[{"embeddable":true,"href":"https:\/\/portableboringmachine.com\/es\/wp-json\/wp\/v2\/users\/1"}],"replies":[{"embeddable":true,"href":"https:\/\/portableboringmachine.com\/es\/wp-json\/wp\/v2\/comments?post=11378"}],"version-history":[{"count":0,"href":"https:\/\/portableboringmachine.com\/es\/wp-json\/wp\/v2\/pages\/11378\/revisions"}],"wp:featuredmedia":[{"embeddable":true,"href":"https:\/\/portableboringmachine.com\/es\/wp-json\/wp\/v2\/media\/11232"}],"wp:attachment":[{"href":"https:\/\/portableboringmachine.com\/es\/wp-json\/wp\/v2\/media?parent=11378"}],"curies":[{"name":"wp","href":"https:\/\/api.w.org\/{rel}","templated":true}]}}