{"id":11366,"date":"2016-01-13T17:48:37","date_gmt":"2016-01-13T17:48:37","guid":{"rendered":"https:\/\/portableboringmachine.com\/productos\/"},"modified":"2024-02-11T14:40:02","modified_gmt":"2024-02-11T14:40:02","slug":"productos","status":"publish","type":"page","link":"https:\/\/portableboringmachine.com\/es\/productos\/","title":{"rendered":"Productos"},"content":{"rendered":"<section class=\"wpb-content-wrapper\"><p>[vc_row css=&#8221;.vc_custom_1459506769570{margin-bottom: 100px !important;}&#8221;][vc_column offset=&#8221;vc_col-lg-9 vc_col-md-9&#8243;][vc_column_text]<\/p>\n<h2><strong>SERIE DE MANDRINADORAS DE L\u00cdNEA<\/strong><\/h2>\n<p>[\/vc_column_text][stm_services posts_per_page=&#8221;12&#8243; posts_per_row=&#8221;4&#8243;][vc_column_text]<\/p>\n<h2><strong>M\u00e1quina perforadora de l\u00edneas port\u00e1til<\/strong><\/h2>\n<p>Cuando se trata de reparar excavadoras y otros equipos pesados, la selecci\u00f3n de la mandrinadora port\u00e1til adecuada es crucial. Una opci\u00f3n popular es la mandrinadora de l\u00ednea con servomotor, que ofrece un control preciso y eficiencia el\u00e9ctrica. En este art\u00edculo hablaremos de c\u00f3mo elegir el modelo ideal de mandrinadora port\u00e1til con servomotor. Al comprender las caracter\u00edsticas y consideraciones clave, puede tomar una decisi\u00f3n informada para sus necesidades de reparaci\u00f3n de excavadoras.<\/p>\n<p><strong>Determinar el alcance del trabajo:<\/strong><br \/>\nAntes de seleccionar una mandrinadora port\u00e1til, eval\u00fae el alcance del trabajo que va a realizar. Tenga en cuenta los tipos de equipos, los tama\u00f1os de los orificios a reparar y los materiales implicados. Esta evaluaci\u00f3n le ayudar\u00e1 a comprender las especificaciones y capacidades que se requieren de la m\u00e1quina.<\/p>\n<p><strong>Fuente de energ\u00eda: Servomotor y electricidad:<\/strong><br \/>\n<a href=\"http:\/\/ia.delta-turkey.com\/\"> <em>Las mandrinadoras de l\u00ednea<\/em> con servomotor<\/a> funcionan con electricidad, lo que proporciona un control preciso del proceso de mandrinado. La fuente de alimentaci\u00f3n es un factor esencial, ya que afecta al rendimiento, la eficacia y la portabilidad de la m\u00e1quina. Optar por una mandrinadora el\u00e9ctrica permite un funcionamiento m\u00e1s silencioso y un mayor control, lo que la hace adecuada para entornos delicados.<\/p>\n<p><strong>Di\u00e1metro y longitud de mandrinado:<\/strong><br \/>\nEval\u00fae el di\u00e1metro y la longitud m\u00e1ximos de perforaci\u00f3n que puede admitir la mandrinadora port\u00e1til. Los distintos modelos tienen capacidades diferentes, y es crucial elegir una m\u00e1quina que pueda manejar las dimensiones espec\u00edficas de los orificios en los que va a trabajar. Tenga en cuenta los requisitos de tama\u00f1o m\u00ednimo y m\u00e1ximo del orificio para mayor versatilidad.<\/p>\n<p><strong>Velocidad de rotaci\u00f3n y par del husillo:<\/strong><br \/>\nLa velocidad de rotaci\u00f3n y el par del husillo determinan la potencia de corte y la eficacia de la m\u00e1quina. Las velocidades de rotaci\u00f3n m\u00e1s altas son beneficiosas para un corte m\u00e1s r\u00e1pido, mientras que un par adecuado garantiza la eliminaci\u00f3n eficaz del material. Elija una mandrinadora de l\u00ednea con servomotor que ofrezca un equilibrio adecuado de velocidad y par para sus aplicaciones de reparaci\u00f3n.<\/p>\n<p><strong>Calidad de construcci\u00f3n y durabilidad:<\/strong><br \/>\nInvertir en una mandrinadora port\u00e1til duradera y bien construida es esencial para garantizar la longevidad y un rendimiento fiable. Tenga en cuenta los materiales utilizados en la construcci\u00f3n de la m\u00e1quina, como componentes de acero robustos y rodamientos de calidad. Una m\u00e1quina robusta puede soportar tareas de reparaci\u00f3n exigentes y proporcionar resultados precisos de forma constante.<\/p>\n<p><strong>Precisi\u00f3n y control:<\/strong><br \/>\n<u>Las mandrinadoras de l\u00ednea<\/u> con servomotor son conocidas por su control preciso, que resulta crucial para realizar reparaciones exactas. Busque funciones como lecturas digitales, velocidades de avance ajustables y opciones de ajuste fino para una mayor precisi\u00f3n. Esto le permite alcanzar las tolerancias deseadas y garantiza resultados \u00f3ptimos en sus trabajos de reparaci\u00f3n de excavadoras.<\/p>\n<p><strong>Facilidad de uso y portabilidad:<\/strong><br \/>\nTenga en cuenta las caracter\u00edsticas de facilidad de uso y portabilidad de la mandrinadora port\u00e1til. Busque dise\u00f1os ergon\u00f3micos, controles intuitivos e interfaces f\u00e1ciles de usar. Adem\u00e1s, tenga en cuenta el peso y el tama\u00f1o de la m\u00e1quina para asegurarse de que puede transportarse f\u00e1cilmente a diferentes lugares de trabajo seg\u00fan sea necesario.<\/p>\n<p><strong>Reputaci\u00f3n y asistencia del fabricante:<\/strong><br \/>\nElija una mandrinadora port\u00e1til de un fabricante de renombre con un historial de producci\u00f3n de equipos fiables. Investigue las opiniones de los clientes, las garant\u00edas y los servicios de asistencia posventa que ofrece el fabricante. Una marca de confianza garantiza una mejor calidad del producto y una asistencia al cliente fiable cuando sea necesario.<\/p>\n<figure id=\"attachment_3850\" aria-describedby=\"caption-attachment-3850\" style=\"width: 1024px\" class=\"wp-caption alignleft\"><img decoding=\"async\" class=\"size-large wp-image-3850 lazyload\" data-src=\"https:\/\/portableboringmachine.com\/wp-content\/uploads\/2023\/05\/portable-line-boring-machine-1024x683.jpg\" alt=\"m\u00e1quina perforadora de l\u00ednea port\u00e1til\" width=\"1024\" height=\"683\" data-srcset=\"https:\/\/portableboringmachine.com\/wp-content\/uploads\/2023\/05\/portable-line-boring-machine-1024x683.jpg 1024w, https:\/\/portableboringmachine.com\/wp-content\/uploads\/2023\/05\/portable-line-boring-machine-300x200.jpg 300w, https:\/\/portableboringmachine.com\/wp-content\/uploads\/2023\/05\/portable-line-boring-machine-768x512.jpg 768w, https:\/\/portableboringmachine.com\/wp-content\/uploads\/2023\/05\/portable-line-boring-machine-900x600.jpg 900w, https:\/\/portableboringmachine.com\/wp-content\/uploads\/2023\/05\/portable-line-boring-machine.jpg 1200w\" data-sizes=\"(max-width: 1024px) 100vw, 1024px\" src=\"data:image\/svg+xml;base64,PHN2ZyB3aWR0aD0iMSIgaGVpZ2h0PSIxIiB4bWxucz0iaHR0cDovL3d3dy53My5vcmcvMjAwMC9zdmciPjwvc3ZnPg==\" style=\"--smush-placeholder-width: 1024px; --smush-placeholder-aspect-ratio: 1024\/683;\" \/><figcaption id=\"caption-attachment-3850\" class=\"wp-caption-text\">mandrinadora port\u00e1til<\/figcaption><\/figure>\n<p>&nbsp;<\/p>\n<p>&nbsp;<\/p>\n<p><a href=\"https:\/\/portableboringmachine.com\/es\/contacte-con\/\">Seleccionar el modelo adecuado de mandrinadora port\u00e1til<\/a> con servomotor para reparaciones de excavadoras es crucial para obtener resultados eficaces y precisos. Si tiene en cuenta factores como la fuente de potencia, el di\u00e1metro de mandrinado, la velocidad de rotaci\u00f3n del husillo, la calidad de construcci\u00f3n, la precisi\u00f3n, la facilidad de uso y la reputaci\u00f3n del fabricante, podr\u00e1 tomar una decisi\u00f3n con conocimiento de causa. Recuerde evaluar los requisitos espec\u00edficos de su trabajo de reparaci\u00f3n y elija una m\u00e1quina que satisfaga sus necesidades para un proceso de reparaci\u00f3n de excavadoras satisfactorio y productivo. Con la <em><br \/>\n  <strong>mandrinadora port\u00e1til<\/strong><br \/>\n<\/em>puede garantizar un funcionamiento sin problemas y prolongar la vida \u00fatil de su maquinaria pesada.[\/vc_column_text][vc_column_text]<\/p>\n<h5><strong><u>Para qu\u00e9 sirve una mandrinadora port\u00e1til<\/u><\/strong><\/h5>\n<p>Una l\u00ednea de m\u00e1quinas aburridas realmente sirve para agotar en el desarrollo sustancial tipos de engranajes, por ejemplo, por fin cargadores y gr\u00faas, ya que es extremadamente pr\u00e1ctico hardware. Una m\u00e1quina de arrastre es innovadora, adaptable y f\u00e1cil de utilizar, a la que se puede acceder mediante un accionamiento neum\u00e1tico y a presi\u00f3n. Una taladradora de l\u00ednea es capaz de cuantificar los orificios utilizando los micr\u00f3metros exteriores y los micr\u00f3metros interiores alineados.[\/vc_column_text][vc_gallery images=&#8221;3355,3356,3357,3358,3359&#8243;][vc_column_text]<\/p>\n<h5><strong>Las mandrinadoras de l\u00ednea port\u00e1tiles se utilizan en una amplia variedad de tareas, con algunas caracter\u00edsticas fundamentales que incluyen<\/strong><\/h5>\n<p>&#8211; Botes de excavadora<br \/>\n&#8211; Intercambiar alojamientos de la caja de cambios<br \/>\n&#8211; Popas y timones debilitados en la construcci\u00f3n naval<br \/>\n&#8211; Alojamiento del eje de transmisi\u00f3n debilitante<br \/>\n&#8211; Una parcela soporta<br \/>\n&#8211; Pasadores pivotantes<br \/>\n&#8211; Cajas de cambios<br \/>\n&#8211; Alojamiento de turbinas en la industria de la era de la energ\u00eda.[\/vc_column_text][vc_separator][\/vc_column][vc_column width=&#8221;1\/4&#8243; offset=&#8221;vc_hidden-sm vc_hidden-xs&#8221;][stm_sidebar sidebar=&#8221;619&#8243;][\/vc_column][\/vc_row][vc_row][vc_column width=&#8221;1\/2&#8243;][vc_video link=&#8221;https:\/\/www.youtube.com\/embed\/vDnbkt6MrSA?si&#8221; el_aspect=&#8221;43&#8243;][stm_spacing][stm_spacing][\/vc_column][vc_column width=&#8221;1\/2&#8243;][vc_video link=&#8221;https:\/\/www.youtube.com\/embed\/QzQr6N6SWTM?si&#8221; el_aspect=&#8221;43&#8243;][stm_spacing][stm_spacing][\/vc_column][\/vc_row][vc_row full_width=&#8221;stretch_row&#8221; css=&#8221;.vc_custom_1459505959648{margin-bottom: -60px !important;}&#8221; el_class=&#8221;third_bg_color&#8221;][vc_column][vc_cta h2=&#8221;En funci\u00f3n de su cartera de clientes o volumen de negocio, elegiremos el modelo m\u00e1s adecuado para usted.&#8221; h2_font_container=&#8221;tag:h2|font_size:20px|text_align:left|color:%23ffffff|line_height:24px&#8221; h2_use_theme_fonts=&#8221;yes&#8221; style=&#8221;outline&#8221; add_button=&#8221;right&#8221; btn_title=&#8221;solicitar presupuesto&#8221; btn_style=&#8221;flat&#8221; btn_color=&#8221;theme_style_2&#8243; btn_align=&#8221;right&#8221; btn_i_align=&#8221;right&#8221; btn_i_icon_fontawesome=&#8221;stm-nokia_outline&#8221; particles=&#8221;yes&#8221; use_custom_fonts_h2=&#8221;true&#8221; btn_add_icon=&#8221;true&#8221; btn_link=&#8221;url:https%3A%2F%2Fportableboringmachine.com%2Fes%2Fcontacte-con%2F|&#8221; el_class=&#8221;third_bg_color&#8221; css=&#8221;.vc_custom_1707657151871{margin-bottom: 0px !important;}&#8221;][\/vc_cta][\/vc_column][\/vc_row]<\/p>\n<\/section>","protected":false},"excerpt":{"rendered":"<p>[vc_row css=&#8221;.vc_custom_1459506769570{margin-bottom: 100px !important;}&#8221;][vc_column offset=&#8221;vc_col-lg-9 vc_col-md-9&#8243;][vc_column_text] SERIE DE MANDRINADORAS DE L\u00cdNEA [\/vc_column_text][stm_services posts_per_page=&#8221;12&#8243; posts_per_row=&#8221;4&#8243;][vc_column_text] M\u00e1quina perforadora de l\u00edneas port\u00e1til Cuando se trata de reparar excavadoras y otros equipos pesados, la selecci\u00f3n de la mandrinadora port\u00e1til adecuada es crucial. Una opci\u00f3n popular es la mandrinadora de l\u00ednea con servomotor, que ofrece un control preciso y eficiencia<\/p>\n","protected":false},"author":1,"featured_media":15385,"parent":0,"menu_order":0,"comment_status":"closed","ping_status":"closed","template":"","meta":{"_joinchat":[],"footnotes":""},"class_list":["post-11366","page","type-page","status-publish","has-post-thumbnail","hentry"],"yoast_head":"<!-- This site is optimized with the Yoast SEO Premium plugin v26.6 (Yoast SEO v27.0) - https:\/\/yoast.com\/product\/yoast-seo-premium-wordpress\/ -->\n<title>Productos - Portable Line Boring Machine Manufacturer<\/title>\n<meta name=\"description\" content=\"La m\u00e1quina perforadora de l\u00ednea port\u00e1til viene a reparar excavadoras y otros equipos pesados, seleccionar la m\u00e1quina perforadora de l\u00ednea port\u00e1til adecuada es crucial.\" \/>\n<meta name=\"robots\" content=\"index, follow, max-snippet:-1, max-image-preview:large, max-video-preview:-1\" \/>\n<link rel=\"canonical\" href=\"https:\/\/portableboringmachine.com\/es\/productos\/\" \/>\n<meta property=\"og:locale\" content=\"es_ES\" \/>\n<meta property=\"og:type\" content=\"article\" \/>\n<meta property=\"og:title\" content=\"Productos\" \/>\n<meta property=\"og:description\" content=\"La m\u00e1quina perforadora de l\u00ednea port\u00e1til viene a reparar excavadoras y otros equipos pesados, seleccionar la m\u00e1quina perforadora de l\u00ednea port\u00e1til adecuada es crucial.\" \/>\n<meta property=\"og:url\" content=\"https:\/\/portableboringmachine.com\/es\/productos\/\" \/>\n<meta property=\"og:site_name\" content=\"Portable Line Boring Machine Manufacturer\" \/>\n<meta property=\"article:publisher\" content=\"https:\/\/www.facebook.com\/portablelineboringmachines\" \/>\n<meta property=\"article:modified_time\" content=\"2024-02-11T14:40:02+00:00\" \/>\n<meta property=\"og:image\" content=\"https:\/\/portableboringmachine.com\/wp-content\/uploads\/2024\/02\/line-boring-machines-turkiye.jpg\" \/>\n\t<meta property=\"og:image:width\" content=\"1290\" \/>\n\t<meta property=\"og:image:height\" content=\"968\" \/>\n\t<meta property=\"og:image:type\" content=\"image\/jpeg\" \/>\n<meta name=\"twitter:label1\" content=\"Tiempo de lectura\" \/>\n\t<meta name=\"twitter:data1\" content=\"6 minutos\" \/>\n<script type=\"application\/ld+json\" class=\"yoast-schema-graph\">{\"@context\":\"https:\/\/schema.org\",\"@graph\":[{\"@type\":\"WebPage\",\"@id\":\"https:\/\/portableboringmachine.com\/es\/productos\/\",\"url\":\"https:\/\/portableboringmachine.com\/es\/productos\/\",\"name\":\"Productos - Portable Line Boring Machine Manufacturer\",\"isPartOf\":{\"@id\":\"https:\/\/portableboringmachine.com\/es\/#website\"},\"primaryImageOfPage\":{\"@id\":\"https:\/\/portableboringmachine.com\/es\/productos\/#primaryimage\"},\"image\":{\"@id\":\"https:\/\/portableboringmachine.com\/es\/productos\/#primaryimage\"},\"thumbnailUrl\":\"https:\/\/portableboringmachine.com\/wp-content\/uploads\/2024\/02\/line-boring-machines-turkiye.jpg\",\"datePublished\":\"2016-01-13T17:48:37+00:00\",\"dateModified\":\"2024-02-11T14:40:02+00:00\",\"description\":\"La m\u00e1quina perforadora de l\u00ednea port\u00e1til viene a reparar excavadoras y otros equipos pesados, seleccionar la m\u00e1quina perforadora de l\u00ednea port\u00e1til adecuada es crucial.\",\"breadcrumb\":{\"@id\":\"https:\/\/portableboringmachine.com\/es\/productos\/#breadcrumb\"},\"inLanguage\":\"es\",\"potentialAction\":[{\"@type\":\"ReadAction\",\"target\":[\"https:\/\/portableboringmachine.com\/es\/productos\/\"]}]},{\"@type\":\"ImageObject\",\"inLanguage\":\"es\",\"@id\":\"https:\/\/portableboringmachine.com\/es\/productos\/#primaryimage\",\"url\":\"https:\/\/portableboringmachine.com\/wp-content\/uploads\/2024\/02\/line-boring-machines-turkiye.jpg\",\"contentUrl\":\"https:\/\/portableboringmachine.com\/wp-content\/uploads\/2024\/02\/line-boring-machines-turkiye.jpg\",\"width\":1290,\"height\":968,\"caption\":\"line-boring-machines-turkiye\"},{\"@type\":\"BreadcrumbList\",\"@id\":\"https:\/\/portableboringmachine.com\/es\/productos\/#breadcrumb\",\"itemListElement\":[{\"@type\":\"ListItem\",\"position\":1,\"name\":\"Home\",\"item\":\"https:\/\/portableboringmachine.com\/es\/portable-line-boring-machines\/\"},{\"@type\":\"ListItem\",\"position\":2,\"name\":\"Productos\"}]},{\"@type\":\"WebSite\",\"@id\":\"https:\/\/portableboringmachine.com\/es\/#website\",\"url\":\"https:\/\/portableboringmachine.com\/es\/\",\"name\":\"Portable Line Boring Machine Manufacturer\",\"description\":\"Portable Line Boring Machine Manufacturer\",\"publisher\":{\"@id\":\"https:\/\/portableboringmachine.com\/es\/#organization\"},\"alternateName\":\"Mobile Boring Machines\",\"potentialAction\":[{\"@type\":\"SearchAction\",\"target\":{\"@type\":\"EntryPoint\",\"urlTemplate\":\"https:\/\/portableboringmachine.com\/es\/?s={search_term_string}\"},\"query-input\":{\"@type\":\"PropertyValueSpecification\",\"valueRequired\":true,\"valueName\":\"search_term_string\"}}],\"inLanguage\":\"es\"},{\"@type\":\"Organization\",\"@id\":\"https:\/\/portableboringmachine.com\/es\/#organization\",\"name\":\"Portable Line Boring Machines\",\"alternateName\":\"Linebortech\",\"url\":\"https:\/\/portableboringmachine.com\/es\/\",\"logo\":{\"@type\":\"ImageObject\",\"inLanguage\":\"es\",\"@id\":\"https:\/\/portableboringmachine.com\/es\/#\/schema\/logo\/image\/\",\"url\":\"https:\/\/portableboringmachine.com\/wp-content\/uploads\/2021\/11\/footer-logo-.png\",\"contentUrl\":\"https:\/\/portableboringmachine.com\/wp-content\/uploads\/2021\/11\/footer-logo-.png\",\"width\":500,\"height\":115,\"caption\":\"Portable Line Boring Machines\"},\"image\":{\"@id\":\"https:\/\/portableboringmachine.com\/es\/#\/schema\/logo\/image\/\"},\"sameAs\":[\"https:\/\/www.facebook.com\/portablelineboringmachines\",\"https:\/\/www.youtube.com\/@portablelineboringmachines\/videos\"]}]}<\/script>\n<!-- \/ Yoast SEO Premium plugin. -->","yoast_head_json":{"title":"Productos - Portable Line Boring Machine Manufacturer","description":"La m\u00e1quina perforadora de l\u00ednea port\u00e1til viene a reparar excavadoras y otros equipos pesados, seleccionar la m\u00e1quina perforadora de l\u00ednea port\u00e1til adecuada es crucial.","robots":{"index":"index","follow":"follow","max-snippet":"max-snippet:-1","max-image-preview":"max-image-preview:large","max-video-preview":"max-video-preview:-1"},"canonical":"https:\/\/portableboringmachine.com\/es\/productos\/","og_locale":"es_ES","og_type":"article","og_title":"Productos","og_description":"La m\u00e1quina perforadora de l\u00ednea port\u00e1til viene a reparar excavadoras y otros equipos pesados, seleccionar la m\u00e1quina perforadora de l\u00ednea port\u00e1til adecuada es crucial.","og_url":"https:\/\/portableboringmachine.com\/es\/productos\/","og_site_name":"Portable Line Boring Machine Manufacturer","article_publisher":"https:\/\/www.facebook.com\/portablelineboringmachines","article_modified_time":"2024-02-11T14:40:02+00:00","og_image":[{"width":1290,"height":968,"url":"https:\/\/portableboringmachine.com\/wp-content\/uploads\/2024\/02\/line-boring-machines-turkiye.jpg","type":"image\/jpeg"}],"twitter_misc":{"Tiempo de lectura":"6 minutos"},"schema":{"@context":"https:\/\/schema.org","@graph":[{"@type":"WebPage","@id":"https:\/\/portableboringmachine.com\/es\/productos\/","url":"https:\/\/portableboringmachine.com\/es\/productos\/","name":"Productos - Portable Line Boring Machine Manufacturer","isPartOf":{"@id":"https:\/\/portableboringmachine.com\/es\/#website"},"primaryImageOfPage":{"@id":"https:\/\/portableboringmachine.com\/es\/productos\/#primaryimage"},"image":{"@id":"https:\/\/portableboringmachine.com\/es\/productos\/#primaryimage"},"thumbnailUrl":"https:\/\/portableboringmachine.com\/wp-content\/uploads\/2024\/02\/line-boring-machines-turkiye.jpg","datePublished":"2016-01-13T17:48:37+00:00","dateModified":"2024-02-11T14:40:02+00:00","description":"La m\u00e1quina perforadora de l\u00ednea port\u00e1til viene a reparar excavadoras y otros equipos pesados, seleccionar la m\u00e1quina perforadora de l\u00ednea port\u00e1til adecuada es crucial.","breadcrumb":{"@id":"https:\/\/portableboringmachine.com\/es\/productos\/#breadcrumb"},"inLanguage":"es","potentialAction":[{"@type":"ReadAction","target":["https:\/\/portableboringmachine.com\/es\/productos\/"]}]},{"@type":"ImageObject","inLanguage":"es","@id":"https:\/\/portableboringmachine.com\/es\/productos\/#primaryimage","url":"https:\/\/portableboringmachine.com\/wp-content\/uploads\/2024\/02\/line-boring-machines-turkiye.jpg","contentUrl":"https:\/\/portableboringmachine.com\/wp-content\/uploads\/2024\/02\/line-boring-machines-turkiye.jpg","width":1290,"height":968,"caption":"line-boring-machines-turkiye"},{"@type":"BreadcrumbList","@id":"https:\/\/portableboringmachine.com\/es\/productos\/#breadcrumb","itemListElement":[{"@type":"ListItem","position":1,"name":"Home","item":"https:\/\/portableboringmachine.com\/es\/portable-line-boring-machines\/"},{"@type":"ListItem","position":2,"name":"Productos"}]},{"@type":"WebSite","@id":"https:\/\/portableboringmachine.com\/es\/#website","url":"https:\/\/portableboringmachine.com\/es\/","name":"Portable Line Boring Machine Manufacturer","description":"Portable Line Boring Machine Manufacturer","publisher":{"@id":"https:\/\/portableboringmachine.com\/es\/#organization"},"alternateName":"Mobile Boring Machines","potentialAction":[{"@type":"SearchAction","target":{"@type":"EntryPoint","urlTemplate":"https:\/\/portableboringmachine.com\/es\/?s={search_term_string}"},"query-input":{"@type":"PropertyValueSpecification","valueRequired":true,"valueName":"search_term_string"}}],"inLanguage":"es"},{"@type":"Organization","@id":"https:\/\/portableboringmachine.com\/es\/#organization","name":"Portable Line Boring Machines","alternateName":"Linebortech","url":"https:\/\/portableboringmachine.com\/es\/","logo":{"@type":"ImageObject","inLanguage":"es","@id":"https:\/\/portableboringmachine.com\/es\/#\/schema\/logo\/image\/","url":"https:\/\/portableboringmachine.com\/wp-content\/uploads\/2021\/11\/footer-logo-.png","contentUrl":"https:\/\/portableboringmachine.com\/wp-content\/uploads\/2021\/11\/footer-logo-.png","width":500,"height":115,"caption":"Portable Line Boring Machines"},"image":{"@id":"https:\/\/portableboringmachine.com\/es\/#\/schema\/logo\/image\/"},"sameAs":["https:\/\/www.facebook.com\/portablelineboringmachines","https:\/\/www.youtube.com\/@portablelineboringmachines\/videos"]}]}},"_links":{"self":[{"href":"https:\/\/portableboringmachine.com\/es\/wp-json\/wp\/v2\/pages\/11366","targetHints":{"allow":["GET"]}}],"collection":[{"href":"https:\/\/portableboringmachine.com\/es\/wp-json\/wp\/v2\/pages"}],"about":[{"href":"https:\/\/portableboringmachine.com\/es\/wp-json\/wp\/v2\/types\/page"}],"author":[{"embeddable":true,"href":"https:\/\/portableboringmachine.com\/es\/wp-json\/wp\/v2\/users\/1"}],"replies":[{"embeddable":true,"href":"https:\/\/portableboringmachine.com\/es\/wp-json\/wp\/v2\/comments?post=11366"}],"version-history":[{"count":0,"href":"https:\/\/portableboringmachine.com\/es\/wp-json\/wp\/v2\/pages\/11366\/revisions"}],"wp:featuredmedia":[{"embeddable":true,"href":"https:\/\/portableboringmachine.com\/es\/wp-json\/wp\/v2\/media\/15385"}],"wp:attachment":[{"href":"https:\/\/portableboringmachine.com\/es\/wp-json\/wp\/v2\/media?parent=11366"}],"curies":[{"name":"wp","href":"https:\/\/api.w.org\/{rel}","templated":true}]}}