{"id":13100,"date":"2015-12-15T07:37:33","date_gmt":"2015-12-15T07:37:33","guid":{"rendered":"https:\/\/portableboringmachine.com\/ueber-uns\/"},"modified":"2023-07-21T12:30:04","modified_gmt":"2023-07-21T12:30:04","slug":"ueber-uns","status":"publish","type":"page","link":"https:\/\/portableboringmachine.com\/de\/ueber-uns\/","title":{"rendered":"\u00dcber uns"},"content":{"rendered":"<section class=\"wpb-content-wrapper\"><p>[vc_row css=&#8221;.vc_custom_1451991003825{margin-bottom: 100px !important;}&#8221;][vc_column offset=&#8221;vc_col-lg-9 vc_col-md-9&#8243;][vc_single_image image=&#8221;3645&#8243; img_size=&#8221;full&#8221;][vc_column_text css=&#8221;.vc_custom_1689675873635{margin-top: 40px !important;}&#8221;]<\/p>\n<h1><strong>Reihenbohr- und Schwei\u00dfmaschinen<\/strong><\/h1>\n<p><em><strong>Firmen\u00fcberblick<\/strong><\/em><\/p>\n<p>LINEBORTECH Machine ist einer der wichtigsten Marktf\u00fchrer im Bereich tragbarer <a href=\"https:\/\/allame.net\/\"><em><strong><u>Reihenbohr- und Schwei\u00dfmaschinen<\/u><\/strong><\/em><\/a> .<br \/>\nMit mehr als 20 Jahren Erfahrung ist unser Unternehmen; Es garantiert Zufriedenheit und Erfolg bei allen Produkten.<br \/>\nAllame Experts besch\u00e4ftigt sich nicht nur mit Reihenbohrmaschinen, sondern auch mit MIG\/MAG-Schwei\u00dfen, elektronischer Automatisierung und Motorsteuerungssystemen.<br \/>\nDa die meisten anderen Maschinenhersteller Einzelfunktionsmaschinen herstellen, bietet unser Unternehmen Multifunktionsmaschinen mit intelligenter Automatisierung f\u00fcr Industrieanwender an.<br \/>\nSeit mehr als 20 Jahren bieten wir durch unsere Arbeit in verwandten Branchen die M\u00f6glichkeit, Antworten auf die Fragen zu geben, mit denen die Industrie konfrontiert ist.<br \/>\nWenn wir unsere Maschinen erleben, stellen wir mit Stolz fest, dass viele Fachleute aus verschiedenen Branchen ihre Vorlieben ge\u00e4ndert haben.<\/p>\n<p>Im Folgenden sind die Vorteile der Verwendung <strong><em>von Reihenbohr- und Schwei\u00dfmaschinen<\/em><\/strong> aufgef\u00fchrt:<br \/>\n\u2022 <strong>Tolle Investition:<\/strong><br \/>\nBei der Bauarbeit kommen zahlreiche Maschinen und Ger\u00e4te zum Einsatz. Die Kosten f\u00fcr diese Maschinen und Ger\u00e4te sind sehr hoch. Die Kosten f\u00fcr diese Bohrmaschinen sind nicht sehr hoch, sodass Sie Ihr Geld problemlos in sie investieren k\u00f6nnen. Es ist langlebig, sodass Sie Ihr Geld dort anlegen k\u00f6nnen. Wenn Sie Ihr Geld in diese Maschine investieren, k\u00f6nnen Sie einen enormen Gewinn erzielen.<br \/>\n\u2022 <strong>Langlebig:<\/strong><br \/>\nDiese Maschine ist langlebig, sodass Sie sie problemlos verwenden k\u00f6nnen. Es ist aus hochwertigem Material gefertigt. Alle Materialien m\u00fcssen zahlreiche Tests bestehen, bevor sie hergestellt werden. Diese Maschine ist sehr einfach zu bedienen, sodass Sie keine besonderen Kenntnisse ben\u00f6tigen, um sie zu bedienen.<br \/>\n\u2022 <strong>Schneller:<\/strong><br \/>\nIm Vergleich zu anderen Maschinen ist es sehr schnell. Sie k\u00f6nnen es ohne technische Erfahrung verwenden.<\/p>\n<p>F\u00fcr weitere Informationen <a href=\"https:\/\/portableboringmachine.com\/de\/kontakt\/\">kontaktieren Sie<\/a> uns![\/vc_column_text][vc_column_text css=&#8221;.vc_custom_1637746562676{margin-bottom: 34px !important;}&#8221;]<\/p>\n<blockquote><p>Dank des Vertrauens unserer Kunden w\u00e4chst das Unternehmen LINEBORTECH Portable Line Boring Machine von Tag zu Tag.<\/p><\/blockquote>\n<p>[\/vc_column_text][vc_row_inner][vc_column_inner width=&#8221;1\/2&#8243;][vc_custom_heading text=&#8221;Unsere Aufgabe&#8221; font_container=&#8221;tag:h4|text_align:left|color:%23222222&#8243; use_theme_fonts=&#8221;yes&#8221; css=&#8221;.vc_custom_1453471528699{margin-bottom: 15px !important;}&#8221; el_class=&#8221;no_stripe&#8221;][vc_column_text]Die tragbare Bohr- und Schwei\u00dfmaschine bietet Ihnen:<\/p>\n<ul>\n<li>Weniger Stunden arbeiten und mehr Geld verdienen.<\/li>\n<li>Stellen Sie gute Ausr\u00fcstung mit guter Qualit\u00e4t und weniger Lohn her.<\/li>\n<li>Verwalten Sie Ihre Zeit, damit Sie mehr Arbeit in k\u00fcrzerer Zeit erledigen k\u00f6nnen.<\/li>\n<li>Linienbohren und Schwei\u00dfen erf\u00fcllt Ihre Anforderungen.<\/li>\n<li>Steigern Sie Ihren Ertrag durch Kostensenkung ohne Einbu\u00dfen bei der Qualit\u00e4t.<\/li>\n<\/ul>\n<p>[\/vc_column_text][\/vc_column_inner][vc_column_inner width=&#8221;1\/2&#8243;][vc_video link=&#8221;https:\/\/www.youtube.com\/embed\/OUcs_4yI6Vw&#8221; el_aspect=&#8221;43&#8243;][\/vc_column_inner][\/vc_row_inner][vc_separator][vc_column_text]<img decoding=\"async\" class=\"wp-image-3682 size-full alignright lazyload\" data-src=\"https:\/\/portableboringmachine.com\/wp-content\/uploads\/2021\/11\/Linebortech-About-Us.jpg\" alt=\"Linebortech \u00dcber uns\" width=\"300\" height=\"225\" src=\"data:image\/svg+xml;base64,PHN2ZyB3aWR0aD0iMSIgaGVpZ2h0PSIxIiB4bWxucz0iaHR0cDovL3d3dy53My5vcmcvMjAwMC9zdmciPjwvc3ZnPg==\" style=\"--smush-placeholder-width: 300px; --smush-placeholder-aspect-ratio: 300\/225;\">Kennen Sie die Branche, in der <em>Linienbohr- und Schwei\u00dfmaschinen<\/em> eingesetzt werden<br \/>\n\u2022 Die Agrarindustrie entdeckt in diesen Gadgets einen Anreiz. In dieser Branche werden sie in verschiedenen Maschinen eingesetzt, darunter Traktoren, Lader und Sammler. Sie werden auch in Anschl\u00fcssen f\u00fcr Traktoren, wasserbetriebenen Holzspaltern und vielem mehr verwendet.<br \/>\n\u2022 Eine weitere Branche, die dieses Segment f\u00fcr ihre Ger\u00e4te nutzt, ist der Baugewerbe. Bagger, Bulldozer, Grabenfr\u00e4sen und deren Verbindungen verf\u00fcgen alle \u00fcber wasserbetriebene F\u00e4sser. Auch die Energiebranche hat die Verwendung dieser Teile entdeckt.<br \/>\n\u2022 Die Linienbohrmaschinen verf\u00fcgen \u00fcber eine Eingangskontrolle und nutzen wasserbetriebene F\u00e4sser. Diese F\u00e4sser machen es m\u00f6glich, den Weg f\u00fcr einen kontrollierten Wasserfluss zu ebnen.<\/p>\n<p><a href=\"https:\/\/portableboringmachine.com\/line-boring-machines\/\"><strong><em>Reihenbohr- und Schwei\u00dfmaschinen<\/em><\/strong><\/a>[\/vc_column_text][vc_video link=&#8221;https:\/\/www.youtube.com\/embed\/kERdKtExTUQ&#8221;][\/vc_column][vc_column width=&#8221;1\/4&#8243;][stm_sidebar sidebar=&#8221;619&#8243;][\/vc_column][\/vc_row][vc_row full_width=&#8221;stretch_row&#8221; el_class=&#8221;third_bg_color&#8221; css=&#8221;.vc_custom_1451889219674{margin-bottom: -60px !important;}&#8221;][vc_column][vc_cta h2=&#8221;Suchen Sie nach der hinsichtlich Preis und Leistung besten Reihenbohrmaschine?&#8221; h2_font_container=&#8221;tag:h2|font_size:20px|text_align:left|color:%23000000|line_height:24px&#8221; h2_use_theme_fonts=&#8221;yes&#8221; shape=&#8221;square&#8221; style=&#8221;flat&#8221; add_button=&#8221;right&#8221; btn_title=&#8221;ein Angebot bekommen&#8221; btn_style=&#8221;flat&#8221; btn_color=&#8221;theme_style_2&#8243; btn_align=&#8221;right&#8221; btn_i_align=&#8221;right&#8221; btn_i_icon_fontawesome=&#8221;fa fa-chevron-right&#8221; particles=&#8221;yes&#8221; use_custom_fonts_h2=&#8221;true&#8221; btn_button_block=&#8221;true&#8221; btn_add_icon=&#8221;true&#8221; el_class=&#8221;third_bg_color&#8221; css=&#8221;.vc_custom_1637223059157{margin-bottom: 0px !important;}&#8221; btn_link=&#8221;url:http%3A%2F%2Fportableboringmachine.com%2Fcontact%2F|&#8221;][\/vc_cta][\/vc_column][\/vc_row]<\/p>\n<\/section>","protected":false},"excerpt":{"rendered":"<p>[vc_row css=&#8221;.vc_custom_1451991003825{margin-bottom: 100px !important;}&#8221;][vc_column offset=&#8221;vc_col-lg-9 vc_col-md-9&#8243;][vc_single_image image=&#8221;3645&#8243; img_size=&#8221;full&#8221;][vc_column_text css=&#8221;.vc_custom_1689675873635{margin-top: 40px !important;}&#8221;] Reihenbohr- und Schwei\u00dfmaschinen Firmen\u00fcberblick LINEBORTECH Machine ist einer der wichtigsten Marktf\u00fchrer im Bereich tragbarer Reihenbohr- und Schwei\u00dfmaschinen . Mit mehr als 20 Jahren Erfahrung ist unser Unternehmen; Es garantiert Zufriedenheit und Erfolg bei allen Produkten. Allame Experts besch\u00e4ftigt sich nicht nur mit Reihenbohrmaschinen, sondern<\/p>\n","protected":false},"author":1,"featured_media":12037,"parent":0,"menu_order":0,"comment_status":"closed","ping_status":"closed","template":"","meta":{"_joinchat":[],"footnotes":""},"class_list":["post-13100","page","type-page","status-publish","has-post-thumbnail","hentry"],"yoast_head":"<!-- This site is optimized with the Yoast SEO Premium plugin v26.6 (Yoast SEO v27.0) - https:\/\/yoast.com\/product\/yoast-seo-premium-wordpress\/ -->\n<title>\u00dcber uns - Portable Line Boring Machine Manufacturer<\/title>\n<meta name=\"description\" content=\"LINEBORTECH Machine ist einer der wichtigsten Marktf\u00fchrer im Bereich tragbarer Bohr- und Schwei\u00dfmaschinen.\" \/>\n<meta name=\"robots\" content=\"index, follow, max-snippet:-1, max-image-preview:large, max-video-preview:-1\" \/>\n<link rel=\"canonical\" href=\"https:\/\/portableboringmachine.com\/de\/ueber-uns\/\" \/>\n<meta property=\"og:locale\" content=\"de_DE\" \/>\n<meta property=\"og:type\" content=\"article\" \/>\n<meta property=\"og:title\" content=\"\u00dcber uns\" \/>\n<meta property=\"og:description\" content=\"LINEBORTECH Machine ist einer der wichtigsten Marktf\u00fchrer im Bereich tragbarer Bohr- und Schwei\u00dfmaschinen.\" \/>\n<meta property=\"og:url\" content=\"https:\/\/portableboringmachine.com\/de\/ueber-uns\/\" \/>\n<meta property=\"og:site_name\" content=\"Portable Line Boring Machine Manufacturer\" \/>\n<meta property=\"article:publisher\" content=\"https:\/\/www.facebook.com\/portablelineboringmachines\" \/>\n<meta property=\"article:modified_time\" content=\"2023-07-21T12:30:04+00:00\" \/>\n<meta property=\"og:image\" content=\"https:\/\/portableboringmachine.com\/wp-content\/uploads\/2016\/01\/Portable-Line-Boring-Machine-BD-40-.jpg\" \/>\n\t<meta property=\"og:image:width\" content=\"800\" \/>\n\t<meta property=\"og:image:height\" content=\"708\" \/>\n\t<meta property=\"og:image:type\" content=\"image\/jpeg\" \/>\n<meta name=\"twitter:label1\" content=\"Gesch\u00e4tzte Lesezeit\" \/>\n\t<meta name=\"twitter:data1\" content=\"4\u00a0Minuten\" \/>\n<script type=\"application\/ld+json\" class=\"yoast-schema-graph\">{\"@context\":\"https:\/\/schema.org\",\"@graph\":[{\"@type\":\"WebPage\",\"@id\":\"https:\/\/portableboringmachine.com\/de\/ueber-uns\/\",\"url\":\"https:\/\/portableboringmachine.com\/de\/ueber-uns\/\",\"name\":\"\u00dcber uns - Portable Line Boring Machine Manufacturer\",\"isPartOf\":{\"@id\":\"https:\/\/portableboringmachine.com\/de\/#website\"},\"primaryImageOfPage\":{\"@id\":\"https:\/\/portableboringmachine.com\/de\/ueber-uns\/#primaryimage\"},\"image\":{\"@id\":\"https:\/\/portableboringmachine.com\/de\/ueber-uns\/#primaryimage\"},\"thumbnailUrl\":\"https:\/\/portableboringmachine.com\/wp-content\/uploads\/2016\/01\/Portable-Line-Boring-Machine-BD-40-.jpg\",\"datePublished\":\"2015-12-15T07:37:33+00:00\",\"dateModified\":\"2023-07-21T12:30:04+00:00\",\"description\":\"LINEBORTECH Machine ist einer der wichtigsten Marktf\u00fchrer im Bereich tragbarer Bohr- und Schwei\u00dfmaschinen.\",\"breadcrumb\":{\"@id\":\"https:\/\/portableboringmachine.com\/de\/ueber-uns\/#breadcrumb\"},\"inLanguage\":\"de\",\"potentialAction\":[{\"@type\":\"ReadAction\",\"target\":[\"https:\/\/portableboringmachine.com\/de\/ueber-uns\/\"]}]},{\"@type\":\"ImageObject\",\"inLanguage\":\"de\",\"@id\":\"https:\/\/portableboringmachine.com\/de\/ueber-uns\/#primaryimage\",\"url\":\"https:\/\/portableboringmachine.com\/wp-content\/uploads\/2016\/01\/Portable-Line-Boring-Machine-BD-40-.jpg\",\"contentUrl\":\"https:\/\/portableboringmachine.com\/wp-content\/uploads\/2016\/01\/Portable-Line-Boring-Machine-BD-40-.jpg\",\"width\":800,\"height\":708},{\"@type\":\"BreadcrumbList\",\"@id\":\"https:\/\/portableboringmachine.com\/de\/ueber-uns\/#breadcrumb\",\"itemListElement\":[{\"@type\":\"ListItem\",\"position\":1,\"name\":\"Home\",\"item\":\"https:\/\/portableboringmachine.com\/de\/heim\/\"},{\"@type\":\"ListItem\",\"position\":2,\"name\":\"\u00dcber uns\"}]},{\"@type\":\"WebSite\",\"@id\":\"https:\/\/portableboringmachine.com\/de\/#website\",\"url\":\"https:\/\/portableboringmachine.com\/de\/\",\"name\":\"Portable Line Boring Machine Manufacturer\",\"description\":\"Portable Line Boring Machine Manufacturer\",\"publisher\":{\"@id\":\"https:\/\/portableboringmachine.com\/de\/#organization\"},\"alternateName\":\"Mobile Boring Machines\",\"potentialAction\":[{\"@type\":\"SearchAction\",\"target\":{\"@type\":\"EntryPoint\",\"urlTemplate\":\"https:\/\/portableboringmachine.com\/de\/?s={search_term_string}\"},\"query-input\":{\"@type\":\"PropertyValueSpecification\",\"valueRequired\":true,\"valueName\":\"search_term_string\"}}],\"inLanguage\":\"de\"},{\"@type\":\"Organization\",\"@id\":\"https:\/\/portableboringmachine.com\/de\/#organization\",\"name\":\"Portable Line Boring Machines\",\"alternateName\":\"Linebortech\",\"url\":\"https:\/\/portableboringmachine.com\/de\/\",\"logo\":{\"@type\":\"ImageObject\",\"inLanguage\":\"de\",\"@id\":\"https:\/\/portableboringmachine.com\/de\/#\/schema\/logo\/image\/\",\"url\":\"https:\/\/portableboringmachine.com\/wp-content\/uploads\/2021\/11\/footer-logo-.png\",\"contentUrl\":\"https:\/\/portableboringmachine.com\/wp-content\/uploads\/2021\/11\/footer-logo-.png\",\"width\":500,\"height\":115,\"caption\":\"Portable Line Boring Machines\"},\"image\":{\"@id\":\"https:\/\/portableboringmachine.com\/de\/#\/schema\/logo\/image\/\"},\"sameAs\":[\"https:\/\/www.facebook.com\/portablelineboringmachines\",\"https:\/\/www.youtube.com\/@portablelineboringmachines\/videos\"]}]}<\/script>\n<!-- \/ Yoast SEO Premium plugin. -->","yoast_head_json":{"title":"\u00dcber uns - Portable Line Boring Machine Manufacturer","description":"LINEBORTECH Machine ist einer der wichtigsten Marktf\u00fchrer im Bereich tragbarer Bohr- und Schwei\u00dfmaschinen.","robots":{"index":"index","follow":"follow","max-snippet":"max-snippet:-1","max-image-preview":"max-image-preview:large","max-video-preview":"max-video-preview:-1"},"canonical":"https:\/\/portableboringmachine.com\/de\/ueber-uns\/","og_locale":"de_DE","og_type":"article","og_title":"\u00dcber uns","og_description":"LINEBORTECH Machine ist einer der wichtigsten Marktf\u00fchrer im Bereich tragbarer Bohr- und Schwei\u00dfmaschinen.","og_url":"https:\/\/portableboringmachine.com\/de\/ueber-uns\/","og_site_name":"Portable Line Boring Machine Manufacturer","article_publisher":"https:\/\/www.facebook.com\/portablelineboringmachines","article_modified_time":"2023-07-21T12:30:04+00:00","og_image":[{"width":800,"height":708,"url":"https:\/\/portableboringmachine.com\/wp-content\/uploads\/2016\/01\/Portable-Line-Boring-Machine-BD-40-.jpg","type":"image\/jpeg"}],"twitter_misc":{"Gesch\u00e4tzte Lesezeit":"4\u00a0Minuten"},"schema":{"@context":"https:\/\/schema.org","@graph":[{"@type":"WebPage","@id":"https:\/\/portableboringmachine.com\/de\/ueber-uns\/","url":"https:\/\/portableboringmachine.com\/de\/ueber-uns\/","name":"\u00dcber uns - Portable Line Boring Machine Manufacturer","isPartOf":{"@id":"https:\/\/portableboringmachine.com\/de\/#website"},"primaryImageOfPage":{"@id":"https:\/\/portableboringmachine.com\/de\/ueber-uns\/#primaryimage"},"image":{"@id":"https:\/\/portableboringmachine.com\/de\/ueber-uns\/#primaryimage"},"thumbnailUrl":"https:\/\/portableboringmachine.com\/wp-content\/uploads\/2016\/01\/Portable-Line-Boring-Machine-BD-40-.jpg","datePublished":"2015-12-15T07:37:33+00:00","dateModified":"2023-07-21T12:30:04+00:00","description":"LINEBORTECH Machine ist einer der wichtigsten Marktf\u00fchrer im Bereich tragbarer Bohr- und Schwei\u00dfmaschinen.","breadcrumb":{"@id":"https:\/\/portableboringmachine.com\/de\/ueber-uns\/#breadcrumb"},"inLanguage":"de","potentialAction":[{"@type":"ReadAction","target":["https:\/\/portableboringmachine.com\/de\/ueber-uns\/"]}]},{"@type":"ImageObject","inLanguage":"de","@id":"https:\/\/portableboringmachine.com\/de\/ueber-uns\/#primaryimage","url":"https:\/\/portableboringmachine.com\/wp-content\/uploads\/2016\/01\/Portable-Line-Boring-Machine-BD-40-.jpg","contentUrl":"https:\/\/portableboringmachine.com\/wp-content\/uploads\/2016\/01\/Portable-Line-Boring-Machine-BD-40-.jpg","width":800,"height":708},{"@type":"BreadcrumbList","@id":"https:\/\/portableboringmachine.com\/de\/ueber-uns\/#breadcrumb","itemListElement":[{"@type":"ListItem","position":1,"name":"Home","item":"https:\/\/portableboringmachine.com\/de\/heim\/"},{"@type":"ListItem","position":2,"name":"\u00dcber uns"}]},{"@type":"WebSite","@id":"https:\/\/portableboringmachine.com\/de\/#website","url":"https:\/\/portableboringmachine.com\/de\/","name":"Portable Line Boring Machine Manufacturer","description":"Portable Line Boring Machine Manufacturer","publisher":{"@id":"https:\/\/portableboringmachine.com\/de\/#organization"},"alternateName":"Mobile Boring Machines","potentialAction":[{"@type":"SearchAction","target":{"@type":"EntryPoint","urlTemplate":"https:\/\/portableboringmachine.com\/de\/?s={search_term_string}"},"query-input":{"@type":"PropertyValueSpecification","valueRequired":true,"valueName":"search_term_string"}}],"inLanguage":"de"},{"@type":"Organization","@id":"https:\/\/portableboringmachine.com\/de\/#organization","name":"Portable Line Boring Machines","alternateName":"Linebortech","url":"https:\/\/portableboringmachine.com\/de\/","logo":{"@type":"ImageObject","inLanguage":"de","@id":"https:\/\/portableboringmachine.com\/de\/#\/schema\/logo\/image\/","url":"https:\/\/portableboringmachine.com\/wp-content\/uploads\/2021\/11\/footer-logo-.png","contentUrl":"https:\/\/portableboringmachine.com\/wp-content\/uploads\/2021\/11\/footer-logo-.png","width":500,"height":115,"caption":"Portable Line Boring Machines"},"image":{"@id":"https:\/\/portableboringmachine.com\/de\/#\/schema\/logo\/image\/"},"sameAs":["https:\/\/www.facebook.com\/portablelineboringmachines","https:\/\/www.youtube.com\/@portablelineboringmachines\/videos"]}]}},"_links":{"self":[{"href":"https:\/\/portableboringmachine.com\/de\/wp-json\/wp\/v2\/pages\/13100","targetHints":{"allow":["GET"]}}],"collection":[{"href":"https:\/\/portableboringmachine.com\/de\/wp-json\/wp\/v2\/pages"}],"about":[{"href":"https:\/\/portableboringmachine.com\/de\/wp-json\/wp\/v2\/types\/page"}],"author":[{"embeddable":true,"href":"https:\/\/portableboringmachine.com\/de\/wp-json\/wp\/v2\/users\/1"}],"replies":[{"embeddable":true,"href":"https:\/\/portableboringmachine.com\/de\/wp-json\/wp\/v2\/comments?post=13100"}],"version-history":[{"count":0,"href":"https:\/\/portableboringmachine.com\/de\/wp-json\/wp\/v2\/pages\/13100\/revisions"}],"wp:featuredmedia":[{"embeddable":true,"href":"https:\/\/portableboringmachine.com\/de\/wp-json\/wp\/v2\/media\/12037"}],"wp:attachment":[{"href":"https:\/\/portableboringmachine.com\/de\/wp-json\/wp\/v2\/media?parent=13100"}],"curies":[{"name":"wp","href":"https:\/\/api.w.org\/{rel}","templated":true}]}}