{"id":12820,"date":"2016-01-13T17:48:37","date_gmt":"2016-01-13T17:48:37","guid":{"rendered":"https:\/\/portableboringmachine.com\/produkte\/"},"modified":"2024-02-11T14:40:00","modified_gmt":"2024-02-11T14:40:00","slug":"produkte","status":"publish","type":"page","link":"https:\/\/portableboringmachine.com\/de\/produkte\/","title":{"rendered":"Produkte"},"content":{"rendered":"<section class=\"wpb-content-wrapper\"><p>[vc_row css=&#8221;.vc_custom_1459506769570{margin-bottom: 100px !important;}&#8221;][vc_column offset=&#8221;vc_col-lg-9 vc_col-md-9&#8243;][vc_column_text]<\/p>\n<h2><strong>LINIENBOHRMASCHINEN-SERIE<\/strong><\/h2>\n<p>[\/vc_column_text][stm_services posts_per_page=&#8221;12&#8243; posts_per_row=&#8221;4&#8243;][vc_column_text]<\/p>\n<h2><strong>Tragbare Linienbohrmaschine<\/strong><\/h2>\n<p>Wenn es um die Reparatur von Baggern und anderen schweren Ger\u00e4ten geht, ist die Auswahl der richtigen tragbaren Reihenbohrmaschine von entscheidender Bedeutung. Eine beliebte Option ist die Reihenbohrmaschine mit Servomotor, die eine pr\u00e4zise Steuerung und elektrische Effizienz bietet. In diesem Artikel besprechen wir, wie Sie das ideale Modell einer tragbaren Reihenbohrmaschine mit Servomotor ausw\u00e4hlen. Wenn Sie die wichtigsten Merkmale und \u00dcberlegungen verstehen, k\u00f6nnen Sie eine fundierte Entscheidung f\u00fcr die Reparatur Ihres Baggers treffen.<\/p>\n<p><strong>Bestimmen Sie den Arbeitsumfang:<\/strong><br \/>\nBevor Sie sich f\u00fcr eine tragbare Reihenbohrmaschine entscheiden, sollten Sie den Umfang der von Ihnen zu erledigenden Arbeiten absch\u00e4tzen. Ber\u00fccksichtigen Sie die Art der Ausr\u00fcstung, die Gr\u00f6\u00dfe der zu reparierenden Bohrungen und die verwendeten Materialien. Diese Bewertung wird Ihnen helfen, die von der Maschine geforderten Spezifikationen und F\u00e4higkeiten zu verstehen.<\/p>\n<p><strong>Stromquelle: Servomotor und Strom:<\/strong><br \/>\n<a href=\"http:\/\/ia.delta-turkey.com\/\"><em>Reihenbohrmaschinen<\/em> mit Servomotor<\/a> arbeiten mit Strom und erm\u00f6glichen eine pr\u00e4zise Steuerung des Bohrvorgangs. Die Stromquelle ist ein wesentlicher Gesichtspunkt, da sie die Leistung, Effizienz und Tragbarkeit der Maschine beeinflusst. Die Entscheidung f\u00fcr eine elektrische Bohrmaschine erm\u00f6glicht einen leiseren Betrieb und eine bessere Kontrolle und eignet sich daher f\u00fcr sensible Umgebungen.<\/p>\n<p><strong>Bohrdurchmesser und -l\u00e4nge:<\/strong><br \/>\nBewerten Sie den maximalen Bohrdurchmesser und die maximale Bohrl\u00e4nge, die die tragbare Reihenbohrmaschine aufnehmen kann. Verschiedene Modelle haben unterschiedliche Kapazit\u00e4ten, und es ist wichtig, eine Maschine zu w\u00e4hlen, die die spezifischen Abmessungen der Bohrungen bew\u00e4ltigen kann, an denen Sie arbeiten. Ber\u00fccksichtigen Sie f\u00fcr die Vielseitigkeit sowohl die Anforderungen an die minimale als auch die maximale Bohrungsgr\u00f6\u00dfe.<\/p>\n<p><strong>Spindeldrehzahl und Drehmoment:<\/strong><br \/>\nDie Drehzahl und das Drehmoment der Spindel bestimmen die Schnittleistung und Effizienz der Maschine. H\u00f6here Drehzahlen bewirken ein schnelleres Schneiden, w\u00e4hrend ein ausreichendes Drehmoment f\u00fcr einen effektiven Materialabtrag sorgt. W\u00e4hlen Sie eine Reihenbohrmaschine mit Servomotor, die f\u00fcr Ihre Reparaturanwendungen ein geeignetes Verh\u00e4ltnis von Geschwindigkeit und Drehmoment bietet.<\/p>\n<p><strong>Bauqualit\u00e4t und Haltbarkeit:<\/strong><br \/>\nUm Langlebigkeit und zuverl\u00e4ssige Leistung zu gew\u00e4hrleisten, ist die Investition in eine langlebige und gut gebaute tragbare Bohrmaschine von entscheidender Bedeutung. Ber\u00fccksichtigen Sie die beim Bau der Maschine verwendeten Materialien, wie z. B. robuste Stahlkomponenten und hochwertige Lager. Eine robuste Maschine h\u00e4lt anspruchsvollen Reparaturaufgaben stand und liefert stets genaue Ergebnisse.<\/p>\n<p><strong>Pr\u00e4zision und Kontrolle:<\/strong><br \/>\nServomotor- <u>Reihenbohrmaschinen<\/u> sind f\u00fcr ihre pr\u00e4zise Steuerung bekannt, die f\u00fcr genaue Reparaturen von entscheidender Bedeutung ist. Achten Sie auf Funktionen wie digitale Anzeigen, einstellbare Vorschubgeschwindigkeiten und Feinabstimmungsoptionen f\u00fcr mehr Pr\u00e4zision. Dadurch erreichen Sie die gew\u00fcnschten Toleranzen und sorgen f\u00fcr optimale Ergebnisse bei Ihrer Baggerreparatur.<\/p>\n<p><strong>Benutzerfreundlichkeit und Portabilit\u00e4t:<\/strong><br \/>\nBer\u00fccksichtigen Sie die Benutzerfreundlichkeit und die Tragbarkeit der tragbaren Reihenbohrmaschine. Achten Sie auf ergonomische Designs, intuitive Bedienelemente und benutzerfreundliche Schnittstellen. Ber\u00fccksichtigen Sie au\u00dferdem das Gewicht und die Gr\u00f6\u00dfe der Maschine, um sicherzustellen, dass sie bei Bedarf problemlos zu verschiedenen Einsatzorten transportiert werden kann.<\/p>\n<p><strong>Ruf und Support des Herstellers:<\/strong><br \/>\nW\u00e4hlen Sie eine tragbare Reihenbohrmaschine von einem renommierten Hersteller mit langj\u00e4hriger Erfahrung in der Herstellung zuverl\u00e4ssiger Ger\u00e4te. Informieren Sie sich \u00fcber Kundenrezensionen, Garantien und Kundendienstangebote des Herstellers. Eine vertrauensw\u00fcrdige Marke sorgt bei Bedarf f\u00fcr eine bessere Produktqualit\u00e4t und zuverl\u00e4ssige Kundenunterst\u00fctzung.<\/p>\n<figure id=\"attachment_3850\" aria-describedby=\"caption-attachment-3850\" style=\"width: 1024px\" class=\"wp-caption alignleft\"><img decoding=\"async\" class=\"size-large wp-image-3850 lazyload\" data-src=\"https:\/\/portableboringmachine.com\/wp-content\/uploads\/2023\/05\/portable-line-boring-machine-1024x683.jpg\" alt=\"tragbare Reihenbohrmaschine\" width=\"1024\" height=\"683\" data-srcset=\"https:\/\/portableboringmachine.com\/wp-content\/uploads\/2023\/05\/portable-line-boring-machine-1024x683.jpg 1024w, https:\/\/portableboringmachine.com\/wp-content\/uploads\/2023\/05\/portable-line-boring-machine-300x200.jpg 300w, https:\/\/portableboringmachine.com\/wp-content\/uploads\/2023\/05\/portable-line-boring-machine-768x512.jpg 768w, https:\/\/portableboringmachine.com\/wp-content\/uploads\/2023\/05\/portable-line-boring-machine-900x600.jpg 900w, https:\/\/portableboringmachine.com\/wp-content\/uploads\/2023\/05\/portable-line-boring-machine.jpg 1200w\" data-sizes=\"(max-width: 1024px) 100vw, 1024px\" src=\"data:image\/svg+xml;base64,PHN2ZyB3aWR0aD0iMSIgaGVpZ2h0PSIxIiB4bWxucz0iaHR0cDovL3d3dy53My5vcmcvMjAwMC9zdmciPjwvc3ZnPg==\" style=\"--smush-placeholder-width: 1024px; --smush-placeholder-aspect-ratio: 1024\/683;\" \/><figcaption id=\"caption-attachment-3850\" class=\"wp-caption-text\">tragbare Reihenbohrmaschine<\/figcaption><\/figure>\n<p>&nbsp;<\/p>\n<p>&nbsp;<\/p>\n<p><a href=\"https:\/\/portableboringmachine.com\/de\/kontakt\/\">Die Auswahl des richtigen Modells einer tragbaren Reihenbohrmaschine<\/a> mit Servomotor f\u00fcr Baggerreparaturen ist entscheidend f\u00fcr effiziente und genaue Ergebnisse. Durch die Ber\u00fccksichtigung von Faktoren wie Stromquelle, Bohrdurchmesser, Spindeldrehzahl, Konstruktionsqualit\u00e4t, Pr\u00e4zision, Benutzerfreundlichkeit und Ruf des Herstellers k\u00f6nnen Sie eine fundierte Entscheidung treffen. Denken Sie daran, die spezifischen Anforderungen Ihrer Reparaturarbeiten zu bewerten und eine Maschine auszuw\u00e4hlen, die Ihren Anforderungen f\u00fcr einen erfolgreichen und produktiven Baggerreparaturprozess entspricht. Mit der richtigen <em><strong>tragbaren Reihenbohrmaschine<\/strong><\/em> k\u00f6nnen Sie einen reibungslosen Betrieb gew\u00e4hrleisten und die Lebensdauer Ihrer schweren Ausr\u00fcstung verl\u00e4ngern.[\/vc_column_text][vc_column_text]<\/p>\n<h5><strong><u>Wof\u00fcr wird eine tragbare Reihenbohrmaschine verwendet?<\/u><\/strong><\/h5>\n<p>Eine Reihenbohrmaschine eignet sich hervorragend zur Ersch\u00f6pfung in den wichtigsten Entwicklungstypen von Ger\u00e4ten, zum Beispiel bei Lastladern und Kr\u00e4nen, da es sich um \u00e4u\u00dferst praktische Hardware handelt. Eine Schleppmaschine ist bahnbrechend, anpassungsf\u00e4hig und einfach zu bedienen und verf\u00fcgt \u00fcber einen druckbetriebenen und pneumatischen Antrieb. Eine Reihenbohrmaschine ist in der Lage, die Bohrungen mithilfe der Au\u00dfenmikrometer und ausgerichteten Innenmikrometer zu quantifizieren.[\/vc_column_text][vc_gallery images=&#8221;3355,3356,3357,3358,3359&#8243;][vc_column_text]<\/p>\n<h5><strong>Die tragbaren Linienbohrmaschinen werden f\u00fcr eine Vielzahl von Aufgaben eingesetzt, darunter einige grundlegende Aspekte<\/strong><\/h5>\n<p>\u2022 Baggerdosen<br \/>\n\u2022 Getriebelager austauschen<br \/>\n\u2022 Stevenrohre und Ruder schw\u00e4chen den Schiffbau<br \/>\n\u2022 Schw\u00e4chendes Blockieren der Antriebswelle<br \/>\n\u2022 Eine Handlung unterst\u00fctzt<br \/>\n\u2022 Drehzapfen<br \/>\n\u2022 Getriebe<br \/>\n&#8211; Turbinenunterk\u00fcnfte in der Energiewirtschaft.[\/vc_column_text][vc_separator][\/vc_column][vc_column width=&#8221;1\/4&#8243; offset=&#8221;vc_hidden-sm vc_hidden-xs&#8221;][stm_sidebar sidebar=&#8221;619&#8243;][\/vc_column][\/vc_row][vc_row][vc_column width=&#8221;1\/2&#8243;][vc_video link=&#8221;https:\/\/www.youtube.com\/embed\/vDnbkt6MrSA?si&#8221; el_aspect=&#8221;43&#8243;][stm_spacing][stm_spacing][\/vc_column][vc_column width=&#8221;1\/2&#8243;][vc_video link=&#8221;https:\/\/www.youtube.com\/embed\/QzQr6N6SWTM?si&#8221; el_aspect=&#8221;43&#8243;][stm_spacing][stm_spacing][\/vc_column][\/vc_row][vc_row full_width=&#8221;stretch_row&#8221; css=&#8221;.vc_custom_1459505959648{margin-bottom: -60px !important;}&#8221; el_class=&#8221;third_bg_color&#8221;][vc_column][vc_cta h2=&#8221;Abh\u00e4ngig von Ihrem Kundenportfolio oder Gesch\u00e4ftsvolumen w\u00e4hlen wir das f\u00fcr Sie am besten geeignete Modell aus.&#8221; h2_font_container=&#8221;tag:h2|font_size:20px|text_align:left|color:%23ffffff|line_height:24px&#8221; h2_use_theme_fonts=&#8221;yes&#8221; style=&#8221;outline&#8221; add_button=&#8221;right&#8221; btn_title=&#8221;ein Angebot bekommen&#8221; btn_style=&#8221;flat&#8221; btn_color=&#8221;theme_style_2&#8243; btn_align=&#8221;right&#8221; btn_i_align=&#8221;right&#8221; btn_i_icon_fontawesome=&#8221;stm-nokia_outline&#8221; particles=&#8221;yes&#8221; use_custom_fonts_h2=&#8221;true&#8221; btn_add_icon=&#8221;true&#8221; btn_link=&#8221;url:https%3A%2F%2Fportableboringmachine.com%2Fde%2Fkontakt%2F|&#8221; el_class=&#8221;third_bg_color&#8221; css=&#8221;.vc_custom_1707657151871{margin-bottom: 0px !important;}&#8221;][\/vc_cta][\/vc_column][\/vc_row]<\/p>\n<\/section>","protected":false},"excerpt":{"rendered":"<p>[vc_row css=&#8221;.vc_custom_1459506769570{margin-bottom: 100px !important;}&#8221;][vc_column offset=&#8221;vc_col-lg-9 vc_col-md-9&#8243;][vc_column_text] LINIENBOHRMASCHINEN-SERIE [\/vc_column_text][stm_services posts_per_page=&#8221;12&#8243; posts_per_row=&#8221;4&#8243;][vc_column_text] Tragbare Linienbohrmaschine Wenn es um die Reparatur von Baggern und anderen schweren Ger\u00e4ten geht, ist die Auswahl der richtigen tragbaren Reihenbohrmaschine von entscheidender Bedeutung. Eine beliebte Option ist die Reihenbohrmaschine mit Servomotor, die eine pr\u00e4zise Steuerung und elektrische Effizienz bietet. In diesem Artikel besprechen wir,<\/p>\n","protected":false},"author":1,"featured_media":15382,"parent":0,"menu_order":0,"comment_status":"closed","ping_status":"closed","template":"","meta":{"_joinchat":[],"footnotes":""},"class_list":["post-12820","page","type-page","status-publish","has-post-thumbnail","hentry"],"yoast_head":"<!-- This site is optimized with the Yoast SEO Premium plugin v26.6 (Yoast SEO v27.0) - https:\/\/yoast.com\/product\/yoast-seo-premium-wordpress\/ -->\n<title>Produkte - Portable Line Boring Machine Manufacturer<\/title>\n<meta name=\"description\" content=\"Wenn es um die Reparatur von Baggern und anderen schweren Ger\u00e4ten geht, ist die Auswahl der richtigen tragbaren Bohrmaschine von entscheidender Bedeutung.\" \/>\n<meta name=\"robots\" content=\"index, follow, max-snippet:-1, max-image-preview:large, max-video-preview:-1\" \/>\n<link rel=\"canonical\" href=\"https:\/\/portableboringmachine.com\/de\/produkte\/\" \/>\n<meta property=\"og:locale\" content=\"de_DE\" \/>\n<meta property=\"og:type\" content=\"article\" \/>\n<meta property=\"og:title\" content=\"Produkte\" \/>\n<meta property=\"og:description\" content=\"Wenn es um die Reparatur von Baggern und anderen schweren Ger\u00e4ten geht, ist die Auswahl der richtigen tragbaren Bohrmaschine von entscheidender Bedeutung.\" \/>\n<meta property=\"og:url\" content=\"https:\/\/portableboringmachine.com\/de\/produkte\/\" \/>\n<meta property=\"og:site_name\" content=\"Portable Line Boring Machine Manufacturer\" \/>\n<meta property=\"article:publisher\" content=\"https:\/\/www.facebook.com\/portablelineboringmachines\" \/>\n<meta property=\"article:modified_time\" content=\"2024-02-11T14:40:00+00:00\" \/>\n<meta property=\"og:image\" content=\"https:\/\/portableboringmachine.com\/wp-content\/uploads\/2024\/02\/line-boring-machines-turkiye.jpg\" \/>\n\t<meta property=\"og:image:width\" content=\"1290\" \/>\n\t<meta property=\"og:image:height\" content=\"968\" \/>\n\t<meta property=\"og:image:type\" content=\"image\/jpeg\" \/>\n<meta name=\"twitter:label1\" content=\"Gesch\u00e4tzte Lesezeit\" \/>\n\t<meta name=\"twitter:data1\" content=\"5\u00a0Minuten\" \/>\n<script type=\"application\/ld+json\" class=\"yoast-schema-graph\">{\"@context\":\"https:\/\/schema.org\",\"@graph\":[{\"@type\":\"WebPage\",\"@id\":\"https:\/\/portableboringmachine.com\/de\/produkte\/\",\"url\":\"https:\/\/portableboringmachine.com\/de\/produkte\/\",\"name\":\"Produkte - Portable Line Boring Machine Manufacturer\",\"isPartOf\":{\"@id\":\"https:\/\/portableboringmachine.com\/de\/#website\"},\"primaryImageOfPage\":{\"@id\":\"https:\/\/portableboringmachine.com\/de\/produkte\/#primaryimage\"},\"image\":{\"@id\":\"https:\/\/portableboringmachine.com\/de\/produkte\/#primaryimage\"},\"thumbnailUrl\":\"https:\/\/portableboringmachine.com\/wp-content\/uploads\/2024\/02\/line-boring-machines-turkiye.jpg\",\"datePublished\":\"2016-01-13T17:48:37+00:00\",\"dateModified\":\"2024-02-11T14:40:00+00:00\",\"description\":\"Wenn es um die Reparatur von Baggern und anderen schweren Ger\u00e4ten geht, ist die Auswahl der richtigen tragbaren Bohrmaschine von entscheidender Bedeutung.\",\"breadcrumb\":{\"@id\":\"https:\/\/portableboringmachine.com\/de\/produkte\/#breadcrumb\"},\"inLanguage\":\"de\",\"potentialAction\":[{\"@type\":\"ReadAction\",\"target\":[\"https:\/\/portableboringmachine.com\/de\/produkte\/\"]}]},{\"@type\":\"ImageObject\",\"inLanguage\":\"de\",\"@id\":\"https:\/\/portableboringmachine.com\/de\/produkte\/#primaryimage\",\"url\":\"https:\/\/portableboringmachine.com\/wp-content\/uploads\/2024\/02\/line-boring-machines-turkiye.jpg\",\"contentUrl\":\"https:\/\/portableboringmachine.com\/wp-content\/uploads\/2024\/02\/line-boring-machines-turkiye.jpg\",\"width\":1290,\"height\":968,\"caption\":\"line-boring-machines-turkiye\"},{\"@type\":\"BreadcrumbList\",\"@id\":\"https:\/\/portableboringmachine.com\/de\/produkte\/#breadcrumb\",\"itemListElement\":[{\"@type\":\"ListItem\",\"position\":1,\"name\":\"Home\",\"item\":\"https:\/\/portableboringmachine.com\/de\/heim\/\"},{\"@type\":\"ListItem\",\"position\":2,\"name\":\"Produkte\"}]},{\"@type\":\"WebSite\",\"@id\":\"https:\/\/portableboringmachine.com\/de\/#website\",\"url\":\"https:\/\/portableboringmachine.com\/de\/\",\"name\":\"Portable Line Boring Machine Manufacturer\",\"description\":\"Portable Line Boring Machine Manufacturer\",\"publisher\":{\"@id\":\"https:\/\/portableboringmachine.com\/de\/#organization\"},\"alternateName\":\"Mobile Boring Machines\",\"potentialAction\":[{\"@type\":\"SearchAction\",\"target\":{\"@type\":\"EntryPoint\",\"urlTemplate\":\"https:\/\/portableboringmachine.com\/de\/?s={search_term_string}\"},\"query-input\":{\"@type\":\"PropertyValueSpecification\",\"valueRequired\":true,\"valueName\":\"search_term_string\"}}],\"inLanguage\":\"de\"},{\"@type\":\"Organization\",\"@id\":\"https:\/\/portableboringmachine.com\/de\/#organization\",\"name\":\"Portable Line Boring Machines\",\"alternateName\":\"Linebortech\",\"url\":\"https:\/\/portableboringmachine.com\/de\/\",\"logo\":{\"@type\":\"ImageObject\",\"inLanguage\":\"de\",\"@id\":\"https:\/\/portableboringmachine.com\/de\/#\/schema\/logo\/image\/\",\"url\":\"https:\/\/portableboringmachine.com\/wp-content\/uploads\/2021\/11\/footer-logo-.png\",\"contentUrl\":\"https:\/\/portableboringmachine.com\/wp-content\/uploads\/2021\/11\/footer-logo-.png\",\"width\":500,\"height\":115,\"caption\":\"Portable Line Boring Machines\"},\"image\":{\"@id\":\"https:\/\/portableboringmachine.com\/de\/#\/schema\/logo\/image\/\"},\"sameAs\":[\"https:\/\/www.facebook.com\/portablelineboringmachines\",\"https:\/\/www.youtube.com\/@portablelineboringmachines\/videos\"]}]}<\/script>\n<!-- \/ Yoast SEO Premium plugin. -->","yoast_head_json":{"title":"Produkte - Portable Line Boring Machine Manufacturer","description":"Wenn es um die Reparatur von Baggern und anderen schweren Ger\u00e4ten geht, ist die Auswahl der richtigen tragbaren Bohrmaschine von entscheidender Bedeutung.","robots":{"index":"index","follow":"follow","max-snippet":"max-snippet:-1","max-image-preview":"max-image-preview:large","max-video-preview":"max-video-preview:-1"},"canonical":"https:\/\/portableboringmachine.com\/de\/produkte\/","og_locale":"de_DE","og_type":"article","og_title":"Produkte","og_description":"Wenn es um die Reparatur von Baggern und anderen schweren Ger\u00e4ten geht, ist die Auswahl der richtigen tragbaren Bohrmaschine von entscheidender Bedeutung.","og_url":"https:\/\/portableboringmachine.com\/de\/produkte\/","og_site_name":"Portable Line Boring Machine Manufacturer","article_publisher":"https:\/\/www.facebook.com\/portablelineboringmachines","article_modified_time":"2024-02-11T14:40:00+00:00","og_image":[{"width":1290,"height":968,"url":"https:\/\/portableboringmachine.com\/wp-content\/uploads\/2024\/02\/line-boring-machines-turkiye.jpg","type":"image\/jpeg"}],"twitter_misc":{"Gesch\u00e4tzte Lesezeit":"5\u00a0Minuten"},"schema":{"@context":"https:\/\/schema.org","@graph":[{"@type":"WebPage","@id":"https:\/\/portableboringmachine.com\/de\/produkte\/","url":"https:\/\/portableboringmachine.com\/de\/produkte\/","name":"Produkte - Portable Line Boring Machine Manufacturer","isPartOf":{"@id":"https:\/\/portableboringmachine.com\/de\/#website"},"primaryImageOfPage":{"@id":"https:\/\/portableboringmachine.com\/de\/produkte\/#primaryimage"},"image":{"@id":"https:\/\/portableboringmachine.com\/de\/produkte\/#primaryimage"},"thumbnailUrl":"https:\/\/portableboringmachine.com\/wp-content\/uploads\/2024\/02\/line-boring-machines-turkiye.jpg","datePublished":"2016-01-13T17:48:37+00:00","dateModified":"2024-02-11T14:40:00+00:00","description":"Wenn es um die Reparatur von Baggern und anderen schweren Ger\u00e4ten geht, ist die Auswahl der richtigen tragbaren Bohrmaschine von entscheidender Bedeutung.","breadcrumb":{"@id":"https:\/\/portableboringmachine.com\/de\/produkte\/#breadcrumb"},"inLanguage":"de","potentialAction":[{"@type":"ReadAction","target":["https:\/\/portableboringmachine.com\/de\/produkte\/"]}]},{"@type":"ImageObject","inLanguage":"de","@id":"https:\/\/portableboringmachine.com\/de\/produkte\/#primaryimage","url":"https:\/\/portableboringmachine.com\/wp-content\/uploads\/2024\/02\/line-boring-machines-turkiye.jpg","contentUrl":"https:\/\/portableboringmachine.com\/wp-content\/uploads\/2024\/02\/line-boring-machines-turkiye.jpg","width":1290,"height":968,"caption":"line-boring-machines-turkiye"},{"@type":"BreadcrumbList","@id":"https:\/\/portableboringmachine.com\/de\/produkte\/#breadcrumb","itemListElement":[{"@type":"ListItem","position":1,"name":"Home","item":"https:\/\/portableboringmachine.com\/de\/heim\/"},{"@type":"ListItem","position":2,"name":"Produkte"}]},{"@type":"WebSite","@id":"https:\/\/portableboringmachine.com\/de\/#website","url":"https:\/\/portableboringmachine.com\/de\/","name":"Portable Line Boring Machine Manufacturer","description":"Portable Line Boring Machine Manufacturer","publisher":{"@id":"https:\/\/portableboringmachine.com\/de\/#organization"},"alternateName":"Mobile Boring Machines","potentialAction":[{"@type":"SearchAction","target":{"@type":"EntryPoint","urlTemplate":"https:\/\/portableboringmachine.com\/de\/?s={search_term_string}"},"query-input":{"@type":"PropertyValueSpecification","valueRequired":true,"valueName":"search_term_string"}}],"inLanguage":"de"},{"@type":"Organization","@id":"https:\/\/portableboringmachine.com\/de\/#organization","name":"Portable Line Boring Machines","alternateName":"Linebortech","url":"https:\/\/portableboringmachine.com\/de\/","logo":{"@type":"ImageObject","inLanguage":"de","@id":"https:\/\/portableboringmachine.com\/de\/#\/schema\/logo\/image\/","url":"https:\/\/portableboringmachine.com\/wp-content\/uploads\/2021\/11\/footer-logo-.png","contentUrl":"https:\/\/portableboringmachine.com\/wp-content\/uploads\/2021\/11\/footer-logo-.png","width":500,"height":115,"caption":"Portable Line Boring Machines"},"image":{"@id":"https:\/\/portableboringmachine.com\/de\/#\/schema\/logo\/image\/"},"sameAs":["https:\/\/www.facebook.com\/portablelineboringmachines","https:\/\/www.youtube.com\/@portablelineboringmachines\/videos"]}]}},"_links":{"self":[{"href":"https:\/\/portableboringmachine.com\/de\/wp-json\/wp\/v2\/pages\/12820","targetHints":{"allow":["GET"]}}],"collection":[{"href":"https:\/\/portableboringmachine.com\/de\/wp-json\/wp\/v2\/pages"}],"about":[{"href":"https:\/\/portableboringmachine.com\/de\/wp-json\/wp\/v2\/types\/page"}],"author":[{"embeddable":true,"href":"https:\/\/portableboringmachine.com\/de\/wp-json\/wp\/v2\/users\/1"}],"replies":[{"embeddable":true,"href":"https:\/\/portableboringmachine.com\/de\/wp-json\/wp\/v2\/comments?post=12820"}],"version-history":[{"count":0,"href":"https:\/\/portableboringmachine.com\/de\/wp-json\/wp\/v2\/pages\/12820\/revisions"}],"wp:featuredmedia":[{"embeddable":true,"href":"https:\/\/portableboringmachine.com\/de\/wp-json\/wp\/v2\/media\/15382"}],"wp:attachment":[{"href":"https:\/\/portableboringmachine.com\/de\/wp-json\/wp\/v2\/media?parent=12820"}],"curies":[{"name":"wp","href":"https:\/\/api.w.org\/{rel}","templated":true}]}}