{"id":12819,"date":"2016-01-08T11:28:46","date_gmt":"2016-01-08T11:28:46","guid":{"rendered":"https:\/\/portableboringmachine.com\/schweissgeraete\/"},"modified":"2023-08-05T12:52:36","modified_gmt":"2023-08-05T12:52:36","slug":"schweissgeraete","status":"publish","type":"page","link":"https:\/\/portableboringmachine.com\/de\/schweissgeraete\/","title":{"rendered":"Schwei\u00dfger\u00e4te"},"content":{"rendered":"<section class=\"wpb-content-wrapper\"><p>[vc_row css=&#8221;.vc_custom_1459506798851{margin-bottom: 100px !important;}&#8221;][vc_column offset=&#8221;vc_col-lg-9 vc_col-md-9&#8243;][vc_custom_heading text=&#8221;Linienbohr- und Schwei\u00dfmaschine&#8221; font_container=&#8221;tag:h1|text_align:left&#8221; use_theme_fonts=&#8221;yes&#8221;][vc_column_text css=&#8221;.vc_custom_1690631840545{margin-bottom: 25px !important;}&#8221;]Bei tragbaren <em><strong>Bohr- und Schwei\u00dfmaschinen<\/strong><\/em> ist die Auswahl der richtigen Ausr\u00fcstung entscheidend f\u00fcr die Erzielung pr\u00e4ziser und effizienter Ergebnisse. Unabh\u00e4ngig davon, ob Sie in der Baggerreparatur, im Baugewerbe oder in einer Branche t\u00e4tig sind, in der Bearbeitungen vor Ort erforderlich sind, ist die Investition in eine zuverl\u00e4ssige Reihenbohr- und Schwei\u00dfmaschine unerl\u00e4sslich. In diesem Artikel untersuchen wir die wichtigsten Faktoren, die bei der Auswahl einer tragbaren <em>Bohr-<\/em> <a href=\"https:\/\/portableboringmachine.com\/service\/portable-line-boring-welding-machine-bd-40\/\"><em>und Schwei\u00dfmaschine<\/em><\/a> zu ber\u00fccksichtigen sind, die Ihren spezifischen Anforderungen entspricht.<\/p>\n<ol>\n<li><strong>Bearbeitungsm\u00f6glichkeiten:<\/strong><\/li>\n<\/ol>\n<p>Eine der wichtigsten \u00dcberlegungen bei der Auswahl einer Reihenbohr- und Schwei\u00dfmaschine ist deren Bearbeitungskapazit\u00e4t. Die Maschine sollte in der Lage sein, den erforderlichen Durchmesser der Stangenwelle und den Durchmesser der Bohrlochbearbeitung zu bew\u00e4ltigen. Stellen Sie sicher, dass die Spezifikationen der Maschine dem von Ihnen ben\u00f6tigten Gr\u00f6\u00dfenbereich entsprechen und dabei sowohl Bohr- als auch Schwei\u00dfprozesse ber\u00fccksichtigen. \u00dcberpr\u00fcfen Sie au\u00dferdem, ob die Maschine Bohr- und Gewindeschneidfunktionen bietet, da dies ihre Vielseitigkeit weiter steigern kann.<\/p>\n<ol start=\"2\">\n<li><strong>Energiequelle:<\/strong><\/li>\n<\/ol>\n<p>Tragbare Bohr- und Schwei\u00dfmaschinen k\u00f6nnen mit unterschiedlichen Energiequellen betrieben werden, beispielsweise mit Strom oder Hydraulik. Elektrische Maschinen sind aufgrund ihrer Benutzerfreundlichkeit, ihres geringeren Wartungsaufwands und ihrer pr\u00e4zisen Steuerung beliebt. Andererseits bieten hydraulische Maschinen ein hohes Drehmoment und eignen sich gut f\u00fcr schwere Anwendungen. Ber\u00fccksichtigen Sie Ihre spezifischen Anforderungen und die Verf\u00fcgbarkeit von Stromquellen auf Ihrer Baustelle, um die am besten geeignete Option zu ermitteln.<\/p>\n<ol start=\"3\">\n<li><strong>Portabilit\u00e4t und Benutzerfreundlichkeit:<\/strong><\/li>\n<\/ol>\n<p>Der Hauptvorteil tragbarer <u>Bohr- und Schwei\u00dfmaschinen<\/u> ist ihre Mobilit\u00e4t. Suchen Sie nach einer Maschine, die leicht, kompakt und einfach zu transportieren ist. Ber\u00fccksichtigen Sie Merkmale wie ergonomisches Design, schnelle Einrichtung und benutzerfreundliche Bedienelemente, da diese Faktoren zur Gesamteffizienz und zum Komfort der Maschine beitragen. \u00dcberpr\u00fcfen Sie au\u00dferdem, ob die Maschine \u00fcber verstellbare Halterungen und Verl\u00e4ngerungen f\u00fcr verschiedene Durchmesser verf\u00fcgt, um eine gr\u00f6\u00dfere Flexibilit\u00e4t bei Ihren Bearbeitungsvorg\u00e4ngen zu erm\u00f6glichen.<\/p>\n<ol start=\"4\">\n<li><strong>Schwei\u00dftechnik:<\/strong><\/li>\n<\/ol>\n<p>Beim Schwei\u00dfen ist die von der Maschine eingesetzte Schwei\u00dftechnik entscheidend f\u00fcr die Erzielung qualitativ hochwertiger Ergebnisse. Suchen Sie nach Maschinen, die zuverl\u00e4ssige Schwei\u00dftechniken nutzen, beispielsweise das Spiralschwei\u00dfen. Dies gew\u00e4hrleistet starke und langlebige Schwei\u00dfn\u00e4hte, die den Anforderungen der Anwendung standhalten. Ber\u00fccksichtigen Sie die Verf\u00fcgbarkeit verschiedener Brennerkopfgr\u00f6\u00dfen und -verl\u00e4ngerungen, da diese eine Anpassung an unterschiedliche Schwei\u00dfanforderungen erm\u00f6glichen.<\/p>\n<ol start=\"5\">\n<li><strong>Haltbarkeit und Qualit\u00e4t:<\/strong><\/li>\n<\/ol>\n<p>Eine tragbare Bohr- und Schwei\u00dfmaschine ist eine langfristige Investition, daher ist es wichtig, eine Maschine zu w\u00e4hlen, die auf Langlebigkeit ausgelegt ist. Suchen Sie nach Maschinen aus hochwertigen Materialien, die rauen Arbeitsbedingungen standhalten. Sehen Sie sich Kundenrezensionen und Erfahrungsberichte an, um die Haltbarkeit und Zuverl\u00e4ssigkeit der Maschine einzusch\u00e4tzen. Ein seri\u00f6ser Hersteller mit langj\u00e4hriger Erfahrung in der Herstellung zuverl\u00e4ssiger Ger\u00e4te ist immer eine gute Wahl.<\/p>\n<ol start=\"6\">\n<li><strong>Support und Service:<\/strong><\/li>\n<\/ol>\n<p>Ber\u00fccksichtigen Sie abschlie\u00dfend den Support und Service des Herstellers. Suchen Sie nach Unternehmen, die umfassenden Kundensupport bieten, einschlie\u00dflich technischer Unterst\u00fctzung, Ersatzteilverf\u00fcgbarkeit und Garantieabdeckung. Ein zuverl\u00e4ssiger Hersteller stellt sicher, dass Sie Zugriff auf die notwendigen Ressourcen haben, um den reibungslosen Betrieb Ihrer Maschine zu gew\u00e4hrleisten und m\u00f6gliche Probleme umgehend zu beheben.<\/p>\n<p><strong>Fazit \u2013 Reihenbohr- und Schwei\u00dfmaschine:<\/strong><\/p>\n<p>Die Auswahl der richtigen tragbaren Bohr- und Schwei\u00dfmaschine ist f\u00fcr die Erzielung pr\u00e4ziser und effizienter Bearbeitungs- und Schwei\u00dfvorg\u00e4nge vor Ort von entscheidender Bedeutung. Durch die Ber\u00fccksichtigung von Faktoren wie Bearbeitungsf\u00e4higkeiten, Stromquelle, Tragbarkeit, Schwei\u00dftechnologie, Haltbarkeit und Support k\u00f6nnen Sie eine fundierte Entscheidung treffen und eine Maschine ausw\u00e4hlen, die Ihren spezifischen Anforderungen entspricht. Wenn Sie in eine hochwertige Maschine eines renommierten Herstellers investieren, erhalten Sie ein zuverl\u00e4ssiges Werkzeug, das Ihre Produktivit\u00e4t steigert und \u00fcber Jahre hinweg hervorragende Ergebnisse liefert.[\/vc_column_text][vc_single_image image=&#8221;3689&#8243; img_size=&#8221;full&#8221; alignment=&#8221;center&#8221; css=&#8221;.vc_custom_1638346950858{margin-bottom: 45px !important;}&#8221;][vc_custom_heading text=&#8221;Einphasige MIG\/MAG-Schwei\u00dfger\u00e4te&#8221; use_theme_fonts=&#8221;yes&#8221; subtitle=&#8221;monoMIG 200ik | Inverter Technology for Workshops&#8221;][vc_column_text css=&#8221;.vc_custom_1638347072817{margin-bottom: 25px !important;}&#8221;]\u2022 Betrieb mit 1-phasigem 230-V-50\/60-Hz-Netz und Generatoren, vertr\u00e4gt Spannungsschwankungen bis zu 15 %.<br \/>\n\u2022 Aufgrund der Invertertechnologie ist die Energieeffizienz h\u00f6her als bei herk\u00f6mmlichen Maschinen.<br \/>\n\u2022 Hervorragende Schwei\u00dfeigenschaften mit allen Arten von Massiv- und F\u00fclldr\u00e4hten mit CO2 oder Mischgasen. DE, EP-Konnektivit\u00e4t.<br \/>\n\u2022 Schwei\u00dfspannung, Drahtvorschubgeschwindigkeit, Sanftanlauf, Vorgas, Nachgas, R\u00fcckbrand-Timer-Einstellungen und 2\/4-Trigger-Optionen werden angepasst<br \/>\nauf der Frontplatte.<br \/>\n\u2022 Gro\u00dfe Digitalanzeigen zur einfachen \u00dcberwachung der Schwei\u00dfparameter.<br \/>\n\u2022 Manuelle Drahtvorschub- und Gasventiltasten.<br \/>\n\u2022 Spulen mit \u00f8300 mm, \u00f8270 mm und \u00f8200 mm, F\u00e4sser jeder Gr\u00f6\u00dfe und \u00f8100-mm-Spulen mit einer Spulenpistole k\u00f6nnen mit der monoMIG 200ik verwendet werden.<br \/>\n\u2022 Mit megaMIG k\u00f6nnen \u00f8200-mm-Spulen und \u00f8100-mm-Spulen mit einer Spulenpistole verwendet werden.<br \/>\n\u2022 24-V-Wechselstrom-Steckdose f\u00fcr CO2-Gasheizung in monoMIG 200ik.<br \/>\n\u2022 Eingebaute Gasflaschenplattform mit gro\u00dfen R\u00e4dern zur Erleichterung der Mobilit\u00e4t in Werkst\u00e4tten mit monoMIG 200ik.<br \/>\n\u2022 L\u00fcfterk\u00fchlung und thermischer Schutz vor \u00dcberhitzung.<br \/>\n\u2022 Standardzubeh\u00f6r ist im Lieferumfang der Maschine enthalten.[\/vc_column_text][vc_custom_heading text=&#8221;Technische Information&#8221; font_container=&#8221;tag:h3|text_align:left|color:%23222222&#8243; use_theme_fonts=&#8221;yes&#8221; css=&#8221;.vc_custom_1687607227117{margin-bottom: 31px !important;}&#8221;][vc_single_image image=&#8221;3692&#8243; img_size=&#8221;full&#8221;][vc_separator][vc_custom_heading text=&#8221;Industrielle Inverter-MIG\/MAG-Schwei\u00dfger\u00e4te&#8221; use_theme_fonts=&#8221;yes&#8221; subtitle=&#8221;ID 300M | Synergic Inverter Technology for Production&#8221;][vc_single_image image=&#8221;3694&#8243; img_size=&#8221;full&#8221;][vc_column_text css=&#8221;.vc_custom_1690631883502{margin-bottom: 25px !important;}&#8221;]\u2022 Betrieb mit 3-Phasen-400-V-50\/60-Hz-Netzspannung und Generatoren, toleriert Spannungsschwankungen von bis zu 15 %.<br \/>\n\u2022 Hervorragende Schwei\u00dfeigenschaften mit allen Arten von Massiv- und F\u00fclldr\u00e4hten mit CO2 oder Mischgasen.<br \/>\n\u2022 3 Betriebsmodi; Synergisch, intelligent, klassisch. Mit diesen Optionen kann ein Schwei\u00dfer problemlos vom konventionellen zum synergetischen Schwei\u00dfen wechseln.<br \/>\n\u2022 EIN LCD f\u00fcr die Auswahl ALLER Parameter; Ausl\u00f6semodus (2\/4), Drahttyp, Drahtdurchmesser, Gasart und Dicke des Grundmetalls f\u00fcr Synergic Welding und Soft Start,<br \/>\nVorgas-, Nachgas-, R\u00fcckbrand- und Kraterf\u00fcllungs-Timer-Einstellungen als ALLGEMEINE EINSTELLUNGEN.<br \/>\n\u2022 Industrie 4.0-Funktionen wie: OEE, Arc-On-Time-Berichte, WP-Einstellung\/-Steuerung\/-Berichte, Barcode- und RF-Kartenlesung. (Optional)<br \/>\n\u2022 4-Rad-Antriebssystem, bietet eine sehr leistungsstarke Vorschubm\u00f6glichkeit f\u00fcr l\u00e4ngere Brenner und sorgt f\u00fcr weniger Verformung bei weichen Dr\u00e4hten wie Aluminium- und F\u00fclldr\u00e4hten.<br \/>\n\u2022 Die Standardkabelbauml\u00e4nge des separaten Drahtvorschubger\u00e4ts betr\u00e4gt 5 m und kann auf Anfrage auf bis zu 30 m verl\u00e4ngert werden.<br \/>\n\u2022 Die Tasten f\u00fcr die manuelle Drahtzuf\u00fchrung und die Gasventile befinden sich im Inneren des Drahtzuf\u00fchrungsschranks.<br \/>\n\u2022 Es k\u00f6nnen Spulen und Trommeln mit einem Durchmesser von \u00f8300 mm, \u00f8270 mm und \u00f8200 mm jeder Gr\u00f6\u00dfe verwendet werden.<br \/>\n\u2022 24-V-Wechselstrom-Steckdose f\u00fcr CO2-Gasheizung.<br \/>\n\u2022 Stabiler Schwei\u00dfstrom ohne Leistungseinbu\u00dfen durch Stromleitungsschwankungen oder bei langen Schwei\u00df- und Elektrokabeln.<br \/>\n\u2022 Eingebaute Gasflaschenplattform mit gro\u00dfen R\u00e4dern zur Erleichterung der Mobilit\u00e4t in Werkst\u00e4tten.<br \/>\n\u2022L\u00fcfterk\u00fchlung und thermischer Schutz vor \u00dcberhitzung.<br \/>\n\u2022 Wasserk\u00fchleinheit f\u00fcr wassergek\u00fchlte Brenner sorgt f\u00fcr leistungsstarke K\u00fchlung auch in sehr hei\u00dfen Klimazonen. (Wassergek\u00fchlte (W) Modelle)<br \/>\n\u2022 Standardzubeh\u00f6r ist im Lieferumfang der Maschine enthalten.<\/p>\n<p>Das oben als Beispiel aufgef\u00fchrte Schwei\u00dfger\u00e4t ist ein in der T\u00fcrkei hergestelltes Modell und arbeitet im Einklang mit unserem Ger\u00e4t. Um mit unserer <strong>Bohr- und Schwei\u00dfmaschine<\/strong> optimale Schwei\u00dfergebnisse zu erzielen, empfehlen wir Ihnen, mit einer Gas-Metalllichtbogenschwei\u00dfmaschine zu arbeiten, und wir empfehlen Ihnen, eine Maschine mit 250-350-400 Ampere zu verwenden.[\/vc_column_text][vc_single_image image=&#8221;3695&#8243; img_size=&#8221;full&#8221;][vc_cta h2=&#8221;WENN SIE SCHWEISSGER\u00c4TE BESTELLEN M\u00d6CHTEN!&#8221; h2_font_container=&#8221;tag:h2|font_size:20px|text_align:left|color:%23ffffff|line_height:24px&#8221; h2_use_theme_fonts=&#8221;yes&#8221; shape=&#8221;square&#8221; style=&#8221;flat&#8221; add_button=&#8221;right&#8221; btn_title=&#8221;ein Angebot bekommen&#8221; btn_style=&#8221;flat&#8221; btn_color=&#8221;theme_style_2&#8243; btn_align=&#8221;right&#8221; btn_i_align=&#8221;right&#8221; btn_i_icon_fontawesome=&#8221;stm-nokia_outline&#8221; use_custom_fonts_h2=&#8221;true&#8221; btn_add_icon=&#8221;true&#8221; btn_link=&#8221;url:https%3A%2F%2Fportableboringmachine.com%2Fde%2Fkontakt%2F|target:_blank|&#8221; el_class=&#8221;third_bg_color&#8221; css=&#8221;.vc_custom_1691064773409{margin-bottom: 0px !important;}&#8221;][\/vc_cta][\/vc_column][vc_column width=&#8221;1\/4&#8243; offset=&#8221;vc_hidden-sm vc_hidden-xs&#8221;][stm_sidebar sidebar=&#8221;577&#8243;][\/vc_column][\/vc_row][vc_row full_width=&#8221;stretch_row&#8221; css=&#8221;.vc_custom_1459505959648{margin-bottom: -60px !important;}&#8221; el_class=&#8221;third_bg_color&#8221;][vc_column width=&#8221;1\/2&#8243;][vc_cta h2=&#8221;&#8221; h2_font_container=&#8221;tag:h2|font_size:20px|text_align:left|color:%23ffffff|line_height:24px&#8221; h2_use_theme_fonts=&#8221;yes&#8221; shape=&#8221;round&#8221; use_custom_fonts_h2=&#8221;true&#8221; el_class=&#8221;third_bg_color&#8221; css=&#8221;.vc_custom_1691064933458{margin-bottom: 0px !important;}&#8221;]<img decoding=\"async\" class=\"alignleft wp-image-3865 size-full lazyload\" data-src=\"https:\/\/portableboringmachine.com\/wp-content\/uploads\/2023\/06\/line-boring-and-welding-machine.jpg\" alt=\"Reihenbohr- und Schwei\u00dfmaschine\" width=\"557\" height=\"341\" data-srcset=\"https:\/\/portableboringmachine.com\/wp-content\/uploads\/2023\/06\/line-boring-and-welding-machine.jpg 557w, https:\/\/portableboringmachine.com\/wp-content\/uploads\/2023\/06\/line-boring-and-welding-machine-300x184.jpg 300w\" data-sizes=\"(max-width: 557px) 100vw, 557px\" src=\"data:image\/svg+xml;base64,PHN2ZyB3aWR0aD0iMSIgaGVpZ2h0PSIxIiB4bWxucz0iaHR0cDovL3d3dy53My5vcmcvMjAwMC9zdmciPjwvc3ZnPg==\" style=\"--smush-placeholder-width: 557px; --smush-placeholder-aspect-ratio: 557\/341;\" \/>[\/vc_cta][\/vc_column][vc_column width=&#8221;1\/2&#8243;][vc_cta h2=&#8221;&#8221; h2_font_container=&#8221;tag:h2|font_size:20px|text_align:left|color:%23ffffff|line_height:24px&#8221; h2_use_theme_fonts=&#8221;yes&#8221; shape=&#8221;square&#8221; style=&#8221;flat&#8221; use_custom_fonts_h2=&#8221;true&#8221; el_class=&#8221;third_bg_color&#8221; css=&#8221;.vc_custom_1691064987514{margin-bottom: 0px !important;}&#8221;]<img decoding=\"async\" class=\"alignright wp-image-3867 size-full lazyload\" data-src=\"https:\/\/portableboringmachine.com\/wp-content\/uploads\/2023\/06\/line-boring-and-welding-machine-2.jpg\" alt=\"Reihenbohr- und Schwei\u00dfmaschine 2\" width=\"560\" height=\"329\" data-srcset=\"https:\/\/portableboringmachine.com\/wp-content\/uploads\/2023\/06\/line-boring-and-welding-machine-2.jpg 560w, https:\/\/portableboringmachine.com\/wp-content\/uploads\/2023\/06\/line-boring-and-welding-machine-2-300x176.jpg 300w\" data-sizes=\"(max-width: 560px) 100vw, 560px\" src=\"data:image\/svg+xml;base64,PHN2ZyB3aWR0aD0iMSIgaGVpZ2h0PSIxIiB4bWxucz0iaHR0cDovL3d3dy53My5vcmcvMjAwMC9zdmciPjwvc3ZnPg==\" style=\"--smush-placeholder-width: 560px; --smush-placeholder-aspect-ratio: 560\/329;\" \/>[\/vc_cta][\/vc_column][\/vc_row]<\/p>\n<\/section>","protected":false},"excerpt":{"rendered":"<p>[vc_row css=&#8221;.vc_custom_1459506798851{margin-bottom: 100px !important;}&#8221;][vc_column offset=&#8221;vc_col-lg-9 vc_col-md-9&#8243;][vc_custom_heading text=&#8221;Linienbohr- und Schwei\u00dfmaschine&#8221; font_container=&#8221;tag:h1|text_align:left&#8221; use_theme_fonts=&#8221;yes&#8221;][vc_column_text css=&#8221;.vc_custom_1690631840545{margin-bottom: 25px !important;}&#8221;]Bei tragbaren Bohr- und Schwei\u00dfmaschinen ist die Auswahl der richtigen Ausr\u00fcstung entscheidend f\u00fcr die Erzielung pr\u00e4ziser und effizienter Ergebnisse. Unabh\u00e4ngig davon, ob Sie in der Baggerreparatur, im Baugewerbe oder in einer Branche t\u00e4tig sind, in der Bearbeitungen vor Ort erforderlich sind, ist<\/p>\n","protected":false},"author":1,"featured_media":12167,"parent":0,"menu_order":0,"comment_status":"closed","ping_status":"closed","template":"","meta":{"_joinchat":[],"footnotes":""},"class_list":["post-12819","page","type-page","status-publish","has-post-thumbnail","hentry"],"yoast_head":"<!-- This site is optimized with the Yoast SEO Premium plugin v26.6 (Yoast SEO v27.0) - https:\/\/yoast.com\/product\/yoast-seo-premium-wordpress\/ -->\n<title>Linienbohr- und Schwei\u00dfmaschine<\/title>\n<meta name=\"description\" content=\"Bei tragbaren Reihenbohr- und Schwei\u00dfmaschinen ist die Auswahl der richtigen Ausr\u00fcstung entscheidend, um genaue und effiziente Ergebnisse zu erzielen.\" \/>\n<meta name=\"robots\" content=\"index, follow, max-snippet:-1, max-image-preview:large, max-video-preview:-1\" \/>\n<link rel=\"canonical\" href=\"https:\/\/portableboringmachine.com\/de\/schweissgeraete\/\" \/>\n<meta property=\"og:locale\" content=\"de_DE\" \/>\n<meta property=\"og:type\" content=\"article\" \/>\n<meta property=\"og:title\" content=\"Schwei\u00dfger\u00e4te\" \/>\n<meta property=\"og:description\" content=\"Bei tragbaren Reihenbohr- und Schwei\u00dfmaschinen ist die Auswahl der richtigen Ausr\u00fcstung entscheidend, um genaue und effiziente Ergebnisse zu erzielen.\" \/>\n<meta property=\"og:url\" content=\"https:\/\/portableboringmachine.com\/de\/schweissgeraete\/\" \/>\n<meta property=\"og:site_name\" content=\"Portable Line Boring Machine Manufacturer\" \/>\n<meta property=\"article:publisher\" content=\"https:\/\/www.facebook.com\/portablelineboringmachines\" \/>\n<meta property=\"article:modified_time\" content=\"2023-08-05T12:52:36+00:00\" \/>\n<meta property=\"og:image\" content=\"https:\/\/portableboringmachine.com\/wp-content\/uploads\/2023\/06\/line-boring-and-welding-machine.jpg\" \/>\n\t<meta property=\"og:image:width\" content=\"557\" \/>\n\t<meta property=\"og:image:height\" content=\"341\" \/>\n\t<meta property=\"og:image:type\" content=\"image\/jpeg\" \/>\n<meta name=\"twitter:label1\" content=\"Gesch\u00e4tzte Lesezeit\" \/>\n\t<meta name=\"twitter:data1\" content=\"7\u00a0Minuten\" \/>\n<script type=\"application\/ld+json\" class=\"yoast-schema-graph\">{\"@context\":\"https:\/\/schema.org\",\"@graph\":[{\"@type\":\"WebPage\",\"@id\":\"https:\/\/portableboringmachine.com\/de\/schweissgeraete\/\",\"url\":\"https:\/\/portableboringmachine.com\/de\/schweissgeraete\/\",\"name\":\"Linienbohr- und Schwei\u00dfmaschine\",\"isPartOf\":{\"@id\":\"https:\/\/portableboringmachine.com\/de\/#website\"},\"primaryImageOfPage\":{\"@id\":\"https:\/\/portableboringmachine.com\/de\/schweissgeraete\/#primaryimage\"},\"image\":{\"@id\":\"https:\/\/portableboringmachine.com\/de\/schweissgeraete\/#primaryimage\"},\"thumbnailUrl\":\"https:\/\/portableboringmachine.com\/wp-content\/uploads\/2023\/06\/line-boring-and-welding-machine.jpg\",\"datePublished\":\"2016-01-08T11:28:46+00:00\",\"dateModified\":\"2023-08-05T12:52:36+00:00\",\"description\":\"Bei tragbaren Reihenbohr- und Schwei\u00dfmaschinen ist die Auswahl der richtigen Ausr\u00fcstung entscheidend, um genaue und effiziente Ergebnisse zu erzielen.\",\"breadcrumb\":{\"@id\":\"https:\/\/portableboringmachine.com\/de\/schweissgeraete\/#breadcrumb\"},\"inLanguage\":\"de\",\"potentialAction\":[{\"@type\":\"ReadAction\",\"target\":[\"https:\/\/portableboringmachine.com\/de\/schweissgeraete\/\"]}]},{\"@type\":\"ImageObject\",\"inLanguage\":\"de\",\"@id\":\"https:\/\/portableboringmachine.com\/de\/schweissgeraete\/#primaryimage\",\"url\":\"https:\/\/portableboringmachine.com\/wp-content\/uploads\/2023\/06\/line-boring-and-welding-machine.jpg\",\"contentUrl\":\"https:\/\/portableboringmachine.com\/wp-content\/uploads\/2023\/06\/line-boring-and-welding-machine.jpg\",\"width\":557,\"height\":341,\"caption\":\"line boring and welding machine\"},{\"@type\":\"BreadcrumbList\",\"@id\":\"https:\/\/portableboringmachine.com\/de\/schweissgeraete\/#breadcrumb\",\"itemListElement\":[{\"@type\":\"ListItem\",\"position\":1,\"name\":\"Home\",\"item\":\"https:\/\/portableboringmachine.com\/de\/heim\/\"},{\"@type\":\"ListItem\",\"position\":2,\"name\":\"Schwei\u00dfger\u00e4te\"}]},{\"@type\":\"WebSite\",\"@id\":\"https:\/\/portableboringmachine.com\/de\/#website\",\"url\":\"https:\/\/portableboringmachine.com\/de\/\",\"name\":\"Portable Line Boring Machine Manufacturer\",\"description\":\"Portable Line Boring Machine Manufacturer\",\"publisher\":{\"@id\":\"https:\/\/portableboringmachine.com\/de\/#organization\"},\"alternateName\":\"Mobile Boring Machines\",\"potentialAction\":[{\"@type\":\"SearchAction\",\"target\":{\"@type\":\"EntryPoint\",\"urlTemplate\":\"https:\/\/portableboringmachine.com\/de\/?s={search_term_string}\"},\"query-input\":{\"@type\":\"PropertyValueSpecification\",\"valueRequired\":true,\"valueName\":\"search_term_string\"}}],\"inLanguage\":\"de\"},{\"@type\":\"Organization\",\"@id\":\"https:\/\/portableboringmachine.com\/de\/#organization\",\"name\":\"Portable Line Boring Machines\",\"alternateName\":\"Linebortech\",\"url\":\"https:\/\/portableboringmachine.com\/de\/\",\"logo\":{\"@type\":\"ImageObject\",\"inLanguage\":\"de\",\"@id\":\"https:\/\/portableboringmachine.com\/de\/#\/schema\/logo\/image\/\",\"url\":\"https:\/\/portableboringmachine.com\/wp-content\/uploads\/2021\/11\/footer-logo-.png\",\"contentUrl\":\"https:\/\/portableboringmachine.com\/wp-content\/uploads\/2021\/11\/footer-logo-.png\",\"width\":500,\"height\":115,\"caption\":\"Portable Line Boring Machines\"},\"image\":{\"@id\":\"https:\/\/portableboringmachine.com\/de\/#\/schema\/logo\/image\/\"},\"sameAs\":[\"https:\/\/www.facebook.com\/portablelineboringmachines\",\"https:\/\/www.youtube.com\/@portablelineboringmachines\/videos\"]}]}<\/script>\n<!-- \/ Yoast SEO Premium plugin. -->","yoast_head_json":{"title":"Linienbohr- und Schwei\u00dfmaschine","description":"Bei tragbaren Reihenbohr- und Schwei\u00dfmaschinen ist die Auswahl der richtigen Ausr\u00fcstung entscheidend, um genaue und effiziente Ergebnisse zu erzielen.","robots":{"index":"index","follow":"follow","max-snippet":"max-snippet:-1","max-image-preview":"max-image-preview:large","max-video-preview":"max-video-preview:-1"},"canonical":"https:\/\/portableboringmachine.com\/de\/schweissgeraete\/","og_locale":"de_DE","og_type":"article","og_title":"Schwei\u00dfger\u00e4te","og_description":"Bei tragbaren Reihenbohr- und Schwei\u00dfmaschinen ist die Auswahl der richtigen Ausr\u00fcstung entscheidend, um genaue und effiziente Ergebnisse zu erzielen.","og_url":"https:\/\/portableboringmachine.com\/de\/schweissgeraete\/","og_site_name":"Portable Line Boring Machine Manufacturer","article_publisher":"https:\/\/www.facebook.com\/portablelineboringmachines","article_modified_time":"2023-08-05T12:52:36+00:00","og_image":[{"width":557,"height":341,"url":"https:\/\/portableboringmachine.com\/wp-content\/uploads\/2023\/06\/line-boring-and-welding-machine.jpg","type":"image\/jpeg"}],"twitter_misc":{"Gesch\u00e4tzte Lesezeit":"7\u00a0Minuten"},"schema":{"@context":"https:\/\/schema.org","@graph":[{"@type":"WebPage","@id":"https:\/\/portableboringmachine.com\/de\/schweissgeraete\/","url":"https:\/\/portableboringmachine.com\/de\/schweissgeraete\/","name":"Linienbohr- und Schwei\u00dfmaschine","isPartOf":{"@id":"https:\/\/portableboringmachine.com\/de\/#website"},"primaryImageOfPage":{"@id":"https:\/\/portableboringmachine.com\/de\/schweissgeraete\/#primaryimage"},"image":{"@id":"https:\/\/portableboringmachine.com\/de\/schweissgeraete\/#primaryimage"},"thumbnailUrl":"https:\/\/portableboringmachine.com\/wp-content\/uploads\/2023\/06\/line-boring-and-welding-machine.jpg","datePublished":"2016-01-08T11:28:46+00:00","dateModified":"2023-08-05T12:52:36+00:00","description":"Bei tragbaren Reihenbohr- und Schwei\u00dfmaschinen ist die Auswahl der richtigen Ausr\u00fcstung entscheidend, um genaue und effiziente Ergebnisse zu erzielen.","breadcrumb":{"@id":"https:\/\/portableboringmachine.com\/de\/schweissgeraete\/#breadcrumb"},"inLanguage":"de","potentialAction":[{"@type":"ReadAction","target":["https:\/\/portableboringmachine.com\/de\/schweissgeraete\/"]}]},{"@type":"ImageObject","inLanguage":"de","@id":"https:\/\/portableboringmachine.com\/de\/schweissgeraete\/#primaryimage","url":"https:\/\/portableboringmachine.com\/wp-content\/uploads\/2023\/06\/line-boring-and-welding-machine.jpg","contentUrl":"https:\/\/portableboringmachine.com\/wp-content\/uploads\/2023\/06\/line-boring-and-welding-machine.jpg","width":557,"height":341,"caption":"line boring and welding machine"},{"@type":"BreadcrumbList","@id":"https:\/\/portableboringmachine.com\/de\/schweissgeraete\/#breadcrumb","itemListElement":[{"@type":"ListItem","position":1,"name":"Home","item":"https:\/\/portableboringmachine.com\/de\/heim\/"},{"@type":"ListItem","position":2,"name":"Schwei\u00dfger\u00e4te"}]},{"@type":"WebSite","@id":"https:\/\/portableboringmachine.com\/de\/#website","url":"https:\/\/portableboringmachine.com\/de\/","name":"Portable Line Boring Machine Manufacturer","description":"Portable Line Boring Machine Manufacturer","publisher":{"@id":"https:\/\/portableboringmachine.com\/de\/#organization"},"alternateName":"Mobile Boring Machines","potentialAction":[{"@type":"SearchAction","target":{"@type":"EntryPoint","urlTemplate":"https:\/\/portableboringmachine.com\/de\/?s={search_term_string}"},"query-input":{"@type":"PropertyValueSpecification","valueRequired":true,"valueName":"search_term_string"}}],"inLanguage":"de"},{"@type":"Organization","@id":"https:\/\/portableboringmachine.com\/de\/#organization","name":"Portable Line Boring Machines","alternateName":"Linebortech","url":"https:\/\/portableboringmachine.com\/de\/","logo":{"@type":"ImageObject","inLanguage":"de","@id":"https:\/\/portableboringmachine.com\/de\/#\/schema\/logo\/image\/","url":"https:\/\/portableboringmachine.com\/wp-content\/uploads\/2021\/11\/footer-logo-.png","contentUrl":"https:\/\/portableboringmachine.com\/wp-content\/uploads\/2021\/11\/footer-logo-.png","width":500,"height":115,"caption":"Portable Line Boring Machines"},"image":{"@id":"https:\/\/portableboringmachine.com\/de\/#\/schema\/logo\/image\/"},"sameAs":["https:\/\/www.facebook.com\/portablelineboringmachines","https:\/\/www.youtube.com\/@portablelineboringmachines\/videos"]}]}},"_links":{"self":[{"href":"https:\/\/portableboringmachine.com\/de\/wp-json\/wp\/v2\/pages\/12819","targetHints":{"allow":["GET"]}}],"collection":[{"href":"https:\/\/portableboringmachine.com\/de\/wp-json\/wp\/v2\/pages"}],"about":[{"href":"https:\/\/portableboringmachine.com\/de\/wp-json\/wp\/v2\/types\/page"}],"author":[{"embeddable":true,"href":"https:\/\/portableboringmachine.com\/de\/wp-json\/wp\/v2\/users\/1"}],"replies":[{"embeddable":true,"href":"https:\/\/portableboringmachine.com\/de\/wp-json\/wp\/v2\/comments?post=12819"}],"version-history":[{"count":0,"href":"https:\/\/portableboringmachine.com\/de\/wp-json\/wp\/v2\/pages\/12819\/revisions"}],"wp:featuredmedia":[{"embeddable":true,"href":"https:\/\/portableboringmachine.com\/de\/wp-json\/wp\/v2\/media\/12167"}],"wp:attachment":[{"href":"https:\/\/portableboringmachine.com\/de\/wp-json\/wp\/v2\/media?parent=12819"}],"curies":[{"name":"wp","href":"https:\/\/api.w.org\/{rel}","templated":true}]}}